{"id":43711,"date":"2018-06-19T14:24:14","date_gmt":"2018-06-19T12:24:14","guid":{"rendered":"http:\/\/www.libraria-occitana.org\/?post_type=product&#038;p=43711"},"modified":"2025-03-09T00:08:24","modified_gmt":"2025-03-08T23:08:24","slug":"beton-arme","status":"publish","type":"product","link":"https:\/\/www.libraria-occitana.org\/en\/product\/beton-arme\/","title":{"rendered":"B\u00e9ton arm\u00e9"},"content":{"rendered":"<p>Jean Prugnot (1907-1980) fut l&#8217;un des plus grands amis d&#8217;Henry Poulaille et un ardent d\u00e9fenseur de la litt\u00e9rature prol\u00e9tarienne \u00e0 travers de multiples articles \u2013 dont nous avons rassembl\u00e9 en 2016 une tr\u00e8s large s\u00e9lection sous le titre <em>Des voix ouvri\u00e8res<\/em>. Il n&#8217;avait lui-m\u00eame publi\u00e9 qu&#8217;un seul roman, d&#8217;abord paru en 1937 en feuilleton dans <em>Le Peuple<\/em> puis repris en volume en 1946 chez Grasset, le pr\u00e9sent, <em>B\u00e9ton arm\u00e9<\/em>.<\/p>\n<p>Il s&#8217;agit tout \u00e0 la fois de la description minutieuse de la vie quotidienne d&#8217;un grand chantier et de l&#8217;autobiographie d&#8217;une p\u00e9riode de la vie de l&#8217;auteur, alors que muni de dipl\u00f4mes d&#8217;ing\u00e9nieur \u00e9lectricien, dans une \u00e9poque d&#8217;intense ch\u00f4mage, il ne put trouver qu&#8217;un emploi de chef d&#8217;\u00e9quipe sur l&#8217;un des sites de la ligne Maginot. Ce n&#8217;est donc pas le livre d&#8217;un ouvrier au sens strict du terme, mais c&#8217;est bien celui d&#8217;un travailleur et d&#8217;un exploit\u00e9 qui est pr\u00e9sent\u00e9 ici dans un style vivant, et sans concession \u00e0 aucun des protagonistes de cette com\u00e9die dont l&#8217;inutilit\u00e9 a \u00e9t\u00e9 d\u00e9montr\u00e9e par les \u00e9v\u00e9nements historiques qui ont suivi. Tout cela est emport\u00e9 dans un souffle humaniste exceptionnel.<\/p>\n<p>Prugnot excelle dans les descriptions des personnages et des situations autant que dans celles des paysages et de l&#8217;environnement, litt\u00e9ralement viol\u00e9s par la r\u00e9alisation de ce projet m\u00e9galomaniaque o\u00f9 s&#8217;inscrivirent souterrainement \u2013 c&#8217;est le cas de le dire \u2013 tous les plus sordides int\u00e9r\u00eats industriels et financiers, au m\u00e9pris du plus \u00e9l\u00e9mentaire respect humain. Le personnage central de ce livre ne joue pas ce jeu, ce qui lui vaudra d&#8217;\u00eatre \u00e9vinc\u00e9 et son auteur renvoy\u00e9 au ch\u00f4mage durant deux ann\u00e9es qu&#8217;il occupa en partie \u00e0 l&#8217;\u00e9criture de cette m\u00e9saventure violente et absurde en chacune de ses p\u00e9rip\u00e9ties.<\/p>\n<p>Prugnot, qui a milit\u00e9 pour la cause ouvri\u00e8re tout au long de sa vie, apr\u00e8s avoir \u00e9t\u00e9 quelques ann\u00e9es postier, trouva ensuite un emploi stable dans une coop\u00e9rative ouvri\u00e8re de production.<\/p>\n","protected":false},"excerpt":{"rendered":"<p>Jean Prugnot (1907-1980) fut l&#8217;un des plus grands amis d&#8217;Henry Poulaille et un ardent d\u00e9fenseur de la litt\u00e9rature prol\u00e9tarienne \u00e0 travers de multiples articles \u2013 dont nous avons rassembl\u00e9 en 2016 une tr\u00e8s large s\u00e9lection sous le titre Des voix ouvri\u00e8res. Il n&#8217;avait lui-m\u00eame publi\u00e9 qu&#8217;un seul roman, d&#8217;abord paru en 1937 en feuilleton dans [&hellip;]<\/p>\n","protected":false},"featured_media":43709,"template":"","meta":{"_acf_changed":false,"_genesis_hide_title":false,"_genesis_hide_breadcrumbs":false,"_genesis_hide_singular_image":false,"_genesis_hide_footer_widgets":false,"_genesis_custom_body_class":"","_genesis_custom_post_class":"","_genesis_layout":""},"product_brand":[],"product_cat":[7132,7174,7182,7186],"product_tag":[],"class_list":{"0":"post-43711","1":"product","2":"type-product","3":"status-publish","4":"has-post-thumbnail","6":"product_cat-books","7":"product_cat-literature-en","8":"product_cat-novels-short-stories-en","9":"product_cat-personal-narratives-memoirs-en","10":"pa_auteur-prugnot-jean-en","11":"pa_editeur-plein-chant-en","12":"pa_langue-francais-en","13":"entry","15":"first","16":"outofstock","17":"shipping-taxable","18":"purchasable","19":"product-type-simple"},"acf":[],"_links":{"self":[{"href":"https:\/\/www.libraria-occitana.org\/en\/wp-json\/wp\/v2\/product\/43711","targetHints":{"allow":["GET"]}}],"collection":[{"href":"https:\/\/www.libraria-occitana.org\/en\/wp-json\/wp\/v2\/product"}],"about":[{"href":"https:\/\/www.libraria-occitana.org\/en\/wp-json\/wp\/v2\/types\/product"}],"wp:featuredmedia":[{"embeddable":true,"href":"https:\/\/www.libraria-occitana.org\/en\/wp-json\/wp\/v2\/media\/43709"}],"wp:attachment":[{"href":"https:\/\/www.libraria-occitana.org\/en\/wp-json\/wp\/v2\/media?parent=43711"}],"wp:term":[{"taxonomy":"product_brand","embeddable":true,"href":"https:\/\/www.libraria-occitana.org\/en\/wp-json\/wp\/v2\/product_brand?post=43711"},{"taxonomy":"product_cat","embeddable":true,"href":"https:\/\/www.libraria-occitana.org\/en\/wp-json\/wp\/v2\/product_cat?post=43711"},{"taxonomy":"product_tag","embeddable":true,"href":"https:\/\/www.libraria-occitana.org\/en\/wp-json\/wp\/v2\/product_tag?post=43711"}],"curies":[{"name":"wp","href":"https:\/\/api.w.org\/{rel}","templated":true}]}}