{"id":43751,"date":"2017-09-19T15:07:06","date_gmt":"2017-09-19T13:07:06","guid":{"rendered":"http:\/\/www.libraria-occitana.org\/?post_type=product&#038;p=43751"},"modified":"2025-03-09T01:38:27","modified_gmt":"2025-03-09T00:38:27","slug":"passage-a-niveau","status":"publish","type":"product","link":"https:\/\/www.libraria-occitana.org\/en\/product\/passage-a-niveau\/","title":{"rendered":"Passage \u00e0 niveau"},"content":{"rendered":"<p>Une famille o\u00f9 le p\u00e8re est souvent malade, o\u00f9 les gosses trop nombreux v\u00e9g\u00e8tent, o\u00f9 la m\u00e8re trime du matin au soir. Dans ce bourg, un ch\u00e2telain vaniteux et f\u00e9roce, des bourgeois \u00e9go\u00efstes et cossus. Toujours la m\u00eame aventure pitoyable qui recommence : hivers sans feu, parfois sans pain, \u00e9t\u00e9s sans joies. \u00c0 cette morne existence il n\u2019y a d\u2019horizon que la mort ; ou Paris qui, \u00e0 cette \u00e9poque, apparaissait comme une esp\u00e8ce de paradis. Si le p\u00e8re Beauceron cr\u00e8ve mis\u00e9rablement sur sa terre, le fils : Beauceron p\u00e9san Beauceron zoulou, comme il s\u2019appelle, arrive un jour dans la capitale. Il est jeune, mais a l\u2019habitude de la mis\u00e8re ; il sait que les gars de son esp\u00e8ce ne font pas plus fortune \u00e0 Paris qu\u2019en province. Toutefois, sa vie change. Il rencontre de vrais hommes, un ouvrier qui sera tu\u00e9 dans une gr\u00e8ve, des camarades dont l\u2019esprit n\u2019est pas born\u00e9, et puis une femme qui n\u2019est pas une b\u00eate de somme ainsi que tant de pauvres paysannes. Un jour, il retournera au pays. S\u2019il accepte d\u2019y vivre ce sera comme un petit artisan serrurier, et avec la certitude de ne jamais oublier ses camarades de lutte.<\/p>\n","protected":false},"excerpt":{"rendered":"<p>Une famille o\u00f9 le p\u00e8re est souvent malade, o\u00f9 les gosses trop nombreux v\u00e9g\u00e8tent, o\u00f9 la m\u00e8re trime du matin au soir. Dans ce bourg, un ch\u00e2telain vaniteux et f\u00e9roce, des bourgeois \u00e9go\u00efstes et cossus. Toujours la m\u00eame aventure pitoyable qui recommence : hivers sans feu, parfois sans pain, \u00e9t\u00e9s sans joies. \u00c0 cette morne [&hellip;]<\/p>\n","protected":false},"featured_media":43749,"template":"","meta":{"_acf_changed":false,"_genesis_hide_title":false,"_genesis_hide_breadcrumbs":false,"_genesis_hide_singular_image":false,"_genesis_hide_footer_widgets":false,"_genesis_custom_body_class":"","_genesis_custom_post_class":"","_genesis_layout":""},"product_brand":[],"product_cat":[7132,7174,7182],"product_tag":[],"class_list":{"0":"post-43751","1":"product","2":"type-product","3":"status-publish","4":"has-post-thumbnail","6":"product_cat-books","7":"product_cat-literature-en","8":"product_cat-novels-short-stories-en","9":"pa_auteur-david-georges-en","10":"pa_editeur-plein-chant-en","11":"pa_langue-francais-en","12":"entry","14":"first","15":"outofstock","16":"shipping-taxable","17":"purchasable","18":"product-type-simple"},"acf":[],"_links":{"self":[{"href":"https:\/\/www.libraria-occitana.org\/en\/wp-json\/wp\/v2\/product\/43751","targetHints":{"allow":["GET"]}}],"collection":[{"href":"https:\/\/www.libraria-occitana.org\/en\/wp-json\/wp\/v2\/product"}],"about":[{"href":"https:\/\/www.libraria-occitana.org\/en\/wp-json\/wp\/v2\/types\/product"}],"wp:featuredmedia":[{"embeddable":true,"href":"https:\/\/www.libraria-occitana.org\/en\/wp-json\/wp\/v2\/media\/43749"}],"wp:attachment":[{"href":"https:\/\/www.libraria-occitana.org\/en\/wp-json\/wp\/v2\/media?parent=43751"}],"wp:term":[{"taxonomy":"product_brand","embeddable":true,"href":"https:\/\/www.libraria-occitana.org\/en\/wp-json\/wp\/v2\/product_brand?post=43751"},{"taxonomy":"product_cat","embeddable":true,"href":"https:\/\/www.libraria-occitana.org\/en\/wp-json\/wp\/v2\/product_cat?post=43751"},{"taxonomy":"product_tag","embeddable":true,"href":"https:\/\/www.libraria-occitana.org\/en\/wp-json\/wp\/v2\/product_tag?post=43751"}],"curies":[{"name":"wp","href":"https:\/\/api.w.org\/{rel}","templated":true}]}}