{"id":43757,"date":"2018-09-19T15:11:01","date_gmt":"2018-09-19T13:11:01","guid":{"rendered":"http:\/\/www.libraria-occitana.org\/?post_type=product&#038;p=43757"},"modified":"2025-03-09T00:24:07","modified_gmt":"2025-03-08T23:24:07","slug":"cure-bissac","status":"publish","type":"product","link":"https:\/\/www.libraria-occitana.org\/en\/product\/cure-bissac\/","title":{"rendered":"Cure-Bissac"},"content":{"rendered":"<p>Cure-Bissac : entendez Cr\u00e8ve-la-Faim, qui ne peut vivre qu\u2019en raclant jusqu\u2019\u00e0 la derni\u00e8re miette le fond de sa besace. Ce fut d\u2019abord le sobriquet de D\u00e9sir\u00e9 Simoneau, figure tut\u00e9laire de m\u00e9n\u00e9trier pauvre et boh\u00e8me. Son petit-fils, \u00c9lie \u2013 lui-m\u00eame t\u00e2cheron et violoneux dans les noces, \u00e9lu directeur de la musique municipale \u2013 transposera l\u2019existence chaotique mais libre de son grand-p\u00e8re dans une symphonie \u00e0 sa gloire et \u00e0 la gloire de tous les siens, \u00ab culs-terreux, mangeux d\u2019ail \u00bb, symphonie rustique qu\u2019il intitulera simplement <em>Cure-Bissac<\/em>. Cela n\u2019ira pas sans al\u00e9as face aux moqueries des notables de Richelieu, la petite ville de Touraine o\u00f9 l\u2019action se d\u00e9roule, et \u00e0 l\u2019incompr\u00e9hension de sa propre classe. Il sera cependant encourag\u00e9 et soutenu dans son projet un peu fou par un personnage haut en couleur, noble ruin\u00e9 au franc-parler savoureux, tout acquis \u00e0 sa cause.<\/p>\n<p>L&#8217;auteur, Georges David, dont Plein Chant a publi\u00e9 <em>Passage \u00e0 niveau<\/em> en 2017 (il parut en 1935, <em>Cure-Bissac<\/em> en 1930), lui-m\u00eame musicien, excellent cornettiste, fut le chef de musique, durant l&#8217;entre-deux-guerres, de l&#8217;Harmonie municipale de Mirebeau-en-Poitou, o\u00f9 il exer\u00e7ait la profession d&#8217;horloger. On devine dans ce roman, par ailleurs minutieux document sur la vie provinciale autour de 1900, une belle part d&#8217;autobiographie, une fable aussi, quelque peu am\u00e8re, sur ce que peut devenir une vocation individuelle face aux dures r\u00e9alit\u00e9s sociales.<\/p>\n","protected":false},"excerpt":{"rendered":"<p>Cure-Bissac : entendez Cr\u00e8ve-la-Faim, qui ne peut vivre qu\u2019en raclant jusqu\u2019\u00e0 la derni\u00e8re miette le fond de sa besace. Ce fut d\u2019abord le sobriquet de D\u00e9sir\u00e9 Simoneau, figure tut\u00e9laire de m\u00e9n\u00e9trier pauvre et boh\u00e8me. Son petit-fils, \u00c9lie \u2013 lui-m\u00eame t\u00e2cheron et violoneux dans les noces, \u00e9lu directeur de la musique municipale \u2013 transposera l\u2019existence chaotique [&hellip;]<\/p>\n","protected":false},"featured_media":43755,"template":"","meta":{"_acf_changed":false,"_genesis_hide_title":false,"_genesis_hide_breadcrumbs":false,"_genesis_hide_singular_image":false,"_genesis_hide_footer_widgets":false,"_genesis_custom_body_class":"","_genesis_custom_post_class":"","_genesis_layout":""},"product_brand":[],"product_cat":[7132,7174,7182],"product_tag":[],"class_list":{"0":"post-43757","1":"product","2":"type-product","3":"status-publish","4":"has-post-thumbnail","6":"product_cat-books","7":"product_cat-literature-en","8":"product_cat-novels-short-stories-en","9":"pa_auteur-david-georges-en","10":"pa_editeur-plein-chant-en","11":"pa_langue-autras-lingas-en","12":"pa_langue-francais-en","13":"entry","15":"first","16":"outofstock","17":"shipping-taxable","18":"purchasable","19":"product-type-simple"},"acf":[],"_links":{"self":[{"href":"https:\/\/www.libraria-occitana.org\/en\/wp-json\/wp\/v2\/product\/43757","targetHints":{"allow":["GET"]}}],"collection":[{"href":"https:\/\/www.libraria-occitana.org\/en\/wp-json\/wp\/v2\/product"}],"about":[{"href":"https:\/\/www.libraria-occitana.org\/en\/wp-json\/wp\/v2\/types\/product"}],"wp:featuredmedia":[{"embeddable":true,"href":"https:\/\/www.libraria-occitana.org\/en\/wp-json\/wp\/v2\/media\/43755"}],"wp:attachment":[{"href":"https:\/\/www.libraria-occitana.org\/en\/wp-json\/wp\/v2\/media?parent=43757"}],"wp:term":[{"taxonomy":"product_brand","embeddable":true,"href":"https:\/\/www.libraria-occitana.org\/en\/wp-json\/wp\/v2\/product_brand?post=43757"},{"taxonomy":"product_cat","embeddable":true,"href":"https:\/\/www.libraria-occitana.org\/en\/wp-json\/wp\/v2\/product_cat?post=43757"},{"taxonomy":"product_tag","embeddable":true,"href":"https:\/\/www.libraria-occitana.org\/en\/wp-json\/wp\/v2\/product_tag?post=43757"}],"curies":[{"name":"wp","href":"https:\/\/api.w.org\/{rel}","templated":true}]}}