{"id":43781,"date":"2013-03-19T15:25:27","date_gmt":"2013-03-19T14:25:27","guid":{"rendered":"http:\/\/www.libraria-occitana.org\/?post_type=product&#038;p=43781"},"modified":"2026-04-29T10:36:02","modified_gmt":"2026-04-29T08:36:02","slug":"parc-naturel-regional-perigord-limousin","status":"publish","type":"product","link":"https:\/\/www.libraria-occitana.org\/en\/product\/parc-naturel-regional-perigord-limousin\/","title":{"rendered":"Parc naturel r\u00e9gional P\u00e9rigord-Limousin"},"content":{"rendered":"<p>Aux marches occidentales du Massif Central et tourn\u00e9 au sud vers la douceur Aquitaine, le territoire du Parc naturel r\u00e9gional P\u00e9rigord-Limousin est \u00e0 cheval sur 2 d\u00e9partements (Dordogne, Haute-Vienne) et sur 2 r\u00e9gions (Aquitaine, Limousin).<br \/>\nSix villes-portes de caract\u00e8re encadrent son territoire : Saint-Junien, Aixe-sur-Vienne, Nexon, Saint-Yrieix-la-Perche, Thiviers, Brant\u00f4me.<\/p>\n","protected":false},"excerpt":{"rendered":"<p>Aux marches occidentales du Massif Central et tourn\u00e9 au sud vers la douceur Aquitaine, le territoire du Parc naturel r\u00e9gional P\u00e9rigord-Limousin est \u00e0 cheval sur 2 d\u00e9partements (Dordogne, Haute-Vienne) et sur 2 r\u00e9gions (Aquitaine, Limousin). Six villes-portes de caract\u00e8re encadrent son territoire : Saint-Junien, Aixe-sur-Vienne, Nexon, Saint-Yrieix-la-Perche, Thiviers, Brant\u00f4me.<\/p>\n","protected":false},"featured_media":43779,"template":"","meta":{"_acf_changed":false,"_genesis_hide_title":false,"_genesis_hide_breadcrumbs":false,"_genesis_hide_singular_image":false,"_genesis_hide_footer_widgets":false,"_genesis_custom_body_class":"","_genesis_custom_post_class":"","_genesis_layout":""},"product_brand":[],"product_cat":[7132,7198,7196],"product_tag":[],"class_list":{"0":"post-43781","1":"product","2":"type-product","3":"status-publish","4":"has-post-thumbnail","6":"product_cat-books","7":"product_cat-guides-tourism-en","8":"product_cat-nature-tourism-en","9":"pa_auteur-collectiu-en-2","10":"pa_editeur-chamina-edition-en","11":"pa_langue-francais-en","12":"entry","14":"first","15":"outofstock","16":"shipping-taxable","17":"purchasable","18":"product-type-simple"},"acf":[],"_links":{"self":[{"href":"https:\/\/www.libraria-occitana.org\/en\/wp-json\/wp\/v2\/product\/43781","targetHints":{"allow":["GET"]}}],"collection":[{"href":"https:\/\/www.libraria-occitana.org\/en\/wp-json\/wp\/v2\/product"}],"about":[{"href":"https:\/\/www.libraria-occitana.org\/en\/wp-json\/wp\/v2\/types\/product"}],"wp:featuredmedia":[{"embeddable":true,"href":"https:\/\/www.libraria-occitana.org\/en\/wp-json\/wp\/v2\/media\/43779"}],"wp:attachment":[{"href":"https:\/\/www.libraria-occitana.org\/en\/wp-json\/wp\/v2\/media?parent=43781"}],"wp:term":[{"taxonomy":"product_brand","embeddable":true,"href":"https:\/\/www.libraria-occitana.org\/en\/wp-json\/wp\/v2\/product_brand?post=43781"},{"taxonomy":"product_cat","embeddable":true,"href":"https:\/\/www.libraria-occitana.org\/en\/wp-json\/wp\/v2\/product_cat?post=43781"},{"taxonomy":"product_tag","embeddable":true,"href":"https:\/\/www.libraria-occitana.org\/en\/wp-json\/wp\/v2\/product_tag?post=43781"}],"curies":[{"name":"wp","href":"https:\/\/api.w.org\/{rel}","templated":true}]}}