{"id":43794,"date":"2017-02-19T15:44:46","date_gmt":"2017-02-19T14:44:46","guid":{"rendered":"http:\/\/www.libraria-occitana.org\/?post_type=product&#038;p=43794"},"modified":"2025-03-09T01:32:28","modified_gmt":"2025-03-09T00:32:28","slug":"mon-village","status":"publish","type":"product","link":"https:\/\/www.libraria-occitana.org\/en\/product\/mon-village\/","title":{"rendered":"Mon village"},"content":{"rendered":"<p>Cette autobiographie \u00e0 peine romanc\u00e9e d\u2019un jeune paysan, devenu facteur-receveur des Postes par la suite, nous fait d\u00e9couvrir dans la campagne bourbonnaise, autour de 1900, la mis\u00e8re g\u00e9n\u00e9ralis\u00e9e des petits paysans d\u2019alors. L\u2019usage de nombreux mots patois (expliqu\u00e9s) ajoute une note suppl\u00e9mentaire \u00e0 l\u2019impression de v\u00e9rit\u00e9 v\u00e9hicul\u00e9e tout au long par le texte. Mais Philippe Valette (1887-1962) nous apporte dans ces pages bien plus qu\u2019une photographie r\u00e9gionaliste : c\u2019est l\u00e0 un tableau d\u00e9taill\u00e9 de cette pauvret\u00e9 et des difficult\u00e9s, sinon des impossibilit\u00e9s d\u2019en sortir, propre \u00e0 nous \u00e9mouvoir et \u00e0 nous faire r\u00e9fl\u00e9chir sur notre \u00e9poque aux diff\u00e9rences sociales de plus en plus marqu\u00e9es. Les regards port\u00e9s sur les gens, les modes de vie, la nature, les animaux, les jeux, les rituels sociaux ou religieux, l\u2019apprentissage et la connaissance des travaux, y abondent, donnant au r\u00e9cit, ici et l\u00e0, un caract\u00e8re quasiment ethnographique. La vivacit\u00e9 de l\u2019\u00e9criture nous le fait comprendre comme s\u2019il \u00e9tait v\u00e9cu au pr\u00e9sent, dans l\u2019instant o\u00f9 nous le lisons, par l\u2019enfant que fut l\u2019auteur. Tout cela rattache son livre \u00e0 la tradition des romans de l&#8217;enfance populaire, tels ceux de Louis Pergaud, L\u00e9on Frapi\u00e9, Alfred Machard, Henry Poulaille, Louis Nazzi, Jehan Rictus, Jules Renard et bien d&#8217;autres \u00e9crivains connus ou oubli\u00e9s, ainsi qu&#8217;il le fut lui-m\u00eame&#8230;<\/p>\n<p>Lexique bourbonnais-fran\u00e7ais en fin d&#8217;ouvrage.<\/p>\n","protected":false},"excerpt":{"rendered":"<p>Cette autobiographie \u00e0 peine romanc\u00e9e d\u2019un jeune paysan, devenu facteur-receveur des Postes par la suite, nous fait d\u00e9couvrir dans la campagne bourbonnaise, autour de 1900, la mis\u00e8re g\u00e9n\u00e9ralis\u00e9e des petits paysans d\u2019alors. L\u2019usage de nombreux mots patois (expliqu\u00e9s) ajoute une note suppl\u00e9mentaire \u00e0 l\u2019impression de v\u00e9rit\u00e9 v\u00e9hicul\u00e9e tout au long par le texte. Mais Philippe [&hellip;]<\/p>\n","protected":false},"featured_media":43792,"template":"","meta":{"_acf_changed":false,"_genesis_hide_title":false,"_genesis_hide_breadcrumbs":false,"_genesis_hide_singular_image":false,"_genesis_hide_footer_widgets":false,"_genesis_custom_body_class":"","_genesis_custom_post_class":"","_genesis_layout":""},"product_brand":[],"product_cat":[7132,7174,7182,7186],"product_tag":[],"class_list":{"0":"post-43794","1":"product","2":"type-product","3":"status-publish","4":"has-post-thumbnail","6":"product_cat-books","7":"product_cat-literature-en","8":"product_cat-novels-short-stories-en","9":"product_cat-personal-narratives-memoirs-en","10":"pa_auteur-valette-philippe-en","11":"pa_editeur-plein-chant-en","12":"pa_langue-francais-en","13":"entry","15":"first","16":"outofstock","17":"shipping-taxable","18":"purchasable","19":"product-type-simple"},"acf":[],"_links":{"self":[{"href":"https:\/\/www.libraria-occitana.org\/en\/wp-json\/wp\/v2\/product\/43794","targetHints":{"allow":["GET"]}}],"collection":[{"href":"https:\/\/www.libraria-occitana.org\/en\/wp-json\/wp\/v2\/product"}],"about":[{"href":"https:\/\/www.libraria-occitana.org\/en\/wp-json\/wp\/v2\/types\/product"}],"wp:featuredmedia":[{"embeddable":true,"href":"https:\/\/www.libraria-occitana.org\/en\/wp-json\/wp\/v2\/media\/43792"}],"wp:attachment":[{"href":"https:\/\/www.libraria-occitana.org\/en\/wp-json\/wp\/v2\/media?parent=43794"}],"wp:term":[{"taxonomy":"product_brand","embeddable":true,"href":"https:\/\/www.libraria-occitana.org\/en\/wp-json\/wp\/v2\/product_brand?post=43794"},{"taxonomy":"product_cat","embeddable":true,"href":"https:\/\/www.libraria-occitana.org\/en\/wp-json\/wp\/v2\/product_cat?post=43794"},{"taxonomy":"product_tag","embeddable":true,"href":"https:\/\/www.libraria-occitana.org\/en\/wp-json\/wp\/v2\/product_tag?post=43794"}],"curies":[{"name":"wp","href":"https:\/\/api.w.org\/{rel}","templated":true}]}}