{"id":43818,"date":"1996-08-19T16:49:08","date_gmt":"1996-08-19T14:49:08","guid":{"rendered":"http:\/\/www.libraria-occitana.org\/?post_type=product&#038;p=43818"},"modified":"2026-04-29T10:54:12","modified_gmt":"2026-04-29T08:54:12","slug":"miratges","status":"publish","type":"product","link":"https:\/\/www.libraria-occitana.org\/en\/product\/miratges\/","title":{"rendered":"Miratges"},"content":{"rendered":"<blockquote>\n<p>Pour neuf cents dollars, j\u2019ai achet\u00e9 une voiture d\u2019occasion. Une folie\u2026 Ce n\u2019est pas une de ces g\u00e9antes qu\u2019on voit par ici, mais avec six cylindres et cent quarante chevaux, c\u2019est autre chose que les europ\u00e9ennes \u00e9triqu\u00e9es. Coque blanche, int\u00e9rieur en simili-cuir rouge, elle m\u2019a s\u00e9duit d\u2019embl\u00e9e. Et c\u2019est une Dodge ! Comme cette autre am\u00e9ricaine que je n\u2019ai pas oubli\u00e9e\u2026<\/p>\n<\/blockquote>\n<p>Huit nouvelles occitanes inspir\u00e9es par le terroir b\u00e9arnais.<\/p>\n<p>La nouvelle <a href=\"http:\/\/www.libraria-occitana.org\/produit\/mirage\/\"><em>Mirage<\/em><\/a> en fran\u00e7ais (uniquement).<\/p>\n","protected":false},"excerpt":{"rendered":"<p>Pour neuf cents dollars, j\u2019ai achet\u00e9 une voiture d\u2019occasion. Une folie\u2026 Ce n\u2019est pas une de ces g\u00e9antes qu\u2019on voit par ici, mais avec six cylindres et cent quarante chevaux, c\u2019est autre chose que les europ\u00e9ennes \u00e9triqu\u00e9es. Coque blanche, int\u00e9rieur en simili-cuir rouge, elle m\u2019a s\u00e9duit d\u2019embl\u00e9e. Et c\u2019est une Dodge ! Comme cette autre [&hellip;]<\/p>\n","protected":false},"featured_media":43816,"template":"","meta":{"_acf_changed":false,"_genesis_hide_title":false,"_genesis_hide_breadcrumbs":false,"_genesis_hide_singular_image":false,"_genesis_hide_footer_widgets":false,"_genesis_custom_body_class":"","_genesis_custom_post_class":"","_genesis_layout":""},"product_brand":[],"product_cat":[7132,7174,7182,7238],"product_tag":[],"class_list":{"0":"post-43818","1":"product","2":"type-product","3":"status-publish","4":"has-post-thumbnail","6":"product_cat-books","7":"product_cat-literature-en","8":"product_cat-novels-short-stories-en","9":"product_cat-promotions-en","10":"pa_auteur-peyroutet-albert-en","11":"pa_editeur-reclams-en","12":"pa_langue-occitan-gascon-en","13":"pa_langue-occitan-francais-en","14":"entry","16":"first","17":"instock","18":"shipping-taxable","19":"purchasable","20":"product-type-simple"},"acf":[],"_links":{"self":[{"href":"https:\/\/www.libraria-occitana.org\/en\/wp-json\/wp\/v2\/product\/43818","targetHints":{"allow":["GET"]}}],"collection":[{"href":"https:\/\/www.libraria-occitana.org\/en\/wp-json\/wp\/v2\/product"}],"about":[{"href":"https:\/\/www.libraria-occitana.org\/en\/wp-json\/wp\/v2\/types\/product"}],"wp:featuredmedia":[{"embeddable":true,"href":"https:\/\/www.libraria-occitana.org\/en\/wp-json\/wp\/v2\/media\/43816"}],"wp:attachment":[{"href":"https:\/\/www.libraria-occitana.org\/en\/wp-json\/wp\/v2\/media?parent=43818"}],"wp:term":[{"taxonomy":"product_brand","embeddable":true,"href":"https:\/\/www.libraria-occitana.org\/en\/wp-json\/wp\/v2\/product_brand?post=43818"},{"taxonomy":"product_cat","embeddable":true,"href":"https:\/\/www.libraria-occitana.org\/en\/wp-json\/wp\/v2\/product_cat?post=43818"},{"taxonomy":"product_tag","embeddable":true,"href":"https:\/\/www.libraria-occitana.org\/en\/wp-json\/wp\/v2\/product_tag?post=43818"}],"curies":[{"name":"wp","href":"https:\/\/api.w.org\/{rel}","templated":true}]}}