{"id":43918,"date":"2013-02-20T11:58:23","date_gmt":"2013-02-20T10:58:23","guid":{"rendered":"http:\/\/www.libraria-occitana.org\/?post_type=product&#038;p=43918"},"modified":"2026-04-25T22:16:07","modified_gmt":"2026-04-25T20:16:07","slug":"le-jardin-naturel","status":"publish","type":"product","link":"https:\/\/www.libraria-occitana.org\/en\/product\/le-jardin-naturel\/","title":{"rendered":"Le jardin naturel"},"content":{"rendered":"<p><strong>3e \u00e9dition r\u00e9vis\u00e9e<\/strong><\/p>\n<p>Jean-Marie Lespinasse cultive son jardin depuis plus de quarante ans dans le respect du fonctionnement originel du sol. \u00c0 force d\u2019observations, d\u2019exp\u00e9rimentations et de r\u00e9flexions, il a con\u00e7u un jardin totalement naturel, sans apports d\u2019engrais, sans pesticide et sans herbicide. Ce livre est le fruit de cette longue exp\u00e9rience. Publi\u00e9 pour la premi\u00e8re fois en 2006, il conna\u00eet un succ\u00e8s croissant, au point d\u2019\u00eatre devenu l\u2019ouvrage de r\u00e9f\u00e9rence pour de nombreux jardiniers. Le pari\u00a0: mieux conna\u00eetre les plantes, leurs capacit\u00e9s naturelles \u00e0 se nourrir et \u00e0 se prot\u00e9ger, comprendre les associations stimulantes ou r\u00e9pulsives qui d\u00e9sorientent ou indisposent les parasites, am\u00e9liorer la gestion de l\u2019eau, inciter la vie du sol en utilisant le vermicompost et le BRF (bois rameaux fragment\u00e9s). Cette nouvelle \u00e9dition pr\u00e9sente un bilan de cette exp\u00e9rience unique. Les objectifs d\u2019origine n\u2019ont pas chang\u00e9\u00a0: des cultures sans aucun produit chimique et l\u2019am\u00e9lioration de la vie du sol.<\/p>\n","protected":false},"excerpt":{"rendered":"<p>3e \u00e9dition r\u00e9vis\u00e9e Jean-Marie Lespinasse cultive son jardin depuis plus de quarante ans dans le respect du fonctionnement originel du sol. \u00c0 force d\u2019observations, d\u2019exp\u00e9rimentations et de r\u00e9flexions, il a con\u00e7u un jardin totalement naturel, sans apports d\u2019engrais, sans pesticide et sans herbicide. Ce livre est le fruit de cette longue exp\u00e9rience. Publi\u00e9 pour la [&hellip;]<\/p>\n","protected":false},"featured_media":43916,"template":"","meta":{"_acf_changed":false,"_genesis_hide_title":false,"_genesis_hide_breadcrumbs":false,"_genesis_hide_singular_image":false,"_genesis_hide_footer_widgets":false,"_genesis_custom_body_class":"","_genesis_custom_post_class":"","_genesis_layout":""},"product_brand":[],"product_cat":[7132,7200,7196],"product_tag":[],"class_list":{"0":"post-43918","1":"product","2":"type-product","3":"status-publish","4":"has-post-thumbnail","6":"product_cat-books","7":"product_cat-nature-gardening-en","8":"product_cat-nature-tourism-en","9":"pa_auteur-lespinasse-jean-marie-en","10":"pa_editeur-editions-du-rouergue-en","11":"pa_illustrateur-lespinasse-jean-francois-en","12":"pa_langue-francais-en","13":"entry","15":"first","16":"instock","17":"shipping-taxable","18":"purchasable","19":"product-type-simple"},"acf":[],"_links":{"self":[{"href":"https:\/\/www.libraria-occitana.org\/en\/wp-json\/wp\/v2\/product\/43918","targetHints":{"allow":["GET"]}}],"collection":[{"href":"https:\/\/www.libraria-occitana.org\/en\/wp-json\/wp\/v2\/product"}],"about":[{"href":"https:\/\/www.libraria-occitana.org\/en\/wp-json\/wp\/v2\/types\/product"}],"wp:featuredmedia":[{"embeddable":true,"href":"https:\/\/www.libraria-occitana.org\/en\/wp-json\/wp\/v2\/media\/43916"}],"wp:attachment":[{"href":"https:\/\/www.libraria-occitana.org\/en\/wp-json\/wp\/v2\/media?parent=43918"}],"wp:term":[{"taxonomy":"product_brand","embeddable":true,"href":"https:\/\/www.libraria-occitana.org\/en\/wp-json\/wp\/v2\/product_brand?post=43918"},{"taxonomy":"product_cat","embeddable":true,"href":"https:\/\/www.libraria-occitana.org\/en\/wp-json\/wp\/v2\/product_cat?post=43918"},{"taxonomy":"product_tag","embeddable":true,"href":"https:\/\/www.libraria-occitana.org\/en\/wp-json\/wp\/v2\/product_tag?post=43918"}],"curies":[{"name":"wp","href":"https:\/\/api.w.org\/{rel}","templated":true}]}}