{"id":43949,"date":"1996-11-20T14:20:59","date_gmt":"1996-11-20T13:20:59","guid":{"rendered":"http:\/\/www.libraria-occitana.org\/?post_type=product&#038;p=43949"},"modified":"2026-04-17T21:41:12","modified_gmt":"2026-04-17T19:41:12","slug":"le-livre-des-bonnes-herbes","status":"publish","type":"product","link":"https:\/\/www.libraria-occitana.org\/en\/product\/le-livre-des-bonnes-herbes\/","title":{"rendered":"Le Livre des bonnes herbes"},"content":{"rendered":"<p>Dans nos soci\u00e9t\u00e9s urbaines du XX<sup>e<\/sup> si\u00e8cle \u00e0 sa fin, les plantes m\u00e9dicinales ont retrouv\u00e9 une place importante et paradoxale. De mieux en mieux connues quant \u00e0 leurs constituants et leurs effets, souvent (re)devenues rem\u00e8des courants mais sous les traits du m\u00e9dicament classique, tr\u00e8s requises par la cosm\u00e9tologie et la di\u00e9t\u00e9tique, on les per\u00e7oit pourtant de moins en moins dans leur nature premi\u00e8re d\u2019\u00eatres v\u00e9g\u00e9taux.<br \/>\n<em>Le Livre des bonnes herbes<\/em>, dans son double souci de faire conna\u00eetre et la plante et ses usages, n\u2019oublie pas que les \u00ab simples \u00bb sont autre chose que des rem\u00e8des standards : des \u00eatres vivants dont l\u2019approche amicale, attentive, vaut d\u00e9j\u00e0 comme amorce de confiance. Et dans cette rencontre o\u00f9 la fr\u00e9quentation du pr\u00e9 ne contredit pas les acquis du laboratoire, la libert\u00e9 trouve son compte !<br \/>\nCette troisi\u00e8me \u00e9dition r\u00e9vis\u00e9e du <em>Livre des bonnes herbes<\/em>, manuel d\u2019apprentissage d\u2019une flore famili\u00e8re tr\u00e8s riche en offres th\u00e9rapeutiques de valeur, accessible \u00e0 tous, s\u2019obstine donc \u00e0 voir dans le recours aux simples une preuve d\u2019autonomie toujours vivace au bord du champ clos des grandes (et co\u00fbteuses) techniques de soins.<\/p>\n","protected":false},"excerpt":{"rendered":"<p>Dans nos soci\u00e9t\u00e9s urbaines du XXe si\u00e8cle \u00e0 sa fin, les plantes m\u00e9dicinales ont retrouv\u00e9 une place importante et paradoxale. De mieux en mieux connues quant \u00e0 leurs constituants et leurs effets, souvent (re)devenues rem\u00e8des courants mais sous les traits du m\u00e9dicament classique, tr\u00e8s requises par la cosm\u00e9tologie et la di\u00e9t\u00e9tique, on les per\u00e7oit pourtant [&hellip;]<\/p>\n","protected":false},"featured_media":43946,"template":"","meta":{"_acf_changed":false,"_genesis_hide_title":false,"_genesis_hide_breadcrumbs":false,"_genesis_hide_singular_image":false,"_genesis_hide_footer_widgets":false,"_genesis_custom_body_class":"","_genesis_custom_post_class":"","_genesis_layout":""},"product_brand":[],"product_cat":[7132,7200,7196],"product_tag":[],"class_list":{"0":"post-43949","1":"product","2":"type-product","3":"status-publish","4":"has-post-thumbnail","6":"product_cat-books","7":"product_cat-nature-gardening-en","8":"product_cat-nature-tourism-en","9":"pa_auteur-lieutaghi-pierre-en","10":"pa_editeur-actes-sud-en","11":"pa_illustrateur-dore-dorothy-en","12":"pa_illustrateur-mansion-dominique-en","13":"pa_langue-francais-en","14":"entry","16":"first","17":"instock","18":"shipping-taxable","19":"purchasable","20":"product-type-simple"},"acf":[],"_links":{"self":[{"href":"https:\/\/www.libraria-occitana.org\/en\/wp-json\/wp\/v2\/product\/43949","targetHints":{"allow":["GET"]}}],"collection":[{"href":"https:\/\/www.libraria-occitana.org\/en\/wp-json\/wp\/v2\/product"}],"about":[{"href":"https:\/\/www.libraria-occitana.org\/en\/wp-json\/wp\/v2\/types\/product"}],"wp:featuredmedia":[{"embeddable":true,"href":"https:\/\/www.libraria-occitana.org\/en\/wp-json\/wp\/v2\/media\/43946"}],"wp:attachment":[{"href":"https:\/\/www.libraria-occitana.org\/en\/wp-json\/wp\/v2\/media?parent=43949"}],"wp:term":[{"taxonomy":"product_brand","embeddable":true,"href":"https:\/\/www.libraria-occitana.org\/en\/wp-json\/wp\/v2\/product_brand?post=43949"},{"taxonomy":"product_cat","embeddable":true,"href":"https:\/\/www.libraria-occitana.org\/en\/wp-json\/wp\/v2\/product_cat?post=43949"},{"taxonomy":"product_tag","embeddable":true,"href":"https:\/\/www.libraria-occitana.org\/en\/wp-json\/wp\/v2\/product_tag?post=43949"}],"curies":[{"name":"wp","href":"https:\/\/api.w.org\/{rel}","templated":true}]}}