{"id":43967,"date":"2004-09-20T14:35:08","date_gmt":"2004-09-20T12:35:08","guid":{"rendered":"http:\/\/www.libraria-occitana.org\/?post_type=product&#038;p=43967"},"modified":"2026-04-25T22:06:18","modified_gmt":"2026-04-25T20:06:18","slug":"le-livre-des-arbres-arbustes-et-arbrisseaux","status":"publish","type":"product","link":"https:\/\/www.libraria-occitana.org\/en\/product\/le-livre-des-arbres-arbustes-et-arbrisseaux\/","title":{"rendered":"Le livre des arbres, arbustes et arbrisseaux"},"content":{"rendered":"<p>Nouvelle \u00e9dition.<\/p>\n<p>\u00c9dit\u00e9 pour la premi\u00e8re fois en 1969, <em>Le Livre des arbres, arbustes et arbrisseaux<\/em>, qui associait l\u2019\u00e9tendue et la rigueur de l\u2019information \u00e0 une forme accessible \u00e0 un large public, \u0153uvre de botanique et d\u2019ethnobotanique mais aussi tentative d\u2019\u00e9criture, \u00e9tait vite apparu comme la plus riche synth\u00e8se de langue fran\u00e7aise en son domaine.<\/p>\n<p>Flore descriptive avec clefs d\u2019identification de toutes les plantes ligneuses de France (r\u00e9gion m\u00e9diterran\u00e9enne comprise) et des pays de l\u2019Europe moyenne, d\u00e9veloppant au besoin des points int\u00e9ressants de leur biologie, de leur \u00e9cologie ou de leur distribution, l\u2019ouvrage traite simultan\u00e9ment des principaux aspects de leur rencontre avec les soci\u00e9t\u00e9s, dans l\u2019histoire comme de nos jours : emplois artisanaux et industriels, usages m\u00e9dicinaux et alimentaires, \u201cfolklore\u201d, croyances et symboles. Bibliographie critique et index th\u00e9matiques ajoutent \u00e0 l\u2019int\u00e9r\u00eat du livre comme outil de recherche.<\/p>\n<p>Devenu l\u2019un des ouvrages les plus recherch\u00e9s de l\u2019\u00e9dition naturaliste fran\u00e7aise d\u2019apr\u00e8s-guerre, <em>Le Livre des arbres, arbustes et arbrisseaux<\/em> est enfin r\u00e9\u00e9dit\u00e9.<\/p>\n<p>Prix du Conseil de la Soci\u00e9t\u00e9 botanique de France en 1971, ce livre reste un texte de r\u00e9f\u00e9rence pour quiconque s\u2019int\u00e9resse aux plantes ligneuses de nos climats, en un temps o\u00f9 leur devenir ne va plus de soi, o\u00f9 il convient de reconsid\u00e9rer le futur des arbres avec les meilleurs rep\u00e8res possibles.<\/p>\n","protected":false},"excerpt":{"rendered":"<p>Nouvelle \u00e9dition. \u00c9dit\u00e9 pour la premi\u00e8re fois en 1969, Le Livre des arbres, arbustes et arbrisseaux, qui associait l\u2019\u00e9tendue et la rigueur de l\u2019information \u00e0 une forme accessible \u00e0 un large public, \u0153uvre de botanique et d\u2019ethnobotanique mais aussi tentative d\u2019\u00e9criture, \u00e9tait vite apparu comme la plus riche synth\u00e8se de langue fran\u00e7aise en son domaine. [&hellip;]<\/p>\n","protected":false},"featured_media":43965,"template":"","meta":{"_acf_changed":false,"_genesis_hide_title":false,"_genesis_hide_breadcrumbs":false,"_genesis_hide_singular_image":false,"_genesis_hide_footer_widgets":false,"_genesis_custom_body_class":"","_genesis_custom_post_class":"","_genesis_layout":""},"product_brand":[],"product_cat":[7132,7200,7196],"product_tag":[],"class_list":{"0":"post-43967","1":"product","2":"type-product","3":"status-publish","4":"has-post-thumbnail","6":"product_cat-books","7":"product_cat-nature-gardening-en","8":"product_cat-nature-tourism-en","9":"pa_auteur-lieutaghi-pierre-en","10":"pa_editeur-actes-sud-en","11":"pa_langue-francais-en","12":"entry","14":"first","15":"instock","16":"shipping-taxable","17":"purchasable","18":"product-type-simple"},"acf":[],"_links":{"self":[{"href":"https:\/\/www.libraria-occitana.org\/en\/wp-json\/wp\/v2\/product\/43967","targetHints":{"allow":["GET"]}}],"collection":[{"href":"https:\/\/www.libraria-occitana.org\/en\/wp-json\/wp\/v2\/product"}],"about":[{"href":"https:\/\/www.libraria-occitana.org\/en\/wp-json\/wp\/v2\/types\/product"}],"wp:featuredmedia":[{"embeddable":true,"href":"https:\/\/www.libraria-occitana.org\/en\/wp-json\/wp\/v2\/media\/43965"}],"wp:attachment":[{"href":"https:\/\/www.libraria-occitana.org\/en\/wp-json\/wp\/v2\/media?parent=43967"}],"wp:term":[{"taxonomy":"product_brand","embeddable":true,"href":"https:\/\/www.libraria-occitana.org\/en\/wp-json\/wp\/v2\/product_brand?post=43967"},{"taxonomy":"product_cat","embeddable":true,"href":"https:\/\/www.libraria-occitana.org\/en\/wp-json\/wp\/v2\/product_cat?post=43967"},{"taxonomy":"product_tag","embeddable":true,"href":"https:\/\/www.libraria-occitana.org\/en\/wp-json\/wp\/v2\/product_tag?post=43967"}],"curies":[{"name":"wp","href":"https:\/\/api.w.org\/{rel}","templated":true}]}}