{"id":43979,"date":"2016-10-20T14:48:06","date_gmt":"2016-10-20T12:48:06","guid":{"rendered":"http:\/\/www.libraria-occitana.org\/?post_type=product&#038;p=43979"},"modified":"2026-04-28T23:36:16","modified_gmt":"2026-04-28T21:36:16","slug":"voyage-en-gaule-romaine","status":"publish","type":"product","link":"https:\/\/www.libraria-occitana.org\/en\/product\/voyage-en-gaule-romaine\/","title":{"rendered":"Voyage en Gaule romaine"},"content":{"rendered":"<p>La reconstitution est l&#8217;un des meilleurs moyens pour comprendre les vestiges gallo-romains qui peuplent notre sol. Ne faut-il pas une part de r\u00eave pour saisir de mani\u00e8re plus sensible et \u00e9vocatrice ce que racontent les fouilles les plus m\u00e9ticuleuses, les monuments les plus ruin\u00e9s ?<\/p>\n<p>Vivants et suggestifs, les textes de G\u00e9rard Coulon se conjuguent harmonieusement avec les magnifiques et minutieuses \u00e9vocations de Jean-Claude Golvin. Des restitutions qui, bas\u00e9es sur les \u00e9tudes les plus r\u00e9centes, sont l&#8217;aboutissement de multiples esquisses et d&#8217;un incessant dialogue avec les arch\u00e9ologues.<\/p>\n<p>Du 1er si\u00e8cle au Ve si\u00e8cle de notre \u00e8re, l&#8217;ensemble du territoire fran\u00e7ais est ici pris en compte, d&#8217;Amiens \u00e0 Strasbourg, de Lyon \u00e0 Saintes, de Bordeaux \u00e0 Fr\u00e9jus&#8230; Et au fil des pages, le lecteur parcourt les campagnes, sillonne les voies romaines, se pr\u00e9lasse aux thermes, fr\u00e9mit dans l&#8217;ar\u00e8ne aux combats de gladiateurs et, au cirque, vibre aux exploits des conducteurs de chars.<\/p>\n<p>Cet ouvrage propose une Gaule romaine in\u00e9dite, o\u00f9 les monuments qui pars\u00e8ment la France reprennent une vie qui nous \u00e9merveille.<\/p>\n","protected":false},"excerpt":{"rendered":"<p>La reconstitution est l&#8217;un des meilleurs moyens pour comprendre les vestiges gallo-romains qui peuplent notre sol. Ne faut-il pas une part de r\u00eave pour saisir de mani\u00e8re plus sensible et \u00e9vocatrice ce que racontent les fouilles les plus m\u00e9ticuleuses, les monuments les plus ruin\u00e9s ? Vivants et suggestifs, les textes de G\u00e9rard Coulon se conjuguent [&hellip;]<\/p>\n","protected":false},"featured_media":43977,"template":"","meta":{"_acf_changed":false,"_genesis_hide_title":false,"_genesis_hide_breadcrumbs":false,"_genesis_hide_singular_image":false,"_genesis_hide_footer_widgets":false,"_genesis_custom_body_class":"","_genesis_custom_post_class":"","_genesis_layout":""},"product_brand":[],"product_cat":[7132,7152,7148,7160],"product_tag":[],"class_list":{"0":"post-43979","1":"product","2":"type-product","3":"status-publish","4":"has-post-thumbnail","6":"product_cat-books","7":"product_cat-geography-en","8":"product_cat-history-geography-en","9":"product_cat-medieval-history-en","10":"pa_auteur-coulon-gerard-en","11":"pa_auteur-golvin-jean-claude-en","12":"pa_editeur-editions-errance-en","13":"pa_langue-francais-en","14":"entry","16":"first","17":"outofstock","18":"shipping-taxable","19":"purchasable","20":"product-type-simple"},"acf":[],"_links":{"self":[{"href":"https:\/\/www.libraria-occitana.org\/en\/wp-json\/wp\/v2\/product\/43979","targetHints":{"allow":["GET"]}}],"collection":[{"href":"https:\/\/www.libraria-occitana.org\/en\/wp-json\/wp\/v2\/product"}],"about":[{"href":"https:\/\/www.libraria-occitana.org\/en\/wp-json\/wp\/v2\/types\/product"}],"wp:featuredmedia":[{"embeddable":true,"href":"https:\/\/www.libraria-occitana.org\/en\/wp-json\/wp\/v2\/media\/43977"}],"wp:attachment":[{"href":"https:\/\/www.libraria-occitana.org\/en\/wp-json\/wp\/v2\/media?parent=43979"}],"wp:term":[{"taxonomy":"product_brand","embeddable":true,"href":"https:\/\/www.libraria-occitana.org\/en\/wp-json\/wp\/v2\/product_brand?post=43979"},{"taxonomy":"product_cat","embeddable":true,"href":"https:\/\/www.libraria-occitana.org\/en\/wp-json\/wp\/v2\/product_cat?post=43979"},{"taxonomy":"product_tag","embeddable":true,"href":"https:\/\/www.libraria-occitana.org\/en\/wp-json\/wp\/v2\/product_tag?post=43979"}],"curies":[{"name":"wp","href":"https:\/\/api.w.org\/{rel}","templated":true}]}}