{"id":44116,"date":"2018-10-21T09:19:36","date_gmt":"2018-10-21T07:19:36","guid":{"rendered":"http:\/\/www.libraria-occitana.org\/?post_type=product&#038;p=44116"},"modified":"2026-04-28T01:36:25","modified_gmt":"2026-04-27T23:36:25","slug":"les-tuileries-limousines","status":"publish","type":"product","link":"https:\/\/www.libraria-occitana.org\/en\/product\/les-tuileries-limousines\/","title":{"rendered":"Les Tuileries limousines"},"content":{"rendered":"<p>Du VII<sup>e<\/sup> si\u00e8cle avant J.-C. jusqu\u2019\u00e0 nos jours, les briqueteries, les tuileries et autres poteries ont constitu\u00e9 un maillon indispensable dans la vie des habitants des campagnes ainsi que dans la production de mat\u00e9riaux pour les diverses constructions de notre soci\u00e9t\u00e9 rurale et urbaine. Dans cet ouvrage, Camille Larcher \u00e9tudie l\u2019histoire de ces industries et fait le constat que sous la pression des lobbies et la volont\u00e9 politique d\u2019industrialiser notre pays, la disparition de ces petites unit\u00e9s de fabrication s\u2019est produite en moins de cinquante ans.<\/p>\n<p>Il l\u00e8ve ici le voile pour faire revivre le pass\u00e9 de ces hommes et de leurs familles qui ont contribu\u00e9 par leur activit\u00e9 \u00e0 d\u00e9velopper l\u2019\u00e9conomie de leur r\u00e9gion et au-del\u00e0.<\/p>\n","protected":false},"excerpt":{"rendered":"<p>Du VIIe si\u00e8cle avant J.-C. jusqu\u2019\u00e0 nos jours, les briqueteries, les tuileries et autres poteries ont constitu\u00e9 un maillon indispensable dans la vie des habitants des campagnes ainsi que dans la production de mat\u00e9riaux pour les diverses constructions de notre soci\u00e9t\u00e9 rurale et urbaine. Dans cet ouvrage, Camille Larcher \u00e9tudie l\u2019histoire de ces industries et [&hellip;]<\/p>\n","protected":false},"featured_media":55940,"template":"","meta":{"_acf_changed":false,"_genesis_hide_title":false,"_genesis_hide_breadcrumbs":false,"_genesis_hide_singular_image":false,"_genesis_hide_footer_widgets":false,"_genesis_custom_body_class":"","_genesis_custom_post_class":"","_genesis_layout":""},"product_brand":[],"product_cat":[7132,7156,7148,7238],"product_tag":[],"class_list":{"0":"post-44116","1":"product","2":"type-product","3":"status-publish","4":"has-post-thumbnail","6":"product_cat-books","7":"product_cat-general-history-en","8":"product_cat-history-geography-en","9":"product_cat-promotions-en","10":"pa_auteur-larcher-camille-en","11":"pa_editeur-geste-en","12":"pa_langue-francais-en","13":"entry","15":"first","16":"outofstock","17":"shipping-taxable","18":"purchasable","19":"product-type-simple"},"acf":[],"_links":{"self":[{"href":"https:\/\/www.libraria-occitana.org\/en\/wp-json\/wp\/v2\/product\/44116","targetHints":{"allow":["GET"]}}],"collection":[{"href":"https:\/\/www.libraria-occitana.org\/en\/wp-json\/wp\/v2\/product"}],"about":[{"href":"https:\/\/www.libraria-occitana.org\/en\/wp-json\/wp\/v2\/types\/product"}],"wp:featuredmedia":[{"embeddable":true,"href":"https:\/\/www.libraria-occitana.org\/en\/wp-json\/wp\/v2\/media\/55940"}],"wp:attachment":[{"href":"https:\/\/www.libraria-occitana.org\/en\/wp-json\/wp\/v2\/media?parent=44116"}],"wp:term":[{"taxonomy":"product_brand","embeddable":true,"href":"https:\/\/www.libraria-occitana.org\/en\/wp-json\/wp\/v2\/product_brand?post=44116"},{"taxonomy":"product_cat","embeddable":true,"href":"https:\/\/www.libraria-occitana.org\/en\/wp-json\/wp\/v2\/product_cat?post=44116"},{"taxonomy":"product_tag","embeddable":true,"href":"https:\/\/www.libraria-occitana.org\/en\/wp-json\/wp\/v2\/product_tag?post=44116"}],"curies":[{"name":"wp","href":"https:\/\/api.w.org\/{rel}","templated":true}]}}