{"id":44152,"date":"2017-03-21T10:13:20","date_gmt":"2017-03-21T09:13:20","guid":{"rendered":"http:\/\/www.libraria-occitana.org\/?post_type=product&#038;p=44152"},"modified":"2025-03-09T02:04:03","modified_gmt":"2025-03-09T01:04:03","slug":"un-gosse-suivi-de-la-repue-franche","status":"publish","type":"product","link":"https:\/\/www.libraria-occitana.org\/en\/product\/un-gosse-suivi-de-la-repue-franche\/","title":{"rendered":"Un gosse suivi de La repue franche"},"content":{"rendered":"<p>Le titre de ce livre e\u00fbt pu \u00eatre\u00a0:\u00a0\u00ab\u00a0Un gosse dans la mis\u00e8re\u00a0\u00bb. L\u2019auteur raconte une enfance o\u00f9 il eut froid et faim, encore que la joie v\u00eent \u00e9clairer \u00e0 ses heures les murs de telle pi\u00e8ce d\u2019une \u00ab\u00a0cit\u00e9\u00a0\u00bb de la rue Jeanne-d\u2019Arc \u00e0 Paris, de cette pi\u00e8ce o\u00f9 \u00ab\u00a0un gosse\u00a0\u00bb ne pouvait contempler le ciel que dans un \u00e9clat de miroir tendu par la fen\u00eatre.<br \/>\nC\u2019est en m\u00eame temps un gosse dans la rue, sur les \u00ab\u00a0fortifs\u00a0\u00bb, au contact de la vie toute nue, expos\u00e9 \u00e0 tout. \u00ab\u00a0Un voyou\u00a0\u00bb a sans doute dit de lui une vieille et calme petite renti\u00e8re du quartier. \u00ab\u00a0Ses parents ne s\u2019occupent donc pas de lui\u00a0?&#8230;\u00a0\u00bb Mais il n\u2019a plus que son p\u00e8re, qui est \u00e0 l\u2019h\u00f4pital et y meurt, et sa grand\u2019m\u00e8re, qui l\u2019\u00e9l\u00e8ve et vend des lacets au march\u00e9 Saint-M\u00e9dard.<br \/>\nLes \u00ab voyous \u00bb de cette sorte \u2013 ce ne sont pas du tout des voyous \u2013 sont des milliers sur le pav\u00e9 des grandes villes. Leur livre nous manquait ; Auguste Brepson nous l\u2019a donn\u00e9 avant de mourir ; nous pouvons ranger <em>Un gosse<\/em> \u00e0 c\u00f4t\u00e9 du bouquin de Vall\u00e8s et aussi \u00e0 c\u00f4t\u00e9 de celui de Pergaud.<\/p>\n","protected":false},"excerpt":{"rendered":"<p>Le titre de ce livre e\u00fbt pu \u00eatre\u00a0:\u00a0\u00ab\u00a0Un gosse dans la mis\u00e8re\u00a0\u00bb. L\u2019auteur raconte une enfance o\u00f9 il eut froid et faim, encore que la joie v\u00eent \u00e9clairer \u00e0 ses heures les murs de telle pi\u00e8ce d\u2019une \u00ab\u00a0cit\u00e9\u00a0\u00bb de la rue Jeanne-d\u2019Arc \u00e0 Paris, de cette pi\u00e8ce o\u00f9 \u00ab\u00a0un gosse\u00a0\u00bb ne pouvait contempler le ciel [&hellip;]<\/p>\n","protected":false},"featured_media":44150,"template":"","meta":{"_acf_changed":false,"_genesis_hide_title":false,"_genesis_hide_breadcrumbs":false,"_genesis_hide_singular_image":false,"_genesis_hide_footer_widgets":false,"_genesis_custom_body_class":"","_genesis_custom_post_class":"","_genesis_layout":""},"product_brand":[],"product_cat":[7132,7174,7182,7186],"product_tag":[],"class_list":{"0":"post-44152","1":"product","2":"type-product","3":"status-publish","4":"has-post-thumbnail","6":"product_cat-books","7":"product_cat-literature-en","8":"product_cat-novels-short-stories-en","9":"product_cat-personal-narratives-memoirs-en","10":"pa_auteur-brepson-auguste-en","11":"pa_editeur-plein-chant-en","12":"pa_langue-francais-en","13":"entry","15":"first","16":"outofstock","17":"shipping-taxable","18":"purchasable","19":"product-type-simple"},"acf":[],"_links":{"self":[{"href":"https:\/\/www.libraria-occitana.org\/en\/wp-json\/wp\/v2\/product\/44152","targetHints":{"allow":["GET"]}}],"collection":[{"href":"https:\/\/www.libraria-occitana.org\/en\/wp-json\/wp\/v2\/product"}],"about":[{"href":"https:\/\/www.libraria-occitana.org\/en\/wp-json\/wp\/v2\/types\/product"}],"wp:featuredmedia":[{"embeddable":true,"href":"https:\/\/www.libraria-occitana.org\/en\/wp-json\/wp\/v2\/media\/44150"}],"wp:attachment":[{"href":"https:\/\/www.libraria-occitana.org\/en\/wp-json\/wp\/v2\/media?parent=44152"}],"wp:term":[{"taxonomy":"product_brand","embeddable":true,"href":"https:\/\/www.libraria-occitana.org\/en\/wp-json\/wp\/v2\/product_brand?post=44152"},{"taxonomy":"product_cat","embeddable":true,"href":"https:\/\/www.libraria-occitana.org\/en\/wp-json\/wp\/v2\/product_cat?post=44152"},{"taxonomy":"product_tag","embeddable":true,"href":"https:\/\/www.libraria-occitana.org\/en\/wp-json\/wp\/v2\/product_tag?post=44152"}],"curies":[{"name":"wp","href":"https:\/\/api.w.org\/{rel}","templated":true}]}}