{"id":44158,"date":"2016-06-21T10:19:40","date_gmt":"2016-06-21T08:19:40","guid":{"rendered":"http:\/\/www.libraria-occitana.org\/?post_type=product&#038;p=44158"},"modified":"2025-03-09T00:48:12","modified_gmt":"2025-03-08T23:48:12","slug":"lascension","status":"publish","type":"product","link":"https:\/\/www.libraria-occitana.org\/en\/product\/lascension\/","title":{"rendered":"L\u2019Ascension"},"content":{"rendered":"<p>On n\u2019ignorait pas le tragique de la vie des couches laborieuses les plus d\u00e9sh\u00e9rit\u00e9es. Des \u00e9crits d\u00e9j\u00e0 anciens, comme ceux de Villerm\u00e9 par exemple, sur le travail dans les manufactures, avaient r\u00e9v\u00e9l\u00e9 jusqu\u2019\u00e0 quel degr\u00e9 d\u2019abjection avait pu descendre cette classe bourgeoise f\u00e9roce du si\u00e8cle dernier, si press\u00e9e d\u2019asseoir sa puissance. Mais Villerm\u00e9 avait observ\u00e9 du dehors. Le miracle, c\u2019est qu\u2019il s\u2019est trouv\u00e9 un jour un homme vivant cette vie du gouffre et des t\u00e9n\u00e8bres qui ait su la raconter, qui ait eu le courage d\u2019acqu\u00e9rir la possibilit\u00e9 intellectuelle de la d\u00e9crire et de d\u00e9crire ses d\u00e9bats int\u00e9rieurs, et de jeter vers les autres hommes son appel passionn\u00e9. Bourgeois a tout souffert et <em>L&#8217;Ascension<\/em> est l&#8217;exp\u00e9rience de cette souffrance : la mis\u00e8re la plus noire, la plus nue, la n\u00e9cessit\u00e9 quotidienne et absolue de la nourriture \u00e0 gagner, et la d\u00e9tresse morale du m\u00e9cr\u00e9ant vou\u00e9 \u00e0 la plus infernale des conditions et qui, \u00e0 travers mille difficult\u00e9s, tente de s&#8217;\u00e9lever, de se cultiver et de penser sa vie.<\/p>\n<p style=\"text-align: right;\">Jean Prugnot<\/p>\n","protected":false},"excerpt":{"rendered":"<p>On n\u2019ignorait pas le tragique de la vie des couches laborieuses les plus d\u00e9sh\u00e9rit\u00e9es. Des \u00e9crits d\u00e9j\u00e0 anciens, comme ceux de Villerm\u00e9 par exemple, sur le travail dans les manufactures, avaient r\u00e9v\u00e9l\u00e9 jusqu\u2019\u00e0 quel degr\u00e9 d\u2019abjection avait pu descendre cette classe bourgeoise f\u00e9roce du si\u00e8cle dernier, si press\u00e9e d\u2019asseoir sa puissance. Mais Villerm\u00e9 avait observ\u00e9 [&hellip;]<\/p>\n","protected":false},"featured_media":44156,"template":"","meta":{"_acf_changed":false,"_genesis_hide_title":false,"_genesis_hide_breadcrumbs":false,"_genesis_hide_singular_image":false,"_genesis_hide_footer_widgets":false,"_genesis_custom_body_class":"","_genesis_custom_post_class":"","_genesis_layout":""},"product_brand":[],"product_cat":[7132,7174,7182],"product_tag":[],"class_list":{"0":"post-44158","1":"product","2":"type-product","3":"status-publish","4":"has-post-thumbnail","6":"product_cat-books","7":"product_cat-literature-en","8":"product_cat-novels-short-stories-en","9":"pa_auteur-bourgeois-lucien-en","10":"pa_editeur-plein-chant-en","11":"pa_langue-francais-en","12":"entry","14":"first","15":"outofstock","16":"shipping-taxable","17":"purchasable","18":"product-type-simple"},"acf":[],"_links":{"self":[{"href":"https:\/\/www.libraria-occitana.org\/en\/wp-json\/wp\/v2\/product\/44158","targetHints":{"allow":["GET"]}}],"collection":[{"href":"https:\/\/www.libraria-occitana.org\/en\/wp-json\/wp\/v2\/product"}],"about":[{"href":"https:\/\/www.libraria-occitana.org\/en\/wp-json\/wp\/v2\/types\/product"}],"wp:featuredmedia":[{"embeddable":true,"href":"https:\/\/www.libraria-occitana.org\/en\/wp-json\/wp\/v2\/media\/44156"}],"wp:attachment":[{"href":"https:\/\/www.libraria-occitana.org\/en\/wp-json\/wp\/v2\/media?parent=44158"}],"wp:term":[{"taxonomy":"product_brand","embeddable":true,"href":"https:\/\/www.libraria-occitana.org\/en\/wp-json\/wp\/v2\/product_brand?post=44158"},{"taxonomy":"product_cat","embeddable":true,"href":"https:\/\/www.libraria-occitana.org\/en\/wp-json\/wp\/v2\/product_cat?post=44158"},{"taxonomy":"product_tag","embeddable":true,"href":"https:\/\/www.libraria-occitana.org\/en\/wp-json\/wp\/v2\/product_tag?post=44158"}],"curies":[{"name":"wp","href":"https:\/\/api.w.org\/{rel}","templated":true}]}}