{"id":44164,"date":"2015-06-21T10:30:08","date_gmt":"2015-06-21T08:30:08","guid":{"rendered":"http:\/\/www.libraria-occitana.org\/?post_type=product&#038;p=44164"},"modified":"2025-03-09T00:38:17","modified_gmt":"2025-03-08T23:38:17","slug":"faubourgs","status":"publish","type":"product","link":"https:\/\/www.libraria-occitana.org\/en\/product\/faubourgs\/","title":{"rendered":"Faubourgs"},"content":{"rendered":"<p>Apr\u00e8s avoir connu la plus noire mis\u00e8re et pratiqu\u00e9 vingt m\u00e9tiers dans sa jeunesse, Lucien Bourgeois (1882-1947) fut longtemps ouvrier photograveur, profession que sa vue faiblissante devait lui interdire d&#8217;exercer. Il trouva par la suite, gr\u00e2ce \u00e0 Henry Poulaille, une place de magasinier-teneur de livres au service du mat\u00e9riel des Assurances sociales, place qu&#8217;il occupa jusqu&#8217;\u00e0 sa mort. Son \u0153uvre publi\u00e9e est mince ; outre <em>L&#8217;Ascension<\/em> qui retrace son autobiographie en des pages d&#8217;une rare qualit\u00e9 humaine, il a laiss\u00e9 ce recueil de r\u00e9cits prol\u00e9tariens \u00e9galement autobiographiques, <em>Faubourgs<\/em>, un court roman, <em>Midi \u00e0 XIV heures<\/em>, des nouvelles et des po\u00e8mes \u00e9pars dans des journaux et dans des petites revues de litt\u00e9rature ouvri\u00e8re. <em>L&#8217;Ascension<\/em> fut le premier livre r\u00e9\u00e9dit\u00e9 sous nos presses, voici aujourd&#8217;hui <em>Faubourgs<\/em>, enrichi d&#8217;un dossier document\u00e9 sur l&#8217;histoire de ce livre.<\/p>\n","protected":false},"excerpt":{"rendered":"<p>Apr\u00e8s avoir connu la plus noire mis\u00e8re et pratiqu\u00e9 vingt m\u00e9tiers dans sa jeunesse, Lucien Bourgeois (1882-1947) fut longtemps ouvrier photograveur, profession que sa vue faiblissante devait lui interdire d&#8217;exercer. Il trouva par la suite, gr\u00e2ce \u00e0 Henry Poulaille, une place de magasinier-teneur de livres au service du mat\u00e9riel des Assurances sociales, place qu&#8217;il occupa [&hellip;]<\/p>\n","protected":false},"featured_media":44162,"template":"","meta":{"_acf_changed":false,"_genesis_hide_title":false,"_genesis_hide_breadcrumbs":false,"_genesis_hide_singular_image":false,"_genesis_hide_footer_widgets":false,"_genesis_custom_body_class":"","_genesis_custom_post_class":"","_genesis_layout":""},"product_brand":[],"product_cat":[7132,7174,7186],"product_tag":[],"class_list":{"0":"post-44164","1":"product","2":"type-product","3":"status-publish","4":"has-post-thumbnail","6":"product_cat-books","7":"product_cat-literature-en","8":"product_cat-personal-narratives-memoirs-en","9":"pa_auteur-bourgeois-lucien-en","10":"pa_editeur-plein-chant-en","11":"pa_langue-francais-en","12":"entry","14":"first","15":"outofstock","16":"shipping-taxable","17":"purchasable","18":"product-type-simple"},"acf":[],"_links":{"self":[{"href":"https:\/\/www.libraria-occitana.org\/en\/wp-json\/wp\/v2\/product\/44164","targetHints":{"allow":["GET"]}}],"collection":[{"href":"https:\/\/www.libraria-occitana.org\/en\/wp-json\/wp\/v2\/product"}],"about":[{"href":"https:\/\/www.libraria-occitana.org\/en\/wp-json\/wp\/v2\/types\/product"}],"wp:featuredmedia":[{"embeddable":true,"href":"https:\/\/www.libraria-occitana.org\/en\/wp-json\/wp\/v2\/media\/44162"}],"wp:attachment":[{"href":"https:\/\/www.libraria-occitana.org\/en\/wp-json\/wp\/v2\/media?parent=44164"}],"wp:term":[{"taxonomy":"product_brand","embeddable":true,"href":"https:\/\/www.libraria-occitana.org\/en\/wp-json\/wp\/v2\/product_brand?post=44164"},{"taxonomy":"product_cat","embeddable":true,"href":"https:\/\/www.libraria-occitana.org\/en\/wp-json\/wp\/v2\/product_cat?post=44164"},{"taxonomy":"product_tag","embeddable":true,"href":"https:\/\/www.libraria-occitana.org\/en\/wp-json\/wp\/v2\/product_tag?post=44164"}],"curies":[{"name":"wp","href":"https:\/\/api.w.org\/{rel}","templated":true}]}}