{"id":44182,"date":"1985-09-21T10:43:24","date_gmt":"1985-09-21T08:43:24","guid":{"rendered":"http:\/\/www.libraria-occitana.org\/?post_type=product&#038;p=44182"},"modified":"2025-03-09T02:04:05","modified_gmt":"2025-03-09T01:04:05","slug":"un-mineur-vous-parle","status":"publish","type":"product","link":"https:\/\/www.libraria-occitana.org\/en\/product\/un-mineur-vous-parle\/","title":{"rendered":"Un mineur vous parle"},"content":{"rendered":"<p><em>Un mineur vous parle<\/em> recueille, avec des textes autobiographiques de la qualit\u00e9 et de la densit\u00e9 de l\u2019<em>Histoire de ma m\u00e8re et mon oncle Fernand<\/em>, de courts r\u00e9cits de la mine, une <em>Complainte des Carbeniers<\/em> et de belles pages sur \u00ab\u00a0Le Borinage qui meurt\u00a0\u00bb.<\/p>\n<p>Les pages autobiographiques retracent la carri\u00e8re de mineur de Malva et la gen\u00e8se de sa vocation d&#8217;\u00e9crivain. Pages essentielles qui nous montrent le cheminement solitaire vers l&#8217;expression litt\u00e9raire d&#8217;un homme qui ne fut jamais un amateur dans ce domaine. Car, au-del\u00e0 du t\u00e9moin qu\u2019il a voulu \u00eatre \u00e0 travers ses \u00e9crits, au-del\u00e0 de l\u2019auteur \u00ab\u00a0prol\u00e9tarien\u00a0\u00bb que la fatalit\u00e9 de sa condition a voulu qu\u2019il soit, Malva se r\u00e9v\u00e8le ici, comme dans toute son \u0153uvre, \u00eatre un \u00e9crivain au plein sens du terme, l\u2019\u00e9gal de ceux dont la place dans les histoires litt\u00e9raires est \u00e0 la t\u00eate des chapitres, de ceux-l\u00e0 m\u00eames qui restent \u00e0 travers le temps des phares et qui, aux yeux des lecteurs futurs symboliseront pour toujours d\u2019intenses moments de l\u2019aventure humaine\u00a0: plus qu\u2019un simple t\u00e9moin de la mine, plus qu\u2019un \u00e9crivain prol\u00e9tarien, Constant Malva est avant tout <em>un \u00e9crivain t\u00e9moin de son temps<\/em>.<\/p>\n","protected":false},"excerpt":{"rendered":"<p>Un mineur vous parle recueille, avec des textes autobiographiques de la qualit\u00e9 et de la densit\u00e9 de l\u2019Histoire de ma m\u00e8re et mon oncle Fernand, de courts r\u00e9cits de la mine, une Complainte des Carbeniers et de belles pages sur \u00ab\u00a0Le Borinage qui meurt\u00a0\u00bb. Les pages autobiographiques retracent la carri\u00e8re de mineur de Malva et [&hellip;]<\/p>\n","protected":false},"featured_media":44180,"template":"","meta":{"_acf_changed":false,"_genesis_hide_title":false,"_genesis_hide_breadcrumbs":false,"_genesis_hide_singular_image":false,"_genesis_hide_footer_widgets":false,"_genesis_custom_body_class":"","_genesis_custom_post_class":"","_genesis_layout":""},"product_brand":[],"product_cat":[7132,7174,7186],"product_tag":[],"class_list":{"0":"post-44182","1":"product","2":"type-product","3":"status-publish","4":"has-post-thumbnail","6":"product_cat-books","7":"product_cat-literature-en","8":"product_cat-personal-narratives-memoirs-en","9":"pa_auteur-malva-constant-en","10":"pa_editeur-plein-chant-en","11":"pa_langue-francais-en","12":"entry","14":"first","15":"instock","16":"shipping-taxable","17":"purchasable","18":"product-type-simple"},"acf":[],"_links":{"self":[{"href":"https:\/\/www.libraria-occitana.org\/en\/wp-json\/wp\/v2\/product\/44182","targetHints":{"allow":["GET"]}}],"collection":[{"href":"https:\/\/www.libraria-occitana.org\/en\/wp-json\/wp\/v2\/product"}],"about":[{"href":"https:\/\/www.libraria-occitana.org\/en\/wp-json\/wp\/v2\/types\/product"}],"wp:featuredmedia":[{"embeddable":true,"href":"https:\/\/www.libraria-occitana.org\/en\/wp-json\/wp\/v2\/media\/44180"}],"wp:attachment":[{"href":"https:\/\/www.libraria-occitana.org\/en\/wp-json\/wp\/v2\/media?parent=44182"}],"wp:term":[{"taxonomy":"product_brand","embeddable":true,"href":"https:\/\/www.libraria-occitana.org\/en\/wp-json\/wp\/v2\/product_brand?post=44182"},{"taxonomy":"product_cat","embeddable":true,"href":"https:\/\/www.libraria-occitana.org\/en\/wp-json\/wp\/v2\/product_cat?post=44182"},{"taxonomy":"product_tag","embeddable":true,"href":"https:\/\/www.libraria-occitana.org\/en\/wp-json\/wp\/v2\/product_tag?post=44182"}],"curies":[{"name":"wp","href":"https:\/\/api.w.org\/{rel}","templated":true}]}}