{"id":44194,"date":"2018-12-22T12:28:06","date_gmt":"2018-12-22T11:28:06","guid":{"rendered":"http:\/\/www.libraria-occitana.org\/?post_type=product&#038;p=44194"},"modified":"2026-04-18T04:42:05","modified_gmt":"2026-04-18T02:42:05","slug":"teules-e-teulieras-memoires-tuilieres-en-limousin-en-lemosin-21","status":"publish","type":"product","link":"https:\/\/www.libraria-occitana.org\/en\/product\/teules-e-teulieras-memoires-tuilieres-en-limousin-en-lemosin-21\/","title":{"rendered":"Teules e teulieras &#8211; M\u00e9moires tuili\u00e8res en Limousin (En Lemosin 21)"},"content":{"rendered":"<p>\u00ab Los teules plats, qu&#8217;es l&#8217;arma dau pa\u00eds&#8230; Qu&#8217;es la terra dau pa\u00eds que parla !\u00a0\u00bb<\/p>\n<p>Les gens de Puycheny auraient pu prendre le bon Dieu pour un bien d\u00e9plaisant farceur qui ne leur aurait pas attribu\u00e9 les meilleures terres&#8230; Non pas ! Au pied de leur <em>tuquet<\/em> o\u00f9 les rochers de serpentine pointent leur nez au milieu de la lande, ils ont su tirer parti de l&#8217;adversit\u00e9 g\u00e9ologique en moulant et en cuisant la terre grasse qui collait \u00e0 leurs sabots. Et, en bons Limousins laborieux, ils en ont fait des tuiles et des briques. Une v\u00e9ritable industrie locale en est n\u00e9e, avec une douzaine de tuileries qui assuraient autrefois un compl\u00e9ment de revenus \u00e0 bon nombre de petits paysans des environs qui venaient y travailler \u00e0 la belle saison&#8230;<br \/>\nSi aujourd&#8217;hui deux entreprises perp\u00e9tuent encore cette activit\u00e9 traditionnelle avec des \u00e9quipements modernis\u00e9s, c&#8217;est avec tristesse qu&#8217;on observera \u00e7a et l\u00e0 les vieux b\u00e2timents de tuileries d\u00e9laiss\u00e9s sombrer dignement dans les broussailles.<br \/>\nMais, dans les villages alentours, il reste heureusement quelques m\u00e9moires pour nous \u00e9voquer l&#8217;importance de ce petit \u00e2ge d&#8217;or tuilier.<\/p>\n<p>Un documentaire de 35 mn, en occitan sous-titr\u00e9 en fran\u00e7ais, r\u00e9alis\u00e9 par l\u2019Institut d\u2019Estudis Occitans dau Lemosin, 2018.<\/p>\n","protected":false},"excerpt":{"rendered":"<p>\u00ab Los teules plats, qu&#8217;es l&#8217;arma dau pa\u00eds&#8230; Qu&#8217;es la terra dau pa\u00eds que parla !\u00a0\u00bb Les gens de Puycheny auraient pu prendre le bon Dieu pour un bien d\u00e9plaisant farceur qui ne leur aurait pas attribu\u00e9 les meilleures terres&#8230; Non pas ! Au pied de leur tuquet o\u00f9 les rochers de serpentine pointent leur [&hellip;]<\/p>\n","protected":false},"featured_media":44197,"template":"","meta":{"_acf_changed":false,"_genesis_hide_title":false,"_genesis_hide_breadcrumbs":false,"_genesis_hide_singular_image":false,"_genesis_hide_footer_widgets":false,"_genesis_custom_body_class":"","_genesis_custom_post_class":"","_genesis_layout":""},"product_brand":[],"product_cat":[7241,7249],"product_tag":[],"class_list":{"0":"post-44194","1":"product","2":"type-product","3":"status-publish","4":"has-post-thumbnail","6":"product_cat-documentary-en","7":"product_cat-videos-3-en","8":"pa_auteur-ieo-lemosin-fr-en","9":"pa_editeur-ieo-lemosin-en-2","10":"pa_langue-occitan-lemosin-en","11":"pa_langue-occitan-francais-en","12":"entry","14":"first","15":"outofstock","16":"shipping-taxable","17":"purchasable","18":"product-type-simple"},"acf":[],"_links":{"self":[{"href":"https:\/\/www.libraria-occitana.org\/en\/wp-json\/wp\/v2\/product\/44194","targetHints":{"allow":["GET"]}}],"collection":[{"href":"https:\/\/www.libraria-occitana.org\/en\/wp-json\/wp\/v2\/product"}],"about":[{"href":"https:\/\/www.libraria-occitana.org\/en\/wp-json\/wp\/v2\/types\/product"}],"wp:featuredmedia":[{"embeddable":true,"href":"https:\/\/www.libraria-occitana.org\/en\/wp-json\/wp\/v2\/media\/44197"}],"wp:attachment":[{"href":"https:\/\/www.libraria-occitana.org\/en\/wp-json\/wp\/v2\/media?parent=44194"}],"wp:term":[{"taxonomy":"product_brand","embeddable":true,"href":"https:\/\/www.libraria-occitana.org\/en\/wp-json\/wp\/v2\/product_brand?post=44194"},{"taxonomy":"product_cat","embeddable":true,"href":"https:\/\/www.libraria-occitana.org\/en\/wp-json\/wp\/v2\/product_cat?post=44194"},{"taxonomy":"product_tag","embeddable":true,"href":"https:\/\/www.libraria-occitana.org\/en\/wp-json\/wp\/v2\/product_tag?post=44194"}],"curies":[{"name":"wp","href":"https:\/\/api.w.org\/{rel}","templated":true}]}}