{"id":44203,"date":"2016-03-22T12:53:44","date_gmt":"2016-03-22T11:53:44","guid":{"rendered":"http:\/\/www.libraria-occitana.org\/product\/faites-vos-graines-bio-et-libres\/"},"modified":"2026-04-14T22:46:30","modified_gmt":"2026-04-14T20:46:30","slug":"faites-vos-graines-bio-et-libres","status":"publish","type":"product","link":"https:\/\/www.libraria-occitana.org\/en\/product\/faites-vos-graines-bio-et-libres\/","title":{"rendered":"Faites vos graines bio et libres"},"content":{"rendered":"<p>Ce livre est destin\u00e9 \u00e0 toutes les personnes voulant s&#8217;initier \u00e0 la multiplication des plantes par graines, il int\u00e9ressera donc les jardiniers voulant faire des \u00e9conomies d&#8217;achat de semences ou simplement mieux les g\u00e9rer, les militants voulant \u00e9largir leur palette d&#8217;outils de combat et em&#8230; les grands groupes semenciers, les citadins ayant m\u00eame juste un balcon et voulant participer \u00e0 ce combat, les multiplicateurs d\u00e9butants voulant comprendre un peu mieux leurs \u00e9checs et confirmer leurs r\u00e9ussites.<\/p>\n<p>Il vous permettra de construire votre propre itin\u00e9raire de multiplicateur et pourquoi pas d&#8217;am\u00e9liorateur. Alors, haut les c\u0153urs ! Et au travail, car si dans mon livre pr\u00e9c\u00e9dent sur les serres le r\u00e9sultat mat\u00e9riel \u00e9tait imm\u00e9diat, je vous invite l\u00e0 \u00e0 une d\u00e9marche de longue haleine, quasiment initiatique, au c\u0153ur de la nature et du vivant.<\/p>\n","protected":false},"excerpt":{"rendered":"<p>Ce livre est destin\u00e9 \u00e0 toutes les personnes voulant s&#8217;initier \u00e0 la multiplication des plantes par graines, il int\u00e9ressera donc les jardiniers voulant faire des \u00e9conomies d&#8217;achat de semences ou simplement mieux les g\u00e9rer, les militants voulant \u00e9largir leur palette d&#8217;outils de combat et em&#8230; les grands groupes semenciers, les citadins ayant m\u00eame juste un [&hellip;]<\/p>\n","protected":false},"featured_media":44201,"template":"","meta":{"_acf_changed":false,"_genesis_hide_title":false,"_genesis_hide_breadcrumbs":false,"_genesis_hide_singular_image":false,"_genesis_hide_footer_widgets":false,"_genesis_custom_body_class":"","_genesis_custom_post_class":"","_genesis_layout":""},"product_brand":[],"product_cat":[7132,7200,7196],"product_tag":[],"class_list":{"0":"post-44203","1":"product","2":"type-product","3":"status-publish","4":"has-post-thumbnail","6":"product_cat-books","7":"product_cat-nature-gardening-en","8":"product_cat-nature-tourism-en","9":"pa_auteur-geoffrion-christophe-en","10":"pa_editeur-utovie-en","11":"pa_langue-francais-en","12":"entry","14":"first","15":"outofstock","16":"shipping-taxable","17":"purchasable","18":"product-type-simple"},"acf":[],"_links":{"self":[{"href":"https:\/\/www.libraria-occitana.org\/en\/wp-json\/wp\/v2\/product\/44203","targetHints":{"allow":["GET"]}}],"collection":[{"href":"https:\/\/www.libraria-occitana.org\/en\/wp-json\/wp\/v2\/product"}],"about":[{"href":"https:\/\/www.libraria-occitana.org\/en\/wp-json\/wp\/v2\/types\/product"}],"wp:featuredmedia":[{"embeddable":true,"href":"https:\/\/www.libraria-occitana.org\/en\/wp-json\/wp\/v2\/media\/44201"}],"wp:attachment":[{"href":"https:\/\/www.libraria-occitana.org\/en\/wp-json\/wp\/v2\/media?parent=44203"}],"wp:term":[{"taxonomy":"product_brand","embeddable":true,"href":"https:\/\/www.libraria-occitana.org\/en\/wp-json\/wp\/v2\/product_brand?post=44203"},{"taxonomy":"product_cat","embeddable":true,"href":"https:\/\/www.libraria-occitana.org\/en\/wp-json\/wp\/v2\/product_cat?post=44203"},{"taxonomy":"product_tag","embeddable":true,"href":"https:\/\/www.libraria-occitana.org\/en\/wp-json\/wp\/v2\/product_tag?post=44203"}],"curies":[{"name":"wp","href":"https:\/\/api.w.org\/{rel}","templated":true}]}}