{"id":44261,"date":"2018-04-23T14:06:33","date_gmt":"2018-04-23T12:06:33","guid":{"rendered":"http:\/\/www.libraria-occitana.org\/product\/nathanael-sous-le-figuier-de-marcelle-delpastre-recital-a-deux-voix\/"},"modified":"2026-04-12T01:31:44","modified_gmt":"2026-04-11T23:31:44","slug":"nathanael-sous-le-figuier-de-marcelle-delpastre-recital-a-deux-voix","status":"publish","type":"product","link":"https:\/\/www.libraria-occitana.org\/en\/product\/nathanael-sous-le-figuier-de-marcelle-delpastre-recital-a-deux-voix\/","title":{"rendered":"\u00ab Nathana\u00ebl sous le figuier \u00bb de Marcelle Delpastre : R\u00e9cital \u00e0 deux voix"},"content":{"rendered":"<p>1. La Luna (Po\u00e8me de Marcelle Delpastre) 2&#8217;50<\/p>\n<p>2. Natanael jos lo figier :<br \/>\n&#8211; Partie I 19&#8217;05<br \/>\n&#8211; Partie II 8&#8217;41<br \/>\n&#8211; Partie III 18&#8217;31<\/p>\n<p>Texte dit par Th\u00e9r\u00e8se Canet.<br \/>\nMusique de et par Marie-Laure Fraysse.<\/p>\n<p>Enregistr\u00e9 en avril 2018 \u00e0 Argentat avec la participation de Jean-Marc Duffau.<\/p>\n<p>Le texte de\u00a0Natanael jos lo figier est publi\u00e9 dans <a href=\"http:\/\/www.libraria-occitana.org\/produit\/duna-lenga-lautra\/\"><em>D&#8217;una lenga l&#8217;autra<\/em><\/a> aux \u00e9ditions Lo Chamin de Sent Jaume.<\/p>\n","protected":false},"excerpt":{"rendered":"<p>1. La Luna (Po\u00e8me de Marcelle Delpastre) 2&#8217;50 2. Natanael jos lo figier : &#8211; Partie I 19&#8217;05 &#8211; Partie II 8&#8217;41 &#8211; Partie III 18&#8217;31 Texte dit par Th\u00e9r\u00e8se Canet. Musique de et par Marie-Laure Fraysse. Enregistr\u00e9 en avril 2018 \u00e0 Argentat avec la participation de Jean-Marc Duffau. Le texte de\u00a0Natanael jos lo figier [&hellip;]<\/p>\n","protected":false},"featured_media":44259,"template":"","meta":{"_acf_changed":false,"_genesis_hide_title":false,"_genesis_hide_breadcrumbs":false,"_genesis_hide_singular_image":false,"_genesis_hide_footer_widgets":false,"_genesis_custom_body_class":"","_genesis_custom_post_class":"","_genesis_layout":""},"product_brand":[],"product_cat":[7224,7216],"product_tag":[],"class_list":{"0":"post-44261","1":"product","2":"type-product","3":"status-publish","4":"has-post-thumbnail","6":"product_cat-litterature-musique-en","7":"product_cat-music-en","8":"pa_auteur-canet-teresa-en","9":"pa_auteur-fraysse-marie-laure-en","10":"pa_editeur-voix-nomades-en","11":"pa_langue-francais-en","12":"pa_langue-occitan-en","13":"pa_langue-occitan-lemosin-en","14":"entry","16":"first","17":"instock","18":"shipping-taxable","19":"purchasable","20":"product-type-simple"},"acf":[],"_links":{"self":[{"href":"https:\/\/www.libraria-occitana.org\/en\/wp-json\/wp\/v2\/product\/44261","targetHints":{"allow":["GET"]}}],"collection":[{"href":"https:\/\/www.libraria-occitana.org\/en\/wp-json\/wp\/v2\/product"}],"about":[{"href":"https:\/\/www.libraria-occitana.org\/en\/wp-json\/wp\/v2\/types\/product"}],"wp:featuredmedia":[{"embeddable":true,"href":"https:\/\/www.libraria-occitana.org\/en\/wp-json\/wp\/v2\/media\/44259"}],"wp:attachment":[{"href":"https:\/\/www.libraria-occitana.org\/en\/wp-json\/wp\/v2\/media?parent=44261"}],"wp:term":[{"taxonomy":"product_brand","embeddable":true,"href":"https:\/\/www.libraria-occitana.org\/en\/wp-json\/wp\/v2\/product_brand?post=44261"},{"taxonomy":"product_cat","embeddable":true,"href":"https:\/\/www.libraria-occitana.org\/en\/wp-json\/wp\/v2\/product_cat?post=44261"},{"taxonomy":"product_tag","embeddable":true,"href":"https:\/\/www.libraria-occitana.org\/en\/wp-json\/wp\/v2\/product_tag?post=44261"}],"curies":[{"name":"wp","href":"https:\/\/api.w.org\/{rel}","templated":true}]}}