{"id":44302,"date":"2019-01-24T18:53:19","date_gmt":"2019-01-24T17:53:19","guid":{"rendered":"http:\/\/www.libraria-occitana.org\/product\/quo-me-taina-destre-deman-libre-cd\/"},"modified":"2026-04-16T20:16:34","modified_gmt":"2026-04-16T18:16:34","slug":"quo-me-taina-destre-deman-libre-cd","status":"publish","type":"product","link":"https:\/\/www.libraria-occitana.org\/en\/product\/quo-me-taina-destre-deman-libre-cd\/","title":{"rendered":"Qu\u00f2 me taina d&#8217;estre deman ! (libre + CD)"},"content":{"rendered":"<p>\u00ab Quo es lo darrier jorn de las vacan\u00e7as.<br \/>\nMe&#8217;n vau veire ma novela esc\u00f2la, un c\u00f2p de mai, eimatginar coma ser\u00e1 deman&#8230;\u00bb<\/p>\n<p>(C&#8217;est le dernier jour des vacances.\u00a0Je vais voir ma nouvelle \u00e9cole, une fois de plus, imaginer comment ce sera demain&#8230;)<\/p>\n<p>Un album pour aider \u00e0 l&#8217;apprentissage de la lecture et du langage oral. C&#8217;est l&#8217;histoire d&#8217;un personnage qui nous parle de ses \u00e9motions, de ses pens\u00e9es et sentiments un jour de rentr\u00e9e.<br \/>\nCette histoire est l&#8217;occasion, entre autre, de faire parler les \u00e9l\u00e8ves sur leurs \u00e9motions et ressentis, de parler ensemble, entre eux, d&#8217;\u00e9changer, d&#8217;expliquer.<\/p>\n<p>Cycles 1-2<br \/>\nLivret p\u00e9dagogique sur <a href=\"http:\/\/capoc.crdp-aquitaine.fr\">http:\/\/capoc.crdp-aquitaine.fr<\/a><\/p>\n","protected":false},"excerpt":{"rendered":"<p>\u00ab Quo es lo darrier jorn de las vacan\u00e7as. Me&#8217;n vau veire ma novela esc\u00f2la, un c\u00f2p de mai, eimatginar coma ser\u00e1 deman&#8230;\u00bb (C&#8217;est le dernier jour des vacances.\u00a0Je vais voir ma nouvelle \u00e9cole, une fois de plus, imaginer comment ce sera demain&#8230;) Un album pour aider \u00e0 l&#8217;apprentissage de la lecture et du langage [&hellip;]<\/p>\n","protected":false},"featured_media":44300,"template":"","meta":{"_acf_changed":false,"_genesis_hide_title":false,"_genesis_hide_breadcrumbs":false,"_genesis_hide_singular_image":false,"_genesis_hide_footer_widgets":false,"_genesis_custom_body_class":"","_genesis_custom_post_class":"","_genesis_layout":""},"product_brand":[],"product_cat":[7132,7170,7164],"product_tag":[],"class_list":{"0":"post-44302","1":"product","2":"type-product","3":"status-publish","4":"has-post-thumbnail","6":"product_cat-books","7":"product_cat-juvenile-en","8":"product_cat-juvenile-and-teen-comics-humour-en","9":"pa_auteur-capoc-en","10":"pa_editeur-canope-editions-en","11":"pa_illustrateur-ratinaud-patrick-ratineaud-patrick-en","12":"pa_illustrateur-regani-soufie-en","13":"pa_langue-occitan-lemosin-en","14":"pa_langue-occitan-francais-en","15":"entry","17":"first","18":"instock","19":"shipping-taxable","20":"purchasable","21":"product-type-simple"},"acf":[],"_links":{"self":[{"href":"https:\/\/www.libraria-occitana.org\/en\/wp-json\/wp\/v2\/product\/44302","targetHints":{"allow":["GET"]}}],"collection":[{"href":"https:\/\/www.libraria-occitana.org\/en\/wp-json\/wp\/v2\/product"}],"about":[{"href":"https:\/\/www.libraria-occitana.org\/en\/wp-json\/wp\/v2\/types\/product"}],"wp:featuredmedia":[{"embeddable":true,"href":"https:\/\/www.libraria-occitana.org\/en\/wp-json\/wp\/v2\/media\/44300"}],"wp:attachment":[{"href":"https:\/\/www.libraria-occitana.org\/en\/wp-json\/wp\/v2\/media?parent=44302"}],"wp:term":[{"taxonomy":"product_brand","embeddable":true,"href":"https:\/\/www.libraria-occitana.org\/en\/wp-json\/wp\/v2\/product_brand?post=44302"},{"taxonomy":"product_cat","embeddable":true,"href":"https:\/\/www.libraria-occitana.org\/en\/wp-json\/wp\/v2\/product_cat?post=44302"},{"taxonomy":"product_tag","embeddable":true,"href":"https:\/\/www.libraria-occitana.org\/en\/wp-json\/wp\/v2\/product_tag?post=44302"}],"curies":[{"name":"wp","href":"https:\/\/api.w.org\/{rel}","templated":true}]}}