{"id":44346,"date":"2017-06-06T10:35:03","date_gmt":"2017-06-06T08:35:03","guid":{"rendered":"http:\/\/www.libraria-occitana.org\/product\/tsapluzaires\/"},"modified":"2026-04-16T04:17:01","modified_gmt":"2026-04-16T02:17:01","slug":"tsapluzaires","status":"publish","type":"product","link":"https:\/\/www.libraria-occitana.org\/en\/product\/tsapluzaires\/","title":{"rendered":"Tsapluza\u00efres"},"content":{"rendered":"<p><strong>Wilton Maurel :<\/strong> Violon, voix et pieds<br \/>\n<strong>Simon Guy :<\/strong> Violon, guitare et voix<\/p>\n<p>\u00ab Tsapluza\u00efres\u00a0\u00bb* : nom commun d\u00e9signant les tailleurs de bois inspir\u00e9s, artistes instinctifs, faiseurs de copeaux et perdeurs de temps.<br \/>\nSimon Guy et Wilton Maurel sont deux \u00ab tsapluza\u00efres\u00a0\u00bb dans l&#8217;\u00e2me, jouant dans la cat\u00e9gorie \u00ab racleurs de cordes \u00bb, \u00e0 la recherche de leur propre art dans le ciselage des duramens m\u00e9lodiques du Massif Central : quelques copeaux de musiques enregistr\u00e9s \u00e0 force de discussions \u00e0 violons rompus.<\/p>\n<p><strong>Titres :<\/strong><br \/>\n1. Le Vicaire (Trad. Corr\u00e8ze) 2&#8217;28<br \/>\n2. Bourr\u00e9e \u00e0 Gustave Ythier \/ Bourr\u00e9e \u00e0 Baptiste Porte (Trad. Cantal \/ Trad. Corr\u00e8ze) 4&#8217;02<br \/>\n3. Louise \/ Le Pas du Loup (Wilton Maurel \/ Trad. Auvergne) 3&#8217;51<br \/>\n4. Rondes du Nid de la Poule (Simon Guy) 3&#8217;59<br \/>\n5. Valse \u00e0 Chabrier (Trad. Cantal) 4&#8217;30<\/p>\n<p>* De l&#8217;occitan\u00a0\u00ab chapusar \u00bb : travailler, d\u00e9couper, sculpter le bois.<\/p>\n","protected":false},"excerpt":{"rendered":"<p>Wilton Maurel : Violon, voix et pieds Simon Guy : Violon, guitare et voix \u00ab Tsapluza\u00efres\u00a0\u00bb* : nom commun d\u00e9signant les tailleurs de bois inspir\u00e9s, artistes instinctifs, faiseurs de copeaux et perdeurs de temps. Simon Guy et Wilton Maurel sont deux \u00ab tsapluza\u00efres\u00a0\u00bb dans l&#8217;\u00e2me, jouant dans la cat\u00e9gorie \u00ab racleurs de cordes \u00bb, \u00e0 [&hellip;]<\/p>\n","protected":false},"featured_media":44344,"template":"","meta":{"_acf_changed":false,"_genesis_hide_title":false,"_genesis_hide_breadcrumbs":false,"_genesis_hide_singular_image":false,"_genesis_hide_footer_widgets":false,"_genesis_custom_body_class":"","_genesis_custom_post_class":"","_genesis_layout":""},"product_brand":[],"product_cat":[7228,7216],"product_tag":[],"class_list":{"0":"post-44346","1":"product","2":"type-product","3":"status-publish","4":"has-post-thumbnail","6":"product_cat-modern-folk-en","7":"product_cat-music-en","8":"pa_auteur-tsapluzaires-en","9":"pa_langue-francais-en","10":"entry","12":"first","13":"instock","14":"shipping-taxable","15":"purchasable","16":"product-type-simple"},"acf":[],"_links":{"self":[{"href":"https:\/\/www.libraria-occitana.org\/en\/wp-json\/wp\/v2\/product\/44346","targetHints":{"allow":["GET"]}}],"collection":[{"href":"https:\/\/www.libraria-occitana.org\/en\/wp-json\/wp\/v2\/product"}],"about":[{"href":"https:\/\/www.libraria-occitana.org\/en\/wp-json\/wp\/v2\/types\/product"}],"wp:featuredmedia":[{"embeddable":true,"href":"https:\/\/www.libraria-occitana.org\/en\/wp-json\/wp\/v2\/media\/44344"}],"wp:attachment":[{"href":"https:\/\/www.libraria-occitana.org\/en\/wp-json\/wp\/v2\/media?parent=44346"}],"wp:term":[{"taxonomy":"product_brand","embeddable":true,"href":"https:\/\/www.libraria-occitana.org\/en\/wp-json\/wp\/v2\/product_brand?post=44346"},{"taxonomy":"product_cat","embeddable":true,"href":"https:\/\/www.libraria-occitana.org\/en\/wp-json\/wp\/v2\/product_cat?post=44346"},{"taxonomy":"product_tag","embeddable":true,"href":"https:\/\/www.libraria-occitana.org\/en\/wp-json\/wp\/v2\/product_tag?post=44346"}],"curies":[{"name":"wp","href":"https:\/\/api.w.org\/{rel}","templated":true}]}}