{"id":44447,"date":"2006-01-05T18:53:53","date_gmt":"2006-01-05T17:53:53","guid":{"rendered":"http:\/\/www.libraria-occitana.org\/product\/sites-archeologiques-et-vegetation-lexemple-du-limousin\/"},"modified":"2026-04-26T07:21:35","modified_gmt":"2026-04-26T05:21:35","slug":"sites-archeologiques-et-vegetation-lexemple-du-limousin","status":"publish","type":"product","link":"https:\/\/www.libraria-occitana.org\/en\/product\/sites-archeologiques-et-vegetation-lexemple-du-limousin\/","title":{"rendered":"Sites arch\u00e9ologiques et v\u00e9g\u00e9tation : l&#8217;exemple du Limousin"},"content":{"rendered":"<p>La recherche arch\u00e9ologique contemporaine, fond\u00e9e sur l&#8217;interdisciplinarit\u00e9, fait d\u00e9sormais appel \u00e0 des sciences fort diverses, telles que la g\u00e9ologie, la g\u00e9ographie physique, la toponymie&#8230; et la botanique de terrain.<br \/>\nDepuis 1993, la revue <em>Travaux d&#8217;Arch\u00e9ologie Limousine<\/em> a publi\u00e9 une suite d&#8217;articles illustrant l&#8217;\u00e9troite relation entre les sites arch\u00e9ologiques et leurs anomalies v\u00e9g\u00e9tales.<br \/>\nL&#8217;objet du pr\u00e9sent ouvrage est de faire la synth\u00e8se de l&#8217;ensemble de ces recherches et de donner la clef de ces anomalies. Trente-trois sites arch\u00e9ologiques ont \u00e9t\u00e9 inventori\u00e9s : dix-sept pour l&#8217;\u00e9poque gallo-romaine et seize pour l&#8217;\u00e9poque m\u00e9di\u00e9vale r\u00e9partis dans les trois d\u00e9partements du Limousin. Apr\u00e8s la br\u00e8ve pr\u00e9sentation des sites et le rappel des caract\u00e8res de la v\u00e9g\u00e9tation naturelle r\u00e9gionale, sont d\u00e9finies les m\u00e9thodes d&#8217;analyse de la flore et des sols. Puis, les diff\u00e9rentes esp\u00e8ces v\u00e9g\u00e9tales observ\u00e9es dans les sites et hors des sites sont rassembl\u00e9es en tableaux comparatifs qui sont ensuite analys\u00e9s avec pr\u00e9cision. Une analyse chimique des sols permet de confirmer l&#8217;originalit\u00e9 de la v\u00e9g\u00e9tation. Enfin, il est propos\u00e9 une liste d&#8217;esp\u00e8ces potentiellement indicatrices des sites arch\u00e9ologiques.<br \/>\nCette publication doit pouvoir servir de r\u00e9f\u00e9rence aux arch\u00e9ologues et aux botanistes et int\u00e9resser un large public.<\/p>\n<p><strong>Sommaire :<\/strong><\/p>\n<p><strong>Pr\u00e9face (p. 7)<\/strong><\/p>\n<p><strong>Introduction :\u00a0Les \u00ab anomalies botaniques \u00bb des vestiges arch\u00e9ologiques (p. 9)<\/strong><\/p>\n<p><strong>Chapitre 1 :\u00a0La r\u00e9gion du Limousin, caract\u00e9ristiques g\u00e9n\u00e9rales (p. 13)<\/strong><br \/>\nG\u00e9ologie et p\u00e9dologie (p.13)<br \/>\nV\u00e9g\u00e9tation foresti\u00e8re (p.15)<\/p>\n<p><strong>Chapitre 2 :\u00a0Les sites arch\u00e9ologiques \u00e9tudi\u00e9s dans la r\u00e9gion Limousin (p. 19)<\/strong><br \/>\n\u00c9poque gallo-romaine (p.19)<br \/>\n\u00c9poque m\u00e9di\u00e9vale (p.26)<\/p>\n<p><strong>Chapitre 3 :\u00a0M\u00e9thodes d\u2019\u00e9tude (p. 35)<\/strong><br \/>\nInventaires botaniques (p.35)<br \/>\nClassement des esp\u00e8ces v\u00e9g\u00e9tales par affinit\u00e9s \u00e9cologiques (p. 36)<br \/>\nAnalyses p\u00e9dochimiques (p.38)<\/p>\n<p><strong>Chapitre 4 :\u00a0La v\u00e9g\u00e9tation des sites arch\u00e9ologiques (p. 39)<\/strong><br \/>\nAnalyse qualitative (p.39)<br \/>\nBilan phyto\u00e9cologique (p.63)<\/p>\n<p><strong>Chapitre 5 :\u00a0Esp\u00e8ces v\u00e9g\u00e9tales particuli\u00e8rement li\u00e9es aux sites arch\u00e9ologiques (p. 71)<\/strong><br \/>\nProposition d\u2019une liste de plantes potentiellement indicatrices<\/p>\n<p><strong>Conclusion (p. 89)<\/strong><\/p>\n<p><strong>Annexe (p. 91) :\u00a0Liste compl\u00e8te des esp\u00e8ces v\u00e9g\u00e9tales mentionn\u00e9es, class\u00e9es par groupes \u00e9cologiques<\/strong><\/p>\n","protected":false},"excerpt":{"rendered":"<p>La recherche arch\u00e9ologique contemporaine, fond\u00e9e sur l&#8217;interdisciplinarit\u00e9, fait d\u00e9sormais appel \u00e0 des sciences fort diverses, telles que la g\u00e9ologie, la g\u00e9ographie physique, la toponymie&#8230; et la botanique de terrain. Depuis 1993, la revue Travaux d&#8217;Arch\u00e9ologie Limousine a publi\u00e9 une suite d&#8217;articles illustrant l&#8217;\u00e9troite relation entre les sites arch\u00e9ologiques et leurs anomalies v\u00e9g\u00e9tales. L&#8217;objet du pr\u00e9sent [&hellip;]<\/p>\n","protected":false},"featured_media":53578,"template":"","meta":{"_acf_changed":false,"_genesis_hide_title":false,"_genesis_hide_breadcrumbs":false,"_genesis_hide_singular_image":false,"_genesis_hide_footer_widgets":false,"_genesis_custom_body_class":"","_genesis_custom_post_class":"","_genesis_layout":""},"product_brand":[],"product_cat":[7154,7132,7148],"product_tag":[],"class_list":{"0":"post-44447","1":"product","2":"type-product","3":"status-publish","4":"has-post-thumbnail","6":"product_cat-ancient-history-en","7":"product_cat-books","8":"product_cat-history-geography-en","9":"pa_auteur-ghestem-axel-en","10":"pa_editeur-archeologie-en-limousin-en","11":"pa_langue-francais-en","12":"entry","14":"first","15":"instock","16":"shipping-taxable","17":"purchasable","18":"product-type-simple"},"acf":[],"_links":{"self":[{"href":"https:\/\/www.libraria-occitana.org\/en\/wp-json\/wp\/v2\/product\/44447","targetHints":{"allow":["GET"]}}],"collection":[{"href":"https:\/\/www.libraria-occitana.org\/en\/wp-json\/wp\/v2\/product"}],"about":[{"href":"https:\/\/www.libraria-occitana.org\/en\/wp-json\/wp\/v2\/types\/product"}],"wp:featuredmedia":[{"embeddable":true,"href":"https:\/\/www.libraria-occitana.org\/en\/wp-json\/wp\/v2\/media\/53578"}],"wp:attachment":[{"href":"https:\/\/www.libraria-occitana.org\/en\/wp-json\/wp\/v2\/media?parent=44447"}],"wp:term":[{"taxonomy":"product_brand","embeddable":true,"href":"https:\/\/www.libraria-occitana.org\/en\/wp-json\/wp\/v2\/product_brand?post=44447"},{"taxonomy":"product_cat","embeddable":true,"href":"https:\/\/www.libraria-occitana.org\/en\/wp-json\/wp\/v2\/product_cat?post=44447"},{"taxonomy":"product_tag","embeddable":true,"href":"https:\/\/www.libraria-occitana.org\/en\/wp-json\/wp\/v2\/product_tag?post=44447"}],"curies":[{"name":"wp","href":"https:\/\/api.w.org\/{rel}","templated":true}]}}