{"id":44450,"date":"2002-11-05T19:04:56","date_gmt":"2002-11-05T18:04:56","guid":{"rendered":"http:\/\/www.libraria-occitana.org\/product\/les-noms-de-lieux-du-limousin-temoins-de-lhistoire-dune-region\/"},"modified":"2026-04-29T03:21:56","modified_gmt":"2026-04-29T01:21:56","slug":"les-noms-de-lieux-du-limousin-temoins-de-lhistoire-dune-region","status":"publish","type":"product","link":"https:\/\/www.libraria-occitana.org\/en\/product\/les-noms-de-lieux-du-limousin-temoins-de-lhistoire-dune-region\/","title":{"rendered":"Les noms de lieux du Limousin, t\u00e9moins de l&#8217;histoire d&#8217;une r\u00e9gion"},"content":{"rendered":"<p><strong>Sommaire :<\/strong><\/p>\n<p><strong>La toponymie et ses m\u00e9thodes (p. 13)<\/strong><\/p>\n<p><strong>Premi\u00e8re partie : Les grandes \u00e9tapes de la formation des toponymes\u00a0(p. 17)<\/strong><\/p>\n<p><strong>I &#8211; Formations celtiques ou pr\u00e9celtiques (p. 19)<\/strong><br \/>\nLes \u00e9l\u00e9ments d\u2019origine pr\u00e9celtique (19)<br \/>\nLes formations gauloises et leur chronologie (19)<br \/>\nNoms de rivi\u00e8res (20)<br \/>\nNoms relatifs \u00e0 l\u2019eau et aux cours d\u2019eau (22)<br \/>\nNoms de hauteurs (24)<br \/>\nEspaces d\u00e9couverts, clairi\u00e8res (25)<br \/>\nLieux de march\u00e9s (27)<br \/>\nNoms compos\u00e9s avec <em>-dunum<\/em> et <em>-durum<\/em> (28)<br \/>\nLe suffixe <em>-ate<\/em> (30)<br \/>\nAspects divers de l\u2019occupation du sol (30)<br \/>\nReligion gauloise (31)<br \/>\nNoms gaulois de sens obscur (32)<\/p>\n<p><strong>II &#8211; Formations latines ou romanes (p. 33)<\/strong><br \/>\nUne formation gallo-latine (<em>Augustoritum<\/em>) et le nom de <em>Limoges<\/em> (33)<br \/>\nLe suffixe<em> -acum<\/em> (34)<br \/>\nD\u00e9riv\u00e9s avec <em>-acum<\/em> de noms de personnes gaulois ou latins (35)<br \/>\nD\u00e9riv\u00e9s avec <em>-acum<\/em> de noms \u00e9voquant le milieu naturel ou humain (53)<br \/>\nD\u00e9riv\u00e9s avec <em>-acum<\/em> d\u2019un premier \u00e9l\u00e9ment obscur (54)<br \/>\nLe suffixe <em>-anum<\/em> ou <em>-anas<\/em> (57)<br \/>\nLe suffixe<em> -anicum<\/em> (59)<br \/>\nAutres suffixes (61)<br \/>\nNoms de personnes employ\u00e9s seuls (62)<br \/>\nNoms de divinit\u00e9s romaines (65)<br \/>\nAutres noms (66)<\/p>\n<p><strong>III &#8211; L\u2019apport germanique (p. 68)<\/strong><br \/>\nNoms d\u2019hommes germaniques employ\u00e9s seuls (68)<br \/>\nD\u00e9riv\u00e9s de noms de personnes germaniques avec suffixes latins (69)<br \/>\nD\u00e9riv\u00e9s form\u00e9s avec suffixes germaniques (70)<br \/>\nAutres formation de l\u2019\u00e9poque franque (71)<\/p>\n<p><strong>IV &#8211; Les formations occitanes (p. 72)<\/strong><\/p>\n<p><strong>V &#8211; La p\u00e9n\u00e9tration du fran\u00e7ais (p. 74)<\/strong><\/p>\n<p><strong>Deuxi\u00e8me partie : Th\u00e8mes toponymiques\u00a0(p. 75)<\/strong><\/p>\n<p><strong>I &#8211; L\u2019eau (p. 77)<\/strong><br \/>\nSources et fontaines (77)<br \/>\nEaux dormantes et lieux humides (78)<br \/>\nEaux capt\u00e9es (80)<br \/>\nCours d\u2019eau (82)<br \/>\nNoms relatifs aux cours d\u2019eau (83)<\/p>\n<p><strong>II &#8211; L\u2019aspect des lieux (p. 86)<\/strong><br \/>\nHauteurs (86)<br \/>\nVall\u00e9es (90)<br \/>\nCavit\u00e9s (93)<br \/>\nTerrains plats (93)<br \/>\nNature du sol (94)<br \/>\nSituation, exposition (96)<br \/>\nImpression ressentie (98)<\/p>\n<p><strong>III &#8211; La v\u00e9g\u00e9tation (p. 102)<\/strong><br \/>\nEspaces bois\u00e9s (102)<br \/>\nLandes et friches (105)<br \/>\nPlantes sauvages (107)<br \/>\nPlantes des terrains incultes (109)<br \/>\nPlantes des lieux humides (111)<br \/>\nArbres et arbustes (111)<br \/>\nAvant les grands d\u00e9frichements des XI\u00b0 et XII\u00b0 si\u00e8cles (115)<\/p>\n<p><strong>IV &#8211; La faune sauvage (p. 118)<\/strong><\/p>\n<p><strong>V &#8211; L\u2019habitation (p. 121)<\/strong><br \/>\nDe la <em>villa<\/em> gallo-romaine au village (121)<br \/>\nD\u00e9riv\u00e9s de <em>villa<\/em> (123)<br \/>\nCentres d\u2019exploitation agricole (124)<br \/>\nHabitations diverses (127)<br \/>\nD\u00e9signation d\u2019un lieu habit\u00e9 par un nom de personne (129)<br \/>\nAgglom\u00e9rations (132)<br \/>\nDes toponymes t\u00e9moins de l\u2019occupation du sol (133)<\/p>\n<p><strong>VI &#8211; Agriculture (p. 136)<\/strong><br \/>\nD\u00e9frichements (136)<br \/>\nTerres propres \u00e0 la culture (138)<br \/>\nPlantes cultiv\u00e9es (141)<br \/>\nPlantations (142)<br \/>\nPrairies et p\u00e2turages (148)<br \/>\nAnimaux d\u2019\u00e9levage (150)<br \/>\nLimites et cl\u00f4tures (151)<br \/>\nB\u00e2timents d\u2019exploitation et d\u00e9pendances (152)<\/p>\n<p><strong>VII &#8211; Industrie, artisanat et commerce (p. 155)<\/strong><br \/>\nIndustries extractives (155)<br \/>\nForges (156)<br \/>\nMoulins (157)<br \/>\nActivit\u00e9s diverses (158)<br \/>\nLieux de march\u00e9s (161)<\/p>\n<p><strong>VIII &#8211; Les voies de communication (p. 162)<\/strong><br \/>\nLes \u00ab pouges \u00bb limousines (162)<br \/>\nAutres toponymes routiers (163)<br \/>\nLe franchissement des cours d\u2019eau (165)<br \/>\nLa route et son environnement (168)<\/p>\n<p><strong>IX &#8211; Les fortifications (p. 170)<\/strong><br \/>\n<em>Castra<\/em>, <em>castellum<\/em> et leurs d\u00e9riv\u00e9s (170)<br \/>\nD\u00e9signation d\u2019une fortification m\u00e9di\u00e9vale par un de ses \u00e9l\u00e9ments (172)<br \/>\nNoms ou adjectifs exprimant la valeur d\u00e9fensive ou la vaillance guerri\u00e8re (174)<br \/>\nAutres noms de moyens d\u00e9fensifs (175)<br \/>\nUne \u00e9volution s\u00e9mantique : <em>bourg<\/em> (176)<br \/>\nAnachronismes toponymiques (176)<\/p>\n<p><strong>X &#8211; Les institutions (p. 177)<\/strong><br \/>\nAvant l\u2019\u00e9poque f\u00e9odale (177)<br \/>\nLe r\u00e9gime seigneurial (178)<br \/>\nDroits et privil\u00e8ges (179)<br \/>\nFranchises (180)<br \/>\nJustice seigneuriale (181)<br \/>\nExpression d\u2019une d\u00e9pendance seigneuriale ou d\u2019une appartenance territoriale (182)<br \/>\nLimites territoriales (184)<\/p>\n<p><strong>XI &#8211; Rites fun\u00e9raires (p. 185)<\/strong><\/p>\n<p><strong>XII &#8211; La religion (p. 187)<\/strong><br \/>\nLieux de culte (187)<br \/>\nEtablissements religieux (190)<br \/>\nD\u00e9pendances de maisons religieuse (192)<br \/>\nLa fonction hospitali\u00e8re (194)<br \/>\nQuelques d\u00e9votions particuli\u00e8res (195)<\/p>\n<p><strong>XIII &#8211; Le culte des saints (p. 197)<\/strong><br \/>\nLe titre de l\u2019\u00e9glise et l\u2019origine des paroisses (197)<br \/>\nNoms de saints (199)<\/p>\n","protected":false},"excerpt":{"rendered":"<p>Sommaire : La toponymie et ses m\u00e9thodes (p. 13) Premi\u00e8re partie : Les grandes \u00e9tapes de la formation des toponymes\u00a0(p. 17) I &#8211; Formations celtiques ou pr\u00e9celtiques (p. 19) Les \u00e9l\u00e9ments d\u2019origine pr\u00e9celtique (19) Les formations gauloises et leur chronologie (19) Noms de rivi\u00e8res (20) Noms relatifs \u00e0 l\u2019eau et aux cours d\u2019eau (22) Noms [&hellip;]<\/p>\n","protected":false},"featured_media":44428,"template":"","meta":{"_acf_changed":false,"_genesis_hide_title":false,"_genesis_hide_breadcrumbs":false,"_genesis_hide_singular_image":false,"_genesis_hide_footer_widgets":false,"_genesis_custom_body_class":"","_genesis_custom_post_class":"","_genesis_layout":""},"product_brand":[],"product_cat":[7132,7148,7162],"product_tag":[],"class_list":{"0":"post-44450","1":"product","2":"type-product","3":"status-publish","4":"has-post-thumbnail","6":"product_cat-books","7":"product_cat-history-geography-en","8":"product_cat-place-names-peoples-names-en","9":"pa_auteur-villoutreix-marcel-en","10":"pa_editeur-archeologie-en-limousin-en","11":"pa_langue-francais-en","12":"entry","14":"first","15":"instock","16":"shipping-taxable","17":"purchasable","18":"product-type-simple"},"acf":[],"_links":{"self":[{"href":"https:\/\/www.libraria-occitana.org\/en\/wp-json\/wp\/v2\/product\/44450","targetHints":{"allow":["GET"]}}],"collection":[{"href":"https:\/\/www.libraria-occitana.org\/en\/wp-json\/wp\/v2\/product"}],"about":[{"href":"https:\/\/www.libraria-occitana.org\/en\/wp-json\/wp\/v2\/types\/product"}],"wp:featuredmedia":[{"embeddable":true,"href":"https:\/\/www.libraria-occitana.org\/en\/wp-json\/wp\/v2\/media\/44428"}],"wp:attachment":[{"href":"https:\/\/www.libraria-occitana.org\/en\/wp-json\/wp\/v2\/media?parent=44450"}],"wp:term":[{"taxonomy":"product_brand","embeddable":true,"href":"https:\/\/www.libraria-occitana.org\/en\/wp-json\/wp\/v2\/product_brand?post=44450"},{"taxonomy":"product_cat","embeddable":true,"href":"https:\/\/www.libraria-occitana.org\/en\/wp-json\/wp\/v2\/product_cat?post=44450"},{"taxonomy":"product_tag","embeddable":true,"href":"https:\/\/www.libraria-occitana.org\/en\/wp-json\/wp\/v2\/product_tag?post=44450"}],"curies":[{"name":"wp","href":"https:\/\/api.w.org\/{rel}","templated":true}]}}