{"id":44461,"date":"2018-05-06T11:43:47","date_gmt":"2018-05-06T09:43:47","guid":{"rendered":"http:\/\/www.libraria-occitana.org\/?post_type=product&#038;p=44461"},"modified":"2026-04-29T10:19:54","modified_gmt":"2026-04-29T08:19:54","slug":"contes-de-la-calandreta-libre-cd","status":"publish","type":"product","link":"https:\/\/www.libraria-occitana.org\/en\/product\/contes-de-la-calandreta-libre-cd\/","title":{"rendered":"Contes de la calandreta (libre + CD)"},"content":{"rendered":"<p>Pour les enfants qui apprennent l&#8217;occitan, que ce soit dans les \u00e9coles Calandreta ou dans les \u00e9coles publiques, Andr\u00e9 Lagarde a rassembl\u00e9 des contes de la tradition populaire occitane comme de l&#8217;ensemble des traditions europ\u00e9ennes.<br \/>\n\u00c9crits dans une langue simple qui les met \u00e0 la port\u00e9e des enfants, ces contes sont un excellent moyen pour les enseignants comme pour les parents de donner \u00e0 lire ou \u00e0 entendre des r\u00e9cits captivants et merveilleux.<br \/>\nLivre accompagn\u00e9 d&#8217;un lexique.<\/p>\n<p>Illustration de couverture de Sophie Vissi\u00e8re.\u00a01 CD mp3 de 1h58.<\/p>\n","protected":false},"excerpt":{"rendered":"<p>Pour les enfants qui apprennent l&#8217;occitan, que ce soit dans les \u00e9coles Calandreta ou dans les \u00e9coles publiques, Andr\u00e9 Lagarde a rassembl\u00e9 des contes de la tradition populaire occitane comme de l&#8217;ensemble des traditions europ\u00e9ennes. \u00c9crits dans une langue simple qui les met \u00e0 la port\u00e9e des enfants, ces contes sont un excellent moyen pour [&hellip;]<\/p>\n","protected":false},"featured_media":23527,"template":"","meta":{"_acf_changed":false,"_genesis_hide_title":false,"_genesis_hide_breadcrumbs":false,"_genesis_hide_singular_image":false,"_genesis_hide_footer_widgets":false,"_genesis_custom_body_class":"","_genesis_custom_post_class":"","_genesis_layout":""},"product_brand":[],"product_cat":[7132,7174,7176],"product_tag":[],"class_list":{"0":"post-44461","1":"product","2":"type-product","3":"status-publish","4":"has-post-thumbnail","6":"product_cat-books","7":"product_cat-literature-en","8":"product_cat-tales-fables-en","9":"pa_auteur-lagarda-andrieu-en","10":"pa_editeur-letras-doc-en","11":"pa_langue-occitan-en","12":"pa_langue-occitan-lengadocian-en","13":"entry","15":"first","16":"instock","17":"shipping-taxable","18":"purchasable","19":"product-type-simple"},"acf":[],"_links":{"self":[{"href":"https:\/\/www.libraria-occitana.org\/en\/wp-json\/wp\/v2\/product\/44461","targetHints":{"allow":["GET"]}}],"collection":[{"href":"https:\/\/www.libraria-occitana.org\/en\/wp-json\/wp\/v2\/product"}],"about":[{"href":"https:\/\/www.libraria-occitana.org\/en\/wp-json\/wp\/v2\/types\/product"}],"wp:featuredmedia":[{"embeddable":true,"href":"https:\/\/www.libraria-occitana.org\/en\/wp-json\/wp\/v2\/media\/23527"}],"wp:attachment":[{"href":"https:\/\/www.libraria-occitana.org\/en\/wp-json\/wp\/v2\/media?parent=44461"}],"wp:term":[{"taxonomy":"product_brand","embeddable":true,"href":"https:\/\/www.libraria-occitana.org\/en\/wp-json\/wp\/v2\/product_brand?post=44461"},{"taxonomy":"product_cat","embeddable":true,"href":"https:\/\/www.libraria-occitana.org\/en\/wp-json\/wp\/v2\/product_cat?post=44461"},{"taxonomy":"product_tag","embeddable":true,"href":"https:\/\/www.libraria-occitana.org\/en\/wp-json\/wp\/v2\/product_tag?post=44461"}],"curies":[{"name":"wp","href":"https:\/\/api.w.org\/{rel}","templated":true}]}}