{"id":44492,"date":"2007-04-11T12:15:42","date_gmt":"2007-04-11T10:15:42","guid":{"rendered":"http:\/\/www.libraria-occitana.org\/?post_type=product&#038;p=44492"},"modified":"2026-04-08T20:11:18","modified_gmt":"2026-04-08T18:11:18","slug":"lepopee-cathare-4-mourir-a-montsegur-1230-1244","status":"publish","type":"product","link":"https:\/\/www.libraria-occitana.org\/en\/product\/lepopee-cathare-4-mourir-a-montsegur-1230-1244\/","title":{"rendered":"L&#8217;\u00e9pop\u00e9e cathare : 4. Mourir \u00e0 Monts\u00e9gur 1230-1244"},"content":{"rendered":"<p>Le quatri\u00e8me des cinq volumes en poche de <em>L&#8217;\u00e9pop\u00e9e cathare<\/em>, l&#8217;ouvrage de r\u00e9f\u00e9rence sur le sujet par le sp\u00e9cialiste incontest\u00e9.<\/p>\n<p>750 ans apr\u00e8s les \u00e9v\u00e9nements, Monts\u00e9gur parle encore \u00e0 notre imaginaire. La l\u00e9gende et l&#8217;histoire ont entrem\u00eal\u00e9 leurs fils ; une poign\u00e9e d&#8217;\u00ab h\u00e9r\u00e9tiques \u00bb qui d\u00e9fient des ann\u00e9es durant les deux plus grandes puissances de leur temps, l&#8217;\u00c9glise romaine et le roi de France ; dix mois d&#8217;un si\u00e8ge en altitude qui s&#8217;acheva un matin de mars 1244, dans les cendres d&#8217;un immense b\u00fbcher collectif ; les dossiers de l&#8217;Inquisition conservant les donn\u00e9es d&#8217;un combat dont la question centrale reste toujours d&#8217;actualit\u00e9 : comment le mal peut-il appara\u00eetre dans un monde cr\u00e9\u00e9 par un Dieu en principe infiniment bon ? La r\u00e9ponse cathare \u00e9tait fascinante, mais aussi redoutable pour les rois de France que pour Rome. C&#8217;est l&#8217;histoire d&#8217;une geste path\u00e9tique et folle, ici magistralement racont\u00e9e en se fondant uniquement sur les sources du temps.<\/p>\n<p><a href=\"http:\/\/www.libraria-occitana.org\/produit\/lepopee-cathare-1-linvasion-1198-1212\/\"><em>L\u2019\u00e9pop\u00e9e cathare : 1. L\u2019invasion 1198-1212<\/em><\/a><br \/>\n<a href=\"http:\/\/www.libraria-occitana.org\/produit\/lepopee-cathare-2-muret-ou-la-depossession-1213-1216\/\"><em>L\u2019\u00e9pop\u00e9e cathare : 2. Muret ou la d\u00e9possession 1213-1216<\/em><\/a><br \/>\n<a href=\"http:\/\/www.libraria-occitana.org\/produit\/lepopee-cathare-3-le-lys-et-la-croix-1216-1229\/\"><em>L\u2019\u00e9pop\u00e9e cathare : 3. Le lys et la croix 1216-1229<\/em><\/a><br \/>\n<a href=\"http:\/\/www.libraria-occitana.org\/produit\/lepopee-cathare-5-la-fin-des-amis-de-dieu-1244-1321\/\"><em>L\u2019\u00e9pop\u00e9e cathare : 5. La fin des Amis de Dieu 1244-1321<\/em><\/a><\/p>\n","protected":false},"excerpt":{"rendered":"<p>Le quatri\u00e8me des cinq volumes en poche de L&#8217;\u00e9pop\u00e9e cathare, l&#8217;ouvrage de r\u00e9f\u00e9rence sur le sujet par le sp\u00e9cialiste incontest\u00e9. 750 ans apr\u00e8s les \u00e9v\u00e9nements, Monts\u00e9gur parle encore \u00e0 notre imaginaire. La l\u00e9gende et l&#8217;histoire ont entrem\u00eal\u00e9 leurs fils ; une poign\u00e9e d&#8217;\u00ab h\u00e9r\u00e9tiques \u00bb qui d\u00e9fient des ann\u00e9es durant les deux plus grandes puissances [&hellip;]<\/p>\n","protected":false},"featured_media":46141,"template":"","meta":{"_acf_changed":false,"_genesis_hide_title":false,"_genesis_hide_breadcrumbs":false,"_genesis_hide_singular_image":false,"_genesis_hide_footer_widgets":false,"_genesis_custom_body_class":"","_genesis_custom_post_class":"","_genesis_layout":""},"product_brand":[],"product_cat":[7132,7148,7160],"product_tag":[],"class_list":{"0":"post-44492","1":"product","2":"type-product","3":"status-publish","4":"has-post-thumbnail","6":"product_cat-books","7":"product_cat-history-geography-en","8":"product_cat-medieval-history-en","9":"pa_auteur-roquebert-michel-en","10":"pa_editeur-perrin-en","11":"pa_langue-francais-en","12":"entry","14":"first","15":"outofstock","16":"shipping-taxable","17":"purchasable","18":"product-type-simple"},"acf":[],"_links":{"self":[{"href":"https:\/\/www.libraria-occitana.org\/en\/wp-json\/wp\/v2\/product\/44492","targetHints":{"allow":["GET"]}}],"collection":[{"href":"https:\/\/www.libraria-occitana.org\/en\/wp-json\/wp\/v2\/product"}],"about":[{"href":"https:\/\/www.libraria-occitana.org\/en\/wp-json\/wp\/v2\/types\/product"}],"wp:featuredmedia":[{"embeddable":true,"href":"https:\/\/www.libraria-occitana.org\/en\/wp-json\/wp\/v2\/media\/46141"}],"wp:attachment":[{"href":"https:\/\/www.libraria-occitana.org\/en\/wp-json\/wp\/v2\/media?parent=44492"}],"wp:term":[{"taxonomy":"product_brand","embeddable":true,"href":"https:\/\/www.libraria-occitana.org\/en\/wp-json\/wp\/v2\/product_brand?post=44492"},{"taxonomy":"product_cat","embeddable":true,"href":"https:\/\/www.libraria-occitana.org\/en\/wp-json\/wp\/v2\/product_cat?post=44492"},{"taxonomy":"product_tag","embeddable":true,"href":"https:\/\/www.libraria-occitana.org\/en\/wp-json\/wp\/v2\/product_tag?post=44492"}],"curies":[{"name":"wp","href":"https:\/\/api.w.org\/{rel}","templated":true}]}}