{"id":44496,"date":"2006-04-11T12:05:07","date_gmt":"2006-04-11T10:05:07","guid":{"rendered":"http:\/\/www.libraria-occitana.org\/?post_type=product&#038;p=44496"},"modified":"2026-04-07T23:56:58","modified_gmt":"2026-04-07T21:56:58","slug":"lepopee-cathare-2-muret-ou-la-depossession-1213-1216","status":"publish","type":"product","link":"https:\/\/www.libraria-occitana.org\/en\/product\/lepopee-cathare-2-muret-ou-la-depossession-1213-1216\/","title":{"rendered":"L&#8217;\u00e9pop\u00e9e cathare : 2. Muret ou la d\u00e9possession 1213-1216"},"content":{"rendered":"<p>Le second des cinq volumes en poche de <em>L&#8217;\u00e9pop\u00e9e cathare<\/em>, l&#8217;ouvrage de r\u00e9f\u00e9rence sur le sujet par le sp\u00e9cialiste incontest\u00e9.<\/p>\n<p>En 1213, la bataille de Muret consacre la victoire du Nord sur le Sud-Ouest, des crois\u00e9s command\u00e9s par Simon de Montfort sur le comte de Toulouse et le roi d&#8217;Aragon, de Rome sur les cathares.<br \/>\nL&#8217;\u00e9p\u00e9e a provisoirement vaincu la parole. Tournant capital de cette premi\u00e8re croisade contre les Albigeois, Muret inaugure le d\u00e9membrement de la puissance occitane.<\/p>\n<p><em><a href=\"http:\/\/www.libraria-occitana.org\/produit\/lepopee-cathare-1-linvasion-1198-1212\/\">L\u2019\u00e9pop\u00e9e cathare : 1. L\u2019invasion 1198-1212<\/a><\/em><br \/>\n<em><a href=\"http:\/\/www.libraria-occitana.org\/produit\/lepopee-cathare-3-le-lys-et-la-croix-1216-1229\/\">L\u2019\u00e9pop\u00e9e cathare : 3. Le lys et la croix 1216-1229<\/a><\/em><br \/>\n<em><a href=\"http:\/\/www.libraria-occitana.org\/produit\/lepopee-cathare-4-mourir-a-montsegur-1230-1244\/\">L\u2019\u00e9pop\u00e9e cathare : 4. Mourir \u00e0 Monts\u00e9gur 1230-1244<\/a><\/em><br \/>\n<a href=\"http:\/\/www.libraria-occitana.org\/produit\/lepopee-cathare-5-la-fin-des-amis-de-dieu-1244-1321\/\"><em>L\u2019\u00e9pop\u00e9e cathare : 5. La fin des Amis de Dieu 1244-1321<\/em><\/a><\/p>\n","protected":false},"excerpt":{"rendered":"<p>Le second des cinq volumes en poche de L&#8217;\u00e9pop\u00e9e cathare, l&#8217;ouvrage de r\u00e9f\u00e9rence sur le sujet par le sp\u00e9cialiste incontest\u00e9. En 1213, la bataille de Muret consacre la victoire du Nord sur le Sud-Ouest, des crois\u00e9s command\u00e9s par Simon de Montfort sur le comte de Toulouse et le roi d&#8217;Aragon, de Rome sur les cathares. [&hellip;]<\/p>\n","protected":false},"featured_media":46135,"template":"","meta":{"_acf_changed":false,"_genesis_hide_title":false,"_genesis_hide_breadcrumbs":false,"_genesis_hide_singular_image":false,"_genesis_hide_footer_widgets":false,"_genesis_custom_body_class":"","_genesis_custom_post_class":"","_genesis_layout":""},"product_brand":[],"product_cat":[7132,7148,7160],"product_tag":[],"class_list":{"0":"post-44496","1":"product","2":"type-product","3":"status-publish","4":"has-post-thumbnail","6":"product_cat-books","7":"product_cat-history-geography-en","8":"product_cat-medieval-history-en","9":"pa_auteur-roquebert-michel-en","10":"pa_editeur-perrin-en","11":"pa_langue-francais-en","12":"entry","14":"first","15":"outofstock","16":"shipping-taxable","17":"purchasable","18":"product-type-simple"},"acf":[],"_links":{"self":[{"href":"https:\/\/www.libraria-occitana.org\/en\/wp-json\/wp\/v2\/product\/44496","targetHints":{"allow":["GET"]}}],"collection":[{"href":"https:\/\/www.libraria-occitana.org\/en\/wp-json\/wp\/v2\/product"}],"about":[{"href":"https:\/\/www.libraria-occitana.org\/en\/wp-json\/wp\/v2\/types\/product"}],"wp:featuredmedia":[{"embeddable":true,"href":"https:\/\/www.libraria-occitana.org\/en\/wp-json\/wp\/v2\/media\/46135"}],"wp:attachment":[{"href":"https:\/\/www.libraria-occitana.org\/en\/wp-json\/wp\/v2\/media?parent=44496"}],"wp:term":[{"taxonomy":"product_brand","embeddable":true,"href":"https:\/\/www.libraria-occitana.org\/en\/wp-json\/wp\/v2\/product_brand?post=44496"},{"taxonomy":"product_cat","embeddable":true,"href":"https:\/\/www.libraria-occitana.org\/en\/wp-json\/wp\/v2\/product_cat?post=44496"},{"taxonomy":"product_tag","embeddable":true,"href":"https:\/\/www.libraria-occitana.org\/en\/wp-json\/wp\/v2\/product_tag?post=44496"}],"curies":[{"name":"wp","href":"https:\/\/api.w.org\/{rel}","templated":true}]}}