{"id":44501,"date":"2007-09-11T12:24:27","date_gmt":"2007-09-11T10:24:27","guid":{"rendered":"http:\/\/www.libraria-occitana.org\/?post_type=product&#038;p=44501"},"modified":"2026-04-29T10:07:19","modified_gmt":"2026-04-29T08:07:19","slug":"lepopee-cathare-5-la-fin-des-amis-de-dieu-1244-1321","status":"publish","type":"product","link":"https:\/\/www.libraria-occitana.org\/en\/product\/lepopee-cathare-5-la-fin-des-amis-de-dieu-1244-1321\/","title":{"rendered":"L&#8217;\u00e9pop\u00e9e cathare : 5. La fin des Amis de Dieu 1244-1321"},"content":{"rendered":"<p>Dernier volume de la s\u00e9rie de cinq racontant le grand drame du XIIe si\u00e8cle occitan, nourri des documents historiques contemporains et des milliers d&#8217;interrogatoires men\u00e9s par l&#8217;Inquisition.<\/p>\n<p>Le catharisme n&#8217;est pas mort en 1244 sur le b\u00fbcher de Monts\u00e9gur. Dans le dernier volume de sa magistrale s\u00e9rie, Michel Roquebert est le premier \u00e0 relater, gr\u00e2ce \u00e0 l&#8217;\u00e9tude de milliers de sources contemporaines, la r\u00e9sistance du catharisme jusqu&#8217;au b\u00fbcher du dernier cathare, Guillaume B\u00e9libaste, en 1321.<br \/>\nL&#8217;auteur d\u00e9cortique le travail de l&#8217;Inquisition, fond\u00e9 sur le contr\u00f4le d&#8217;un pays entier et la mise en fiches, village par village, de toute sa population. \u00c0 la lecture de cette chasse aux \u00ab Amis de Dieu \u00bb, comme s&#8217;appelaient entre eux les cathares, c&#8217;est la premi\u00e8re guerre id\u00e9ologique totalitaire qu&#8217;on d\u00e9couvre.<\/p>\n<p><a href=\"http:\/\/www.libraria-occitana.org\/produit\/lepopee-cathare-1-linvasion-1198-1212\/\"><em>L\u2019\u00e9pop\u00e9e cathare : 1. L\u2019invasion 1198-1212<\/em><\/a><br \/>\n<a href=\"http:\/\/www.libraria-occitana.org\/produit\/lepopee-cathare-2-muret-ou-la-depossession-1213-1216\/\"><em>L\u2019\u00e9pop\u00e9e cathare : 2. Muret ou la d\u00e9possession 1213-1216<\/em><\/a><br \/>\n<a href=\"http:\/\/www.libraria-occitana.org\/produit\/lepopee-cathare-3-le-lys-et-la-croix-1216-1229\/\"><em>L\u2019\u00e9pop\u00e9e cathare : 3. Le lys et la croix 1216-1229<\/em><\/a><br \/>\n<a href=\"http:\/\/www.libraria-occitana.org\/produit\/lepopee-cathare-4-mourir-a-montsegur-1230-1244\/\"><em>L\u2019\u00e9pop\u00e9e cathare : 4. Mourir \u00e0 Monts\u00e9gur 1230-1244<\/em><\/a><\/p>\n","protected":false},"excerpt":{"rendered":"<p>Dernier volume de la s\u00e9rie de cinq racontant le grand drame du XIIe si\u00e8cle occitan, nourri des documents historiques contemporains et des milliers d&#8217;interrogatoires men\u00e9s par l&#8217;Inquisition. Le catharisme n&#8217;est pas mort en 1244 sur le b\u00fbcher de Monts\u00e9gur. Dans le dernier volume de sa magistrale s\u00e9rie, Michel Roquebert est le premier \u00e0 relater, gr\u00e2ce [&hellip;]<\/p>\n","protected":false},"featured_media":46144,"template":"","meta":{"_acf_changed":false,"_genesis_hide_title":false,"_genesis_hide_breadcrumbs":false,"_genesis_hide_singular_image":false,"_genesis_hide_footer_widgets":false,"_genesis_custom_body_class":"","_genesis_custom_post_class":"","_genesis_layout":""},"product_brand":[],"product_cat":[7132,7148,7160],"product_tag":[],"class_list":{"0":"post-44501","1":"product","2":"type-product","3":"status-publish","4":"has-post-thumbnail","6":"product_cat-books","7":"product_cat-history-geography-en","8":"product_cat-medieval-history-en","9":"pa_auteur-roquebert-michel-en","10":"pa_editeur-perrin-en","11":"pa_langue-francais-en","12":"entry","14":"first","15":"outofstock","16":"shipping-taxable","17":"purchasable","18":"product-type-simple"},"acf":[],"_links":{"self":[{"href":"https:\/\/www.libraria-occitana.org\/en\/wp-json\/wp\/v2\/product\/44501","targetHints":{"allow":["GET"]}}],"collection":[{"href":"https:\/\/www.libraria-occitana.org\/en\/wp-json\/wp\/v2\/product"}],"about":[{"href":"https:\/\/www.libraria-occitana.org\/en\/wp-json\/wp\/v2\/types\/product"}],"wp:featuredmedia":[{"embeddable":true,"href":"https:\/\/www.libraria-occitana.org\/en\/wp-json\/wp\/v2\/media\/46144"}],"wp:attachment":[{"href":"https:\/\/www.libraria-occitana.org\/en\/wp-json\/wp\/v2\/media?parent=44501"}],"wp:term":[{"taxonomy":"product_brand","embeddable":true,"href":"https:\/\/www.libraria-occitana.org\/en\/wp-json\/wp\/v2\/product_brand?post=44501"},{"taxonomy":"product_cat","embeddable":true,"href":"https:\/\/www.libraria-occitana.org\/en\/wp-json\/wp\/v2\/product_cat?post=44501"},{"taxonomy":"product_tag","embeddable":true,"href":"https:\/\/www.libraria-occitana.org\/en\/wp-json\/wp\/v2\/product_tag?post=44501"}],"curies":[{"name":"wp","href":"https:\/\/api.w.org\/{rel}","templated":true}]}}