{"id":44510,"date":"2018-10-11T12:55:24","date_gmt":"2018-10-11T10:55:24","guid":{"rendered":"http:\/\/www.libraria-occitana.org\/?post_type=product&#038;p=44510"},"modified":"2026-04-20T21:57:00","modified_gmt":"2026-04-20T19:57:00","slug":"lenfant-bilingue-de-la-petite-enfance-a-lecole","status":"publish","type":"product","link":"https:\/\/www.libraria-occitana.org\/en\/product\/lenfant-bilingue-de-la-petite-enfance-a-lecole\/","title":{"rendered":"L&#8217;enfant bilingue : De la petite enfance \u00e0 l&#8217;\u00e9cole"},"content":{"rendered":"<p>Et si le bilinguisme pr\u00e9coce, c\u2019est-\u00e0-dire le fait d\u2019acqu\u00e9rir deux langues, \u00e9tait un atout majeur pour le d\u00e9veloppement des capacit\u00e9s cognitives ?<br \/>\nL\u2019ambition de ce livre, qui s\u2019appuie sur les \u00e9tudes de plus en plus nombreuses men\u00e9es sur le sujet dans le monde entier, est de faire d\u00e9couvrir les avantages du bilinguisme et de valoriser la richesse d\u2019une double culture d\u00e8s le plus jeune \u00e2ge.<br \/>\nL\u2019\u00e9cole fran\u00e7aise h\u00e9site malheureusement encore sur l\u2019importance \u00e0 accorder au bilinguisme et \u00e0 l\u2019apprentissage simultan\u00e9 de plusieurs langues vivantes chez les tr\u00e8s jeunes enfants. Comment faire \u00e9voluer les mentalit\u00e9s ?<br \/>\nLe premier ouvrage en langue fran\u00e7aise sur les parcours langagier et cognitif de l\u2019enfant bilingue de la naissance \u00e0 6 ans.<br \/>\nPour un public de parents et d\u2019enseignants en attente de r\u00e9ponses afin d\u2019accompagner avec succ\u00e8s le bilinguisme pr\u00e9coce.<\/p>\n","protected":false},"excerpt":{"rendered":"<p>Et si le bilinguisme pr\u00e9coce, c\u2019est-\u00e0-dire le fait d\u2019acqu\u00e9rir deux langues, \u00e9tait un atout majeur pour le d\u00e9veloppement des capacit\u00e9s cognitives ? L\u2019ambition de ce livre, qui s\u2019appuie sur les \u00e9tudes de plus en plus nombreuses men\u00e9es sur le sujet dans le monde entier, est de faire d\u00e9couvrir les avantages du bilinguisme et de valoriser [&hellip;]<\/p>\n","protected":false},"featured_media":45769,"template":"","meta":{"_acf_changed":false,"_genesis_hide_title":false,"_genesis_hide_breadcrumbs":false,"_genesis_hide_singular_image":false,"_genesis_hide_footer_widgets":false,"_genesis_custom_body_class":"","_genesis_custom_post_class":"","_genesis_layout":""},"product_brand":[],"product_cat":[7132,7202],"product_tag":[],"class_list":{"0":"post-44510","1":"product","2":"type-product","3":"status-publish","4":"has-post-thumbnail","6":"product_cat-books","7":"product_cat-politics-sociology-current-affairs-en","8":"pa_auteur-bijeljac-babic-ranka-en","9":"pa_editeur-odile-jacob-en","10":"pa_langue-francais-en","11":"entry","13":"first","14":"instock","15":"shipping-taxable","16":"purchasable","17":"product-type-simple"},"acf":[],"_links":{"self":[{"href":"https:\/\/www.libraria-occitana.org\/en\/wp-json\/wp\/v2\/product\/44510","targetHints":{"allow":["GET"]}}],"collection":[{"href":"https:\/\/www.libraria-occitana.org\/en\/wp-json\/wp\/v2\/product"}],"about":[{"href":"https:\/\/www.libraria-occitana.org\/en\/wp-json\/wp\/v2\/types\/product"}],"wp:featuredmedia":[{"embeddable":true,"href":"https:\/\/www.libraria-occitana.org\/en\/wp-json\/wp\/v2\/media\/45769"}],"wp:attachment":[{"href":"https:\/\/www.libraria-occitana.org\/en\/wp-json\/wp\/v2\/media?parent=44510"}],"wp:term":[{"taxonomy":"product_brand","embeddable":true,"href":"https:\/\/www.libraria-occitana.org\/en\/wp-json\/wp\/v2\/product_brand?post=44510"},{"taxonomy":"product_cat","embeddable":true,"href":"https:\/\/www.libraria-occitana.org\/en\/wp-json\/wp\/v2\/product_cat?post=44510"},{"taxonomy":"product_tag","embeddable":true,"href":"https:\/\/www.libraria-occitana.org\/en\/wp-json\/wp\/v2\/product_tag?post=44510"}],"curies":[{"name":"wp","href":"https:\/\/api.w.org\/{rel}","templated":true}]}}