{"id":44534,"date":"1981-04-11T15:29:01","date_gmt":"1981-04-11T13:29:01","guid":{"rendered":"http:\/\/www.libraria-occitana.org\/?post_type=product&#038;p=44534"},"modified":"2026-04-14T02:26:06","modified_gmt":"2026-04-14T00:26:06","slug":"introduction-a-letude-de-loccitan-en-perigord-noir","status":"publish","type":"product","link":"https:\/\/www.libraria-occitana.org\/en\/product\/introduction-a-letude-de-loccitan-en-perigord-noir\/","title":{"rendered":"Introduction \u00e0 l&#8217;\u00c9tude de l&#8217;Occitan en P\u00e9rigord Noir"},"content":{"rendered":"<p>\u00ab Ce recueil n&#8217;a pas la pr\u00e9tention d&#8217;\u00eatre un livre de classe, r\u00e9dig\u00e9 par l&#8217;un des meilleurs \u00e9crivains occitans qui fut longtemps l&#8217;instituteur de Tamni\u00e8s, puis de Saint-Vincent de Cosse, et par celui qui s&#8217;honore de se dire son \u00e9l\u00e8ve ; il ne veut que d\u00e9montrer, si besoin \u00e9tait, le bon usage de la langue d&#8217;un pays pour l&#8217;\u00e9tude du milieu et la pr\u00e9servation de l&#8217;environnement.<br \/>\nCe recueil s&#8217;adresse donc \u00e0 ceux qui connaissent bien leur langue d&#8217;oc, comme \u00e0 ceux qui veulent \u00eatre initi\u00e9s dans le cadre du P\u00e9rigord Noir : nous avons volontairement conserv\u00e9 certaines graphies d&#8217;auteurs et un caract\u00e8re \u00e9volutif \u00e0 l&#8217;application des normes de la r\u00e9forme graphique occitane ; il reste bien entendu, que le but est d&#8217;arriver \u00e0 l&#8217;orthographe classique normalis\u00e9e, telle que l&#8217;a \u00e9tablie l&#8217;Institut d&#8217;\u00c9tudes Occitanes. Cette m\u00e9thode a donn\u00e9 en Rouergue des r\u00e9sultats \u00e9difiants.<br \/>\nNous laissons \u00e0 des sp\u00e9cialistes le soin de d\u00e9velopper l&#8217;\u00e9tude de la langue et sa p\u00e9dagogie. \u00bb<\/p>\n<p style=\"text-align: right;\">Jean Monestier, Majoral du F\u00e9librige<\/p>\n<p>Ce livret regroupe de courts textes d&#8217;auteurs suivis de remarques sur les r\u00e8gles graphiques, le vocabulaire, la grammaire et la conjugaison.<\/p>\n","protected":false},"excerpt":{"rendered":"<p>\u00ab Ce recueil n&#8217;a pas la pr\u00e9tention d&#8217;\u00eatre un livre de classe, r\u00e9dig\u00e9 par l&#8217;un des meilleurs \u00e9crivains occitans qui fut longtemps l&#8217;instituteur de Tamni\u00e8s, puis de Saint-Vincent de Cosse, et par celui qui s&#8217;honore de se dire son \u00e9l\u00e8ve ; il ne veut que d\u00e9montrer, si besoin \u00e9tait, le bon usage de la langue [&hellip;]<\/p>\n","protected":false},"featured_media":46076,"template":"","meta":{"_acf_changed":false,"_genesis_hide_title":false,"_genesis_hide_breadcrumbs":false,"_genesis_hide_singular_image":false,"_genesis_hide_footer_widgets":false,"_genesis_custom_body_class":"","_genesis_custom_post_class":"","_genesis_layout":""},"product_brand":[],"product_cat":[7238],"product_tag":[],"class_list":{"0":"post-44534","1":"product","2":"type-product","3":"status-publish","4":"has-post-thumbnail","6":"product_cat-promotions-en","7":"pa_auteur-delluc-louis-en","8":"pa_auteur-monestier-jean-en","9":"pa_editeur-academie-des-lettres-et-arts-du-perigord-en","10":"pa_langue-occitan-lengadocian-en","11":"pa_langue-occitan-francais-en","12":"entry","14":"first","15":"instock","16":"shipping-taxable","17":"purchasable","18":"product-type-simple"},"acf":[],"_links":{"self":[{"href":"https:\/\/www.libraria-occitana.org\/en\/wp-json\/wp\/v2\/product\/44534","targetHints":{"allow":["GET"]}}],"collection":[{"href":"https:\/\/www.libraria-occitana.org\/en\/wp-json\/wp\/v2\/product"}],"about":[{"href":"https:\/\/www.libraria-occitana.org\/en\/wp-json\/wp\/v2\/types\/product"}],"wp:featuredmedia":[{"embeddable":true,"href":"https:\/\/www.libraria-occitana.org\/en\/wp-json\/wp\/v2\/media\/46076"}],"wp:attachment":[{"href":"https:\/\/www.libraria-occitana.org\/en\/wp-json\/wp\/v2\/media?parent=44534"}],"wp:term":[{"taxonomy":"product_brand","embeddable":true,"href":"https:\/\/www.libraria-occitana.org\/en\/wp-json\/wp\/v2\/product_brand?post=44534"},{"taxonomy":"product_cat","embeddable":true,"href":"https:\/\/www.libraria-occitana.org\/en\/wp-json\/wp\/v2\/product_cat?post=44534"},{"taxonomy":"product_tag","embeddable":true,"href":"https:\/\/www.libraria-occitana.org\/en\/wp-json\/wp\/v2\/product_tag?post=44534"}],"curies":[{"name":"wp","href":"https:\/\/api.w.org\/{rel}","templated":true}]}}