{"id":44558,"date":"2018-12-11T17:46:25","date_gmt":"2018-12-11T16:46:25","guid":{"rendered":"http:\/\/www.libraria-occitana.org\/?post_type=product&#038;p=44558"},"modified":"2026-04-29T10:18:35","modified_gmt":"2026-04-29T08:18:35","slug":"de-nadau-a-sent-porquin-de-noel-a-la-saint-cochonou","status":"publish","type":"product","link":"https:\/\/www.libraria-occitana.org\/en\/product\/de-nadau-a-sent-porquin-de-noel-a-la-saint-cochonou\/","title":{"rendered":"De Nadau a Sent Porquin &#8211; De No\u00ebl \u00e0 la Saint-Cochonou"},"content":{"rendered":"<p>Jean-Baptiste Laborde, observateur fid\u00e8le des pratiques populaires, a rassembl\u00e9 ici tous les proverbes et dictons se rapportant aux croyances, aux pratiques religieuses ou aux superstitions de la soci\u00e9t\u00e9 rurale.<br \/>\nAu fil des f\u00eates et c\u00e9r\u00e9monies qui rythmaient la vie quotidienne des campagnes, \u00e9grenant le calendrier et les saisons.<br \/>\nGrand connaisseur des finesses de la langue d\u2019oc, il a su rassembler dans ce recueil aussi bien les pratiques religieuses officielles que les anecdotes savoureuses ou irr\u00e9v\u00e9rencieuses, et m\u00eame les saints fantaisistes cr\u00e9\u00e9s par l\u2019imagination fertile de nos devanciers.<\/p>\n","protected":false},"excerpt":{"rendered":"<p>Jean-Baptiste Laborde, observateur fid\u00e8le des pratiques populaires, a rassembl\u00e9 ici tous les proverbes et dictons se rapportant aux croyances, aux pratiques religieuses ou aux superstitions de la soci\u00e9t\u00e9 rurale. Au fil des f\u00eates et c\u00e9r\u00e9monies qui rythmaient la vie quotidienne des campagnes, \u00e9grenant le calendrier et les saisons. Grand connaisseur des finesses de la langue [&hellip;]<\/p>\n","protected":false},"featured_media":45802,"template":"","meta":{"_acf_changed":false,"_genesis_hide_title":false,"_genesis_hide_breadcrumbs":false,"_genesis_hide_singular_image":false,"_genesis_hide_footer_widgets":false,"_genesis_custom_body_class":"","_genesis_custom_post_class":"","_genesis_layout":""},"product_brand":[],"product_cat":[7132,7136,7146],"product_tag":[],"class_list":{"0":"post-44558","1":"product","2":"type-product","3":"status-publish","4":"has-post-thumbnail","6":"product_cat-books","7":"product_cat-dictionaries-language-educational-en","8":"product_cat-vocabulary-idioms-en","9":"pa_auteur-laborde-jean-baptiste-en","10":"pa_editeur-letras-doc-en","11":"pa_langue-occitan-gascon-en","12":"pa_langue-occitan-francais-en","13":"entry","15":"first","16":"instock","17":"shipping-taxable","18":"purchasable","19":"product-type-simple"},"acf":[],"_links":{"self":[{"href":"https:\/\/www.libraria-occitana.org\/en\/wp-json\/wp\/v2\/product\/44558","targetHints":{"allow":["GET"]}}],"collection":[{"href":"https:\/\/www.libraria-occitana.org\/en\/wp-json\/wp\/v2\/product"}],"about":[{"href":"https:\/\/www.libraria-occitana.org\/en\/wp-json\/wp\/v2\/types\/product"}],"wp:featuredmedia":[{"embeddable":true,"href":"https:\/\/www.libraria-occitana.org\/en\/wp-json\/wp\/v2\/media\/45802"}],"wp:attachment":[{"href":"https:\/\/www.libraria-occitana.org\/en\/wp-json\/wp\/v2\/media?parent=44558"}],"wp:term":[{"taxonomy":"product_brand","embeddable":true,"href":"https:\/\/www.libraria-occitana.org\/en\/wp-json\/wp\/v2\/product_brand?post=44558"},{"taxonomy":"product_cat","embeddable":true,"href":"https:\/\/www.libraria-occitana.org\/en\/wp-json\/wp\/v2\/product_cat?post=44558"},{"taxonomy":"product_tag","embeddable":true,"href":"https:\/\/www.libraria-occitana.org\/en\/wp-json\/wp\/v2\/product_tag?post=44558"}],"curies":[{"name":"wp","href":"https:\/\/api.w.org\/{rel}","templated":true}]}}