{"id":44561,"date":"2019-01-11T17:52:47","date_gmt":"2019-01-11T16:52:47","guid":{"rendered":"http:\/\/www.libraria-occitana.org\/?post_type=product&#038;p=44561"},"modified":"2026-04-25T21:31:45","modified_gmt":"2026-04-25T19:31:45","slug":"los-omes-pichons-libre-cd","status":"publish","type":"product","link":"https:\/\/www.libraria-occitana.org\/en\/product\/los-omes-pichons-libre-cd\/","title":{"rendered":"Los \u00d2mes Pichons (libre + CD)"},"content":{"rendered":"<p>Dans cet album, Th\u00e9r\u00e8se Pambrun nous convie \u00e0 la d\u00e9couverte du monde merveilleux des petits lutins de la for\u00eat : <em>los \u00d2mes Pichons<\/em>.<br \/>\nApr\u00e8s avoir longtemps v\u00e9cu en bonne compagnie avec les hommes, ils se sont r\u00e9fugi\u00e9s dans les bois o\u00f9 ils se cachent dor\u00e9navant aux regards des humains.<br \/>\nMais ils sont toujours bien pr\u00e9sents : ils veillent ainsi \u00e0 garder le plus naturels et nets leur pays et leur demeure, vaquant \u00e0 leurs occupations de chaque jour.<br \/>\nMais ils ont un grand secret : ce sont les gardiens d\u2019un magnifique tr\u00e9sor qu\u2019ils veillent jalousement \u00e0 conserver.<\/p>\n","protected":false},"excerpt":{"rendered":"<p>Dans cet album, Th\u00e9r\u00e8se Pambrun nous convie \u00e0 la d\u00e9couverte du monde merveilleux des petits lutins de la for\u00eat : los \u00d2mes Pichons. Apr\u00e8s avoir longtemps v\u00e9cu en bonne compagnie avec les hommes, ils se sont r\u00e9fugi\u00e9s dans les bois o\u00f9 ils se cachent dor\u00e9navant aux regards des humains. Mais ils sont toujours bien pr\u00e9sents [&hellip;]<\/p>\n","protected":false},"featured_media":45889,"template":"","meta":{"_acf_changed":false,"_genesis_hide_title":false,"_genesis_hide_breadcrumbs":false,"_genesis_hide_singular_image":false,"_genesis_hide_footer_widgets":false,"_genesis_custom_body_class":"","_genesis_custom_post_class":"","_genesis_layout":""},"product_brand":[],"product_cat":[7132,7170,7164],"product_tag":[],"class_list":{"0":"post-44561","1":"product","2":"type-product","3":"status-publish","4":"has-post-thumbnail","6":"product_cat-books","7":"product_cat-juvenile-en","8":"product_cat-juvenile-and-teen-comics-humour-en","9":"pa_auteur-pambrun-teresa-en","10":"pa_editeur-letras-doc-en","11":"pa_illustrateur-carles-sergi-2-en","12":"pa_langue-occitan-en","13":"pa_langue-occitan-lengadocian-en","14":"entry","16":"first","17":"instock","18":"shipping-taxable","19":"purchasable","20":"product-type-simple"},"acf":[],"_links":{"self":[{"href":"https:\/\/www.libraria-occitana.org\/en\/wp-json\/wp\/v2\/product\/44561","targetHints":{"allow":["GET"]}}],"collection":[{"href":"https:\/\/www.libraria-occitana.org\/en\/wp-json\/wp\/v2\/product"}],"about":[{"href":"https:\/\/www.libraria-occitana.org\/en\/wp-json\/wp\/v2\/types\/product"}],"wp:featuredmedia":[{"embeddable":true,"href":"https:\/\/www.libraria-occitana.org\/en\/wp-json\/wp\/v2\/media\/45889"}],"wp:attachment":[{"href":"https:\/\/www.libraria-occitana.org\/en\/wp-json\/wp\/v2\/media?parent=44561"}],"wp:term":[{"taxonomy":"product_brand","embeddable":true,"href":"https:\/\/www.libraria-occitana.org\/en\/wp-json\/wp\/v2\/product_brand?post=44561"},{"taxonomy":"product_cat","embeddable":true,"href":"https:\/\/www.libraria-occitana.org\/en\/wp-json\/wp\/v2\/product_cat?post=44561"},{"taxonomy":"product_tag","embeddable":true,"href":"https:\/\/www.libraria-occitana.org\/en\/wp-json\/wp\/v2\/product_tag?post=44561"}],"curies":[{"name":"wp","href":"https:\/\/api.w.org\/{rel}","templated":true}]}}