{"id":44632,"date":"2019-03-03T18:26:50","date_gmt":"2019-03-03T17:26:50","guid":{"rendered":"http:\/\/www.libraria-occitana.org\/?post_type=product&#038;p=44632"},"modified":"2026-04-17T04:51:55","modified_gmt":"2026-04-17T02:51:55","slug":"chastinhas-jos-las-cendres-libre-cd","status":"publish","type":"product","link":"https:\/\/www.libraria-occitana.org\/en\/product\/chastinhas-jos-las-cendres-libre-cd\/","title":{"rendered":"Chastinhas jos las cendres (libre + CD)"},"content":{"rendered":"<p>Un petit carnet de rien du tout, retrouv\u00e9 dans un grenier : voil\u00e0 que reviennent \u00e0 la m\u00e9moire les souvenirs des temps heureux de l\u2019enfance et que se d\u00e9couvrent les malheurs d\u2019un p\u00e8re prisonnier de guerre.<br \/>\nBien longtemps apr\u00e8s, la petite fille qu\u2019elle fut d\u00e9couvre alors une affection rendue impossible par cette trop longue absence.<br \/>\nM\u00ealant les bonheurs d\u2019une enfant et les malheurs de la guerre, Monica Sarrasin nous donne \u00e0 lire avec <em>Chastinhas jos las cendres<\/em> un r\u00e9cit fort et pr\u00e9cieux.<\/p>\n<p>Enregistrement int\u00e9gral du livre par Monica Sarrasin, avec la participation de Jean-Louis Lavit.<\/p>\n","protected":false},"excerpt":{"rendered":"<p>Un petit carnet de rien du tout, retrouv\u00e9 dans un grenier : voil\u00e0 que reviennent \u00e0 la m\u00e9moire les souvenirs des temps heureux de l\u2019enfance et que se d\u00e9couvrent les malheurs d\u2019un p\u00e8re prisonnier de guerre. Bien longtemps apr\u00e8s, la petite fille qu\u2019elle fut d\u00e9couvre alors une affection rendue impossible par cette trop longue absence. [&hellip;]<\/p>\n","protected":false},"featured_media":37546,"template":"","meta":{"_acf_changed":false,"_genesis_hide_title":false,"_genesis_hide_breadcrumbs":false,"_genesis_hide_singular_image":false,"_genesis_hide_footer_widgets":false,"_genesis_custom_body_class":"","_genesis_custom_post_class":"","_genesis_layout":""},"product_brand":[],"product_cat":[7132,7174,7186],"product_tag":[],"class_list":{"0":"post-44632","1":"product","2":"type-product","3":"status-publish","4":"has-post-thumbnail","6":"product_cat-books","7":"product_cat-literature-en","8":"product_cat-personal-narratives-memoirs-en","9":"pa_auteur-sarrasin-monica-en","10":"pa_editeur-letras-doc-en","11":"pa_illustrateur-lavit-joan-lois-1-en","12":"pa_langue-francais-en","13":"pa_langue-occitan-en","14":"pa_langue-occitan-lemosin-en","15":"entry","17":"first","18":"instock","19":"shipping-taxable","20":"purchasable","21":"product-type-simple"},"acf":[],"_links":{"self":[{"href":"https:\/\/www.libraria-occitana.org\/en\/wp-json\/wp\/v2\/product\/44632","targetHints":{"allow":["GET"]}}],"collection":[{"href":"https:\/\/www.libraria-occitana.org\/en\/wp-json\/wp\/v2\/product"}],"about":[{"href":"https:\/\/www.libraria-occitana.org\/en\/wp-json\/wp\/v2\/types\/product"}],"wp:featuredmedia":[{"embeddable":true,"href":"https:\/\/www.libraria-occitana.org\/en\/wp-json\/wp\/v2\/media\/37546"}],"wp:attachment":[{"href":"https:\/\/www.libraria-occitana.org\/en\/wp-json\/wp\/v2\/media?parent=44632"}],"wp:term":[{"taxonomy":"product_brand","embeddable":true,"href":"https:\/\/www.libraria-occitana.org\/en\/wp-json\/wp\/v2\/product_brand?post=44632"},{"taxonomy":"product_cat","embeddable":true,"href":"https:\/\/www.libraria-occitana.org\/en\/wp-json\/wp\/v2\/product_cat?post=44632"},{"taxonomy":"product_tag","embeddable":true,"href":"https:\/\/www.libraria-occitana.org\/en\/wp-json\/wp\/v2\/product_tag?post=44632"}],"curies":[{"name":"wp","href":"https:\/\/api.w.org\/{rel}","templated":true}]}}