{"id":44659,"date":"2018-11-12T15:19:50","date_gmt":"2018-11-12T14:19:50","guid":{"rendered":"http:\/\/www.libraria-occitana.org\/product\/les-montagnes-du-jour-monographie-sentimentale-des-monedieres\/"},"modified":"2026-04-29T01:51:21","modified_gmt":"2026-04-28T23:51:21","slug":"les-montagnes-du-jour-monographie-sentimentale-des-monedieres","status":"publish","type":"product","link":"https:\/\/www.libraria-occitana.org\/en\/product\/les-montagnes-du-jour-monographie-sentimentale-des-monedieres\/","title":{"rendered":"Les montagnes du jour : Monographie sentimentale des Mon\u00e9di\u00e8res"},"content":{"rendered":"<p>Cette \u00e9dition reprend celle de 1982 int\u00e9gralement. Beaucoup de t\u00e9moins sont aujourd&#8217;hui d\u00e9c\u00e9d\u00e9s mais cela reste un t\u00e9moignage important pour les Mon\u00e9di\u00e8res.<br \/>\nVoil\u00e0 ce que l&#8217;on \u00e9crivait \u00e0 l&#8217;\u00e9poque :<br \/>\nC&#8217;est, comme l&#8217;\u00e9crit l&#8217;auteur en sous-titre, une \u00ab monographie sentimentale des Mon\u00e9di\u00e8res \u00bb. On y rencontre ceux qui y vivent (la Reine Marie, les \u00ab fermi\u00e8res du Bon Dieu \u00bb, Jean Maison et ses tisanes, Antoinette Cougnoux, Roland Manoury, Jean Vinatier, Lucien Taguet, Lucien S\u00e9n\u00e9joux dans ses myrtilles&#8230;) et ceux qui y v\u00e9curent (Jean S\u00e9gurel, Damien Magnaval, Louis Larivi\u00e8re, Antonin Dubayle&#8230;). On y parle de l\u00e9gendes, de berg\u00e8res et de bruy\u00e8re mais aussi de chasse et de p\u00eache, des routes et des \u00e9coles, sans oublier l&#8217;histoire toujours pr\u00e9sente.<br \/>\nVilles et villages ne sont pas oubli\u00e9s : Treignac, Madranges, La Mon\u00e9di\u00e8re, Lestards, Beaumont, Pradines, Gourdon-Murat, Grandsaigne, Le Masmichel, Freysseline, Veix, Le Bos, Chaumeil, Cl\u00e9dat.<\/p>\n","protected":false},"excerpt":{"rendered":"<p>Cette \u00e9dition reprend celle de 1982 int\u00e9gralement. Beaucoup de t\u00e9moins sont aujourd&#8217;hui d\u00e9c\u00e9d\u00e9s mais cela reste un t\u00e9moignage important pour les Mon\u00e9di\u00e8res. Voil\u00e0 ce que l&#8217;on \u00e9crivait \u00e0 l&#8217;\u00e9poque : C&#8217;est, comme l&#8217;\u00e9crit l&#8217;auteur en sous-titre, une \u00ab monographie sentimentale des Mon\u00e9di\u00e8res \u00bb. On y rencontre ceux qui y vivent (la Reine Marie, les \u00ab [&hellip;]<\/p>\n","protected":false},"featured_media":44644,"template":"","meta":{"_acf_changed":false,"_genesis_hide_title":false,"_genesis_hide_breadcrumbs":false,"_genesis_hide_singular_image":false,"_genesis_hide_footer_widgets":false,"_genesis_custom_body_class":"","_genesis_custom_post_class":"","_genesis_layout":""},"product_brand":[],"product_cat":[7132,7174,7186],"product_tag":[],"class_list":{"0":"post-44659","1":"product","2":"type-product","3":"status-publish","4":"has-post-thumbnail","6":"product_cat-books","7":"product_cat-literature-en","8":"product_cat-personal-narratives-memoirs-en","9":"pa_auteur-peyramaure-michel-en","10":"pa_editeur-lesperluette-en","11":"pa_langue-francais-en","12":"entry","14":"first","15":"instock","16":"shipping-taxable","17":"purchasable","18":"product-type-simple"},"acf":[],"_links":{"self":[{"href":"https:\/\/www.libraria-occitana.org\/en\/wp-json\/wp\/v2\/product\/44659","targetHints":{"allow":["GET"]}}],"collection":[{"href":"https:\/\/www.libraria-occitana.org\/en\/wp-json\/wp\/v2\/product"}],"about":[{"href":"https:\/\/www.libraria-occitana.org\/en\/wp-json\/wp\/v2\/types\/product"}],"wp:featuredmedia":[{"embeddable":true,"href":"https:\/\/www.libraria-occitana.org\/en\/wp-json\/wp\/v2\/media\/44644"}],"wp:attachment":[{"href":"https:\/\/www.libraria-occitana.org\/en\/wp-json\/wp\/v2\/media?parent=44659"}],"wp:term":[{"taxonomy":"product_brand","embeddable":true,"href":"https:\/\/www.libraria-occitana.org\/en\/wp-json\/wp\/v2\/product_brand?post=44659"},{"taxonomy":"product_cat","embeddable":true,"href":"https:\/\/www.libraria-occitana.org\/en\/wp-json\/wp\/v2\/product_cat?post=44659"},{"taxonomy":"product_tag","embeddable":true,"href":"https:\/\/www.libraria-occitana.org\/en\/wp-json\/wp\/v2\/product_tag?post=44659"}],"curies":[{"name":"wp","href":"https:\/\/api.w.org\/{rel}","templated":true}]}}