{"id":44677,"date":"2015-11-18T20:46:45","date_gmt":"2015-11-18T19:46:45","guid":{"rendered":"http:\/\/www.libraria-occitana.org\/product\/chroniques-de-creuse\/"},"modified":"2026-04-29T00:56:19","modified_gmt":"2026-04-28T22:56:19","slug":"chroniques-de-creuse","status":"publish","type":"product","link":"https:\/\/www.libraria-occitana.org\/en\/product\/chroniques-de-creuse\/","title":{"rendered":"Chroniques de Creuse"},"content":{"rendered":"<p>Voici les cr\u00e9ations nourries de deux regards crois\u00e9s, tendres, ironiques, parfois philosophiques, mais po\u00e9tiques toujours : celui d\u2019un \u00e9crivain conteur, Bernard Blot, et celui d\u2019un paysagiste dessinateur, Alain Freytet. Ces deux comp\u00e8res ont tricot\u00e9 leur amiti\u00e9 et leur complicit\u00e9 en arpentant les vieux chemins d\u2019usage au fil des ans. Ils nous invitent aujourd\u2019hui \u00e0 les suivre dans leurs p\u00e9r\u00e9grinations, visuelle et textuelle, dont il est difficile de dire ce qui a tenu lieu de source premi\u00e8re, la r\u00e9alit\u00e9 ou le dessin, la prose ou le r\u00eave.<br \/>\nDu lac de Vassivi\u00e8re au Moutier-d\u2019Ahun, du geste qui fait na\u00eetre l\u2019image \u00e0 la geste parfois \u00e9pique des textes, ces <em>Chroniques de Creuse<\/em> sont un hymne \u00e0 la beaut\u00e9, \u00e0 la simplicit\u00e9 et \u00e0 la diversit\u00e9 du monde.<br \/>\nCet album veut offrir \u00e0 ses lecteurs une Creuse authentique telle qu\u2019ils n\u2019ont jamais os\u00e9 l\u2019imaginer.<\/p>\n<p><em>Autres chroniques de Creuse<\/em><\/p>\n","protected":false},"excerpt":{"rendered":"<p>Voici les cr\u00e9ations nourries de deux regards crois\u00e9s, tendres, ironiques, parfois philosophiques, mais po\u00e9tiques toujours : celui d\u2019un \u00e9crivain conteur, Bernard Blot, et celui d\u2019un paysagiste dessinateur, Alain Freytet. Ces deux comp\u00e8res ont tricot\u00e9 leur amiti\u00e9 et leur complicit\u00e9 en arpentant les vieux chemins d\u2019usage au fil des ans. Ils nous invitent aujourd\u2019hui \u00e0 les [&hellip;]<\/p>\n","protected":false},"featured_media":44669,"template":"","meta":{"_acf_changed":false,"_genesis_hide_title":false,"_genesis_hide_breadcrumbs":false,"_genesis_hide_singular_image":false,"_genesis_hide_footer_widgets":false,"_genesis_custom_body_class":"","_genesis_custom_post_class":"","_genesis_layout":""},"product_brand":[],"product_cat":[7132,7174,7182],"product_tag":[],"class_list":{"0":"post-44677","1":"product","2":"type-product","3":"status-publish","4":"has-post-thumbnail","6":"product_cat-books","7":"product_cat-literature-en","8":"product_cat-novels-short-stories-en","9":"pa_auteur-blot-bernard-en","10":"pa_auteur-freytet-alain-fr-en","11":"pa_editeur-les-ardents-editeurs-en","12":"pa_langue-francais-en","13":"entry","15":"first","16":"outofstock","17":"shipping-taxable","18":"purchasable","19":"product-type-simple"},"acf":[],"_links":{"self":[{"href":"https:\/\/www.libraria-occitana.org\/en\/wp-json\/wp\/v2\/product\/44677","targetHints":{"allow":["GET"]}}],"collection":[{"href":"https:\/\/www.libraria-occitana.org\/en\/wp-json\/wp\/v2\/product"}],"about":[{"href":"https:\/\/www.libraria-occitana.org\/en\/wp-json\/wp\/v2\/types\/product"}],"wp:featuredmedia":[{"embeddable":true,"href":"https:\/\/www.libraria-occitana.org\/en\/wp-json\/wp\/v2\/media\/44669"}],"wp:attachment":[{"href":"https:\/\/www.libraria-occitana.org\/en\/wp-json\/wp\/v2\/media?parent=44677"}],"wp:term":[{"taxonomy":"product_brand","embeddable":true,"href":"https:\/\/www.libraria-occitana.org\/en\/wp-json\/wp\/v2\/product_brand?post=44677"},{"taxonomy":"product_cat","embeddable":true,"href":"https:\/\/www.libraria-occitana.org\/en\/wp-json\/wp\/v2\/product_cat?post=44677"},{"taxonomy":"product_tag","embeddable":true,"href":"https:\/\/www.libraria-occitana.org\/en\/wp-json\/wp\/v2\/product_tag?post=44677"}],"curies":[{"name":"wp","href":"https:\/\/api.w.org\/{rel}","templated":true}]}}