{"id":44689,"date":"2019-04-19T10:54:35","date_gmt":"2019-04-19T08:54:35","guid":{"rendered":"http:\/\/www.libraria-occitana.org\/product\/trang-fille-de-lumiere-de-lune\/"},"modified":"2026-04-17T21:21:37","modified_gmt":"2026-04-17T19:21:37","slug":"trang-fille-de-lumiere-de-lune","status":"publish","type":"product","link":"https:\/\/www.libraria-occitana.org\/en\/product\/trang-fille-de-lumiere-de-lune\/","title":{"rendered":"Trang, fille de Lumi\u00e8re de lune"},"content":{"rendered":"<p>1979. La petite Trang fait partie de ces milliers de boat people ballott\u00e9s entre la mer de Chine et le golfe de Tha\u00eflande. Sa famille fuit le Vietnam pour \u00e9chapper au r\u00e9gime communiste. Malgr\u00e9 son quotidien mis\u00e9rable et les dangers de la travers\u00e9e, Trang porte un regard d\u2019enfant sur un monde d\u2019adultes. Le lendemain est incertain. Parviendra-t-elle \u00e0 atteindre la terre promise ? L\u2019espoir d\u2019une vie meilleure sera-t-il r\u00e9duit \u00e0 n\u00e9ant ?<br \/>\nBouleversant t\u00e9moignage, <em>Trang, fille de Lumi\u00e8re de lune<\/em> entra\u00eene le lecteur dans un v\u00e9ritable p\u00e9riple au-del\u00e0 des continents, de H\u00f4-Chi-Minh-Ville, l\u2019ancienne Saigon, jusqu\u2019\u00e0 Saint-H\u00e9and, petite commune de la Loire. Par sa plume d\u2019une grande sensibilit\u00e9, Martine Janicot Demaison d\u00e9crit avec justesse les souffrances et les joies de ces hommes et de ces femmes pouss\u00e9s \u00e0 l\u2019exode, et offre surtout un formidable message d\u2019espoir.<\/p>\n","protected":false},"excerpt":{"rendered":"<p>1979. La petite Trang fait partie de ces milliers de boat people ballott\u00e9s entre la mer de Chine et le golfe de Tha\u00eflande. Sa famille fuit le Vietnam pour \u00e9chapper au r\u00e9gime communiste. Malgr\u00e9 son quotidien mis\u00e9rable et les dangers de la travers\u00e9e, Trang porte un regard d\u2019enfant sur un monde d\u2019adultes. Le lendemain est [&hellip;]<\/p>\n","protected":false},"featured_media":44687,"template":"","meta":{"_acf_changed":false,"_genesis_hide_title":false,"_genesis_hide_breadcrumbs":false,"_genesis_hide_singular_image":false,"_genesis_hide_footer_widgets":false,"_genesis_custom_body_class":"","_genesis_custom_post_class":"","_genesis_layout":""},"product_brand":[],"product_cat":[7132,7174,7182],"product_tag":[],"class_list":{"0":"post-44689","1":"product","2":"type-product","3":"status-publish","4":"has-post-thumbnail","6":"product_cat-books","7":"product_cat-literature-en","8":"product_cat-novels-short-stories-en","9":"pa_auteur-janicot-demaison-martine-en","10":"pa_editeur-les-ardents-editeurs-en","11":"pa_langue-francais-en","12":"entry","14":"first","15":"instock","16":"shipping-taxable","17":"purchasable","18":"product-type-simple"},"acf":[],"_links":{"self":[{"href":"https:\/\/www.libraria-occitana.org\/en\/wp-json\/wp\/v2\/product\/44689","targetHints":{"allow":["GET"]}}],"collection":[{"href":"https:\/\/www.libraria-occitana.org\/en\/wp-json\/wp\/v2\/product"}],"about":[{"href":"https:\/\/www.libraria-occitana.org\/en\/wp-json\/wp\/v2\/types\/product"}],"wp:featuredmedia":[{"embeddable":true,"href":"https:\/\/www.libraria-occitana.org\/en\/wp-json\/wp\/v2\/media\/44687"}],"wp:attachment":[{"href":"https:\/\/www.libraria-occitana.org\/en\/wp-json\/wp\/v2\/media?parent=44689"}],"wp:term":[{"taxonomy":"product_brand","embeddable":true,"href":"https:\/\/www.libraria-occitana.org\/en\/wp-json\/wp\/v2\/product_brand?post=44689"},{"taxonomy":"product_cat","embeddable":true,"href":"https:\/\/www.libraria-occitana.org\/en\/wp-json\/wp\/v2\/product_cat?post=44689"},{"taxonomy":"product_tag","embeddable":true,"href":"https:\/\/www.libraria-occitana.org\/en\/wp-json\/wp\/v2\/product_tag?post=44689"}],"curies":[{"name":"wp","href":"https:\/\/api.w.org\/{rel}","templated":true}]}}