{"id":44720,"date":"2018-03-19T15:52:44","date_gmt":"2018-03-19T14:52:44","guid":{"rendered":"http:\/\/www.libraria-occitana.org\/product\/la-vie-dun-simple\/"},"modified":"2026-04-29T10:06:19","modified_gmt":"2026-04-29T08:06:19","slug":"la-vie-dun-simple","status":"publish","type":"product","link":"https:\/\/www.libraria-occitana.org\/en\/product\/la-vie-dun-simple\/","title":{"rendered":"La vie d&#8217;un simple"},"content":{"rendered":"<p><em>La vie d&#8217;un simple<\/em> est un livre qui vient du fond du peuple, chose bien rare, et du fond du peuple paysan, chose unique&#8230;<br \/>\nD&#8217;un grand-p\u00e8re conteur d&#8217;histoires Guillaumin tint le go\u00fbt de conter, et il eut le courage d&#8217;ajouter au labeur paysan un labeur d&#8217;\u00e9crivain. Le plus bel exemple d&#8217;homme de lettres pratiquant le deuxi\u00e8me m\u00e9tier, c&#8217;est \u00c9mile Guillaumin qui le donne&#8230;<br \/>\nLe Bourbonnais est loin, et la rumeur parisienne nous distrait d&#8217;y conna\u00eetre et d&#8217;y entendre un juste. Mais la rumeur est chose passag\u00e8re, la valeur ne passe pas, et \u00c9mile Guillaumin est s\u00fbr d&#8217;occuper, dans l&#8217;histoire de notre peuple, une place o\u00f9 il est indispensable et seul.<\/p>\n<p style=\"text-align: right;\">Daniel Hal\u00e9vy<\/p>\n","protected":false},"excerpt":{"rendered":"<p>La vie d&#8217;un simple est un livre qui vient du fond du peuple, chose bien rare, et du fond du peuple paysan, chose unique&#8230; D&#8217;un grand-p\u00e8re conteur d&#8217;histoires Guillaumin tint le go\u00fbt de conter, et il eut le courage d&#8217;ajouter au labeur paysan un labeur d&#8217;\u00e9crivain. Le plus bel exemple d&#8217;homme de lettres pratiquant le [&hellip;]<\/p>\n","protected":false},"featured_media":44718,"template":"","meta":{"_acf_changed":false,"_genesis_hide_title":false,"_genesis_hide_breadcrumbs":false,"_genesis_hide_singular_image":false,"_genesis_hide_footer_widgets":false,"_genesis_custom_body_class":"","_genesis_custom_post_class":"","_genesis_layout":""},"product_brand":[],"product_cat":[7132,7174,7186],"product_tag":[],"class_list":{"0":"post-44720","1":"product","2":"type-product","3":"status-publish","4":"has-post-thumbnail","6":"product_cat-books","7":"product_cat-literature-en","8":"product_cat-personal-narratives-memoirs-en","9":"pa_auteur-guillaumin-emile-en","10":"pa_editeur-lgf-en","11":"pa_langue-francais-en","12":"entry","14":"first","15":"outofstock","16":"shipping-taxable","17":"purchasable","18":"product-type-simple"},"acf":[],"_links":{"self":[{"href":"https:\/\/www.libraria-occitana.org\/en\/wp-json\/wp\/v2\/product\/44720","targetHints":{"allow":["GET"]}}],"collection":[{"href":"https:\/\/www.libraria-occitana.org\/en\/wp-json\/wp\/v2\/product"}],"about":[{"href":"https:\/\/www.libraria-occitana.org\/en\/wp-json\/wp\/v2\/types\/product"}],"wp:featuredmedia":[{"embeddable":true,"href":"https:\/\/www.libraria-occitana.org\/en\/wp-json\/wp\/v2\/media\/44718"}],"wp:attachment":[{"href":"https:\/\/www.libraria-occitana.org\/en\/wp-json\/wp\/v2\/media?parent=44720"}],"wp:term":[{"taxonomy":"product_brand","embeddable":true,"href":"https:\/\/www.libraria-occitana.org\/en\/wp-json\/wp\/v2\/product_brand?post=44720"},{"taxonomy":"product_cat","embeddable":true,"href":"https:\/\/www.libraria-occitana.org\/en\/wp-json\/wp\/v2\/product_cat?post=44720"},{"taxonomy":"product_tag","embeddable":true,"href":"https:\/\/www.libraria-occitana.org\/en\/wp-json\/wp\/v2\/product_tag?post=44720"}],"curies":[{"name":"wp","href":"https:\/\/api.w.org\/{rel}","templated":true}]}}