{"id":44732,"date":"2018-12-19T19:20:56","date_gmt":"2018-12-19T18:20:56","guid":{"rendered":"http:\/\/www.libraria-occitana.org\/product\/saint-junien-lart-du-cuir\/"},"modified":"2026-04-29T10:24:01","modified_gmt":"2026-04-29T08:24:01","slug":"saint-junien-lart-du-cuir","status":"publish","type":"product","link":"https:\/\/www.libraria-occitana.org\/en\/product\/saint-junien-lart-du-cuir\/","title":{"rendered":"Saint-Junien : L&#8217;art du cuir"},"content":{"rendered":"<p>L\u2019univers des femmes et des hommes qui ont b\u00e2ti, \u00e0 travers leurs savoir-faire ancestraux autour du cuir, la r\u00e9putation de la ville de Saint-Junien (Haute-Vienne) dans le monde entier. Entre t\u00e9moignages d\u2019anciens et portraits de jeunes chefs d\u2019entreprises, un livre richement illustr\u00e9 tout en couleur.<\/p>\n","protected":false},"excerpt":{"rendered":"<p>L\u2019univers des femmes et des hommes qui ont b\u00e2ti, \u00e0 travers leurs savoir-faire ancestraux autour du cuir, la r\u00e9putation de la ville de Saint-Junien (Haute-Vienne) dans le monde entier. Entre t\u00e9moignages d\u2019anciens et portraits de jeunes chefs d\u2019entreprises, un livre richement illustr\u00e9 tout en couleur.<\/p>\n","protected":false},"featured_media":44730,"template":"","meta":{"_acf_changed":false,"_genesis_hide_title":false,"_genesis_hide_breadcrumbs":false,"_genesis_hide_singular_image":false,"_genesis_hide_footer_widgets":false,"_genesis_custom_body_class":"","_genesis_custom_post_class":"","_genesis_layout":""},"product_brand":[],"product_cat":[7132,7212,7206],"product_tag":[],"class_list":{"0":"post-44732","1":"product","2":"type-product","3":"status-publish","4":"has-post-thumbnail","6":"product_cat-books","7":"product_cat-traditional-skills-savoirs-faire-en","8":"product_cat-traditions-heritage-en","9":"pa_auteur-collectiu-en-2","10":"pa_editeur-editions-mon-limousin-en","11":"pa_langue-francais-en","12":"entry","14":"first","15":"instock","16":"shipping-taxable","17":"purchasable","18":"product-type-simple"},"acf":[],"_links":{"self":[{"href":"https:\/\/www.libraria-occitana.org\/en\/wp-json\/wp\/v2\/product\/44732","targetHints":{"allow":["GET"]}}],"collection":[{"href":"https:\/\/www.libraria-occitana.org\/en\/wp-json\/wp\/v2\/product"}],"about":[{"href":"https:\/\/www.libraria-occitana.org\/en\/wp-json\/wp\/v2\/types\/product"}],"wp:featuredmedia":[{"embeddable":true,"href":"https:\/\/www.libraria-occitana.org\/en\/wp-json\/wp\/v2\/media\/44730"}],"wp:attachment":[{"href":"https:\/\/www.libraria-occitana.org\/en\/wp-json\/wp\/v2\/media?parent=44732"}],"wp:term":[{"taxonomy":"product_brand","embeddable":true,"href":"https:\/\/www.libraria-occitana.org\/en\/wp-json\/wp\/v2\/product_brand?post=44732"},{"taxonomy":"product_cat","embeddable":true,"href":"https:\/\/www.libraria-occitana.org\/en\/wp-json\/wp\/v2\/product_cat?post=44732"},{"taxonomy":"product_tag","embeddable":true,"href":"https:\/\/www.libraria-occitana.org\/en\/wp-json\/wp\/v2\/product_tag?post=44732"}],"curies":[{"name":"wp","href":"https:\/\/api.w.org\/{rel}","templated":true}]}}