{"id":44796,"date":"2017-04-16T12:49:14","date_gmt":"2017-04-16T10:49:14","guid":{"rendered":"http:\/\/www.libraria-occitana.org\/?post_type=product&#038;p=44796"},"modified":"2026-04-02T22:16:35","modified_gmt":"2026-04-02T20:16:35","slug":"louisa-paulin-1888-1944-de-la-vie-a-loeuvre","status":"publish","type":"product","link":"https:\/\/www.libraria-occitana.org\/en\/product\/louisa-paulin-1888-1944-de-la-vie-a-loeuvre\/","title":{"rendered":"Louisa Paulin (1888-1944) : De la vie \u00e0 l&#8217;\u0153uvre"},"content":{"rendered":"<p>\u00ab Je suis n\u00e9e le 2 d\u00e9cembre, comme Francis Jammes, un dimanche, comme M\u00e9lisande, et en 1888 comme beaucoup d&#8217;autres gens&#8230; Mon pays est l&#8217;Albigeois et ma langue maternelle n&#8217;est pas le fran\u00e7ais, mais la langue d&#8217;oc. C&#8217;est en langue d&#8217;oc que j&#8217;ai entendu les premiers vers, ceux de nos chansons populaires. Et j&#8217;ai gard\u00e9 de ma petite enfance le sentiment que la po\u00e9sie n&#8217;est que chant et qu&#8217;elle ne saurait \u00eatre le privil\u00e8ge de quelques-uns, mais le bien de tous, comme nos chansons populaires et les psaumes de nos offices.<br \/>\nC&#8217;est peut-\u00eatre pourquoi j&#8217;ai toujours r\u00eav\u00e9 d&#8217;\u00e9crire des po\u00e8mes avec les mots de tout le monde, avec les mots de tous les jours, us\u00e9s, mais riches de leur \u00e9ternelle charge de mis\u00e8res et de joies. C&#8217;est ce que j&#8217;ai tent\u00e9&#8230; Et je r\u00eave aussi d&#8217;un temps o\u00f9 on pourrait non pas vendre des po\u00e8mes, mais les donner, comme les fleurs des champs que chacun peut cueillir. \u00bb<br \/>\nC&#8217;est ainsi que Louisa Paulin se pr\u00e9sentait elle-m\u00eame dans une note autobiographique.<br \/>\nLes auteurs des communications ici rassembl\u00e9es \u00e0 la suite de la journ\u00e9e d&#8217;\u00e9tude qui lui a \u00e9t\u00e9 consacr\u00e9e le 1er avril 2016 \u00e0 l&#8217;Universit\u00e9 Paul Val\u00e9ry de Montpellier, ont \u00e9t\u00e9 surpris et subjugu\u00e9s par la dimension de la femme, du po\u00e8te, de la musicienne et de la lectrice, bien au fait de la probl\u00e9matique de la cr\u00e9ation contemporaine, tant en langue fran\u00e7aise comme en langue occitane.<\/p>\n<p><strong>Louisa Paulin<\/strong> est n\u00e9e en 1888, \u00e0 R\u00e9almont, pr\u00e8s d\u2019Albi. D\u2019abord institutrice dans plusieurs villages du Tarn, elle devient professeur \u00e0 Tulle o\u00f9 elle r\u00e9dige ses premiers essais litt\u00e9raires. Elle enseigne dix-huit ans en Limousin.<br \/>\nLes premi\u00e8res atteintes d\u2019une maladie qui devait la priver progressivement de la vue et de toute libert\u00e9 de mouvement l\u2019incitent \u00e0 se rapprocher des siens. Ce sera sa p\u00e9riode la plus cr\u00e9atrice. Apr\u00e8s deux ann\u00e9es pass\u00e9es \u00e0 Albi, admise \u00e0 la retraite anticip\u00e9e, elle revient \u00e0 R\u00e9almont o\u00f9 elle meurt le 23 avril 1944.<\/p>\n","protected":false},"excerpt":{"rendered":"<p>\u00ab Je suis n\u00e9e le 2 d\u00e9cembre, comme Francis Jammes, un dimanche, comme M\u00e9lisande, et en 1888 comme beaucoup d&#8217;autres gens&#8230; Mon pays est l&#8217;Albigeois et ma langue maternelle n&#8217;est pas le fran\u00e7ais, mais la langue d&#8217;oc. C&#8217;est en langue d&#8217;oc que j&#8217;ai entendu les premiers vers, ceux de nos chansons populaires. Et j&#8217;ai gard\u00e9 [&hellip;]<\/p>\n","protected":false},"featured_media":44799,"template":"","meta":{"_acf_changed":false,"_genesis_hide_title":false,"_genesis_hide_breadcrumbs":false,"_genesis_hide_singular_image":false,"_genesis_hide_footer_widgets":false,"_genesis_custom_body_class":"","_genesis_custom_post_class":"","_genesis_layout":""},"product_brand":[],"product_cat":[7132,7174,7188],"product_tag":[],"class_list":{"0":"post-44796","1":"product","2":"type-product","3":"status-publish","4":"has-post-thumbnail","6":"product_cat-books","7":"product_cat-literature-en","8":"product_cat-arts-studies-en","9":"pa_auteur-collectiu-en-2","10":"pa_auteur-verny-marie-jeanne-en","11":"pa_editeur-vent-terral-en","12":"pa_langue-francais-en","13":"pa_langue-occitan-en","14":"pa_langue-occitan-lengadocian-en","15":"entry","17":"first","18":"instock","19":"shipping-taxable","20":"purchasable","21":"product-type-simple"},"acf":[],"_links":{"self":[{"href":"https:\/\/www.libraria-occitana.org\/en\/wp-json\/wp\/v2\/product\/44796","targetHints":{"allow":["GET"]}}],"collection":[{"href":"https:\/\/www.libraria-occitana.org\/en\/wp-json\/wp\/v2\/product"}],"about":[{"href":"https:\/\/www.libraria-occitana.org\/en\/wp-json\/wp\/v2\/types\/product"}],"wp:featuredmedia":[{"embeddable":true,"href":"https:\/\/www.libraria-occitana.org\/en\/wp-json\/wp\/v2\/media\/44799"}],"wp:attachment":[{"href":"https:\/\/www.libraria-occitana.org\/en\/wp-json\/wp\/v2\/media?parent=44796"}],"wp:term":[{"taxonomy":"product_brand","embeddable":true,"href":"https:\/\/www.libraria-occitana.org\/en\/wp-json\/wp\/v2\/product_brand?post=44796"},{"taxonomy":"product_cat","embeddable":true,"href":"https:\/\/www.libraria-occitana.org\/en\/wp-json\/wp\/v2\/product_cat?post=44796"},{"taxonomy":"product_tag","embeddable":true,"href":"https:\/\/www.libraria-occitana.org\/en\/wp-json\/wp\/v2\/product_tag?post=44796"}],"curies":[{"name":"wp","href":"https:\/\/api.w.org\/{rel}","templated":true}]}}