{"id":44805,"date":"2019-05-16T14:10:45","date_gmt":"2019-05-16T12:10:45","guid":{"rendered":"http:\/\/www.libraria-occitana.org\/?post_type=product&#038;p=44805"},"modified":"2026-04-29T01:36:32","modified_gmt":"2026-04-28T23:36:32","slug":"les-bouchers-du-chateau-de-limoges-une-corporation-une-confrerie-et-une-rue-des-origines-a-nos-jours","status":"publish","type":"product","link":"https:\/\/www.libraria-occitana.org\/en\/product\/les-bouchers-du-chateau-de-limoges-une-corporation-une-confrerie-et-une-rue-des-origines-a-nos-jours\/","title":{"rendered":"Les bouchers du Ch\u00e2teau de Limoges : Une corporation, une confr\u00e9rie et une rue des origines \u00e0 nos jours"},"content":{"rendered":"<p>Dans cet ouvrage tr\u00e8s richement illustr\u00e9, l\u2019auteur propose une histoire renouvel\u00e9e de la corporation des bouchers du Ch\u00e2teau de Limoges, essentiellement ceux de la rue de la Boucherie. Remontant \u00e0 l\u2019Antiquit\u00e9, \u00e9voquant le Moyen \u00c2ge, puis l\u2019Ancien R\u00e9gime et la p\u00e9riode r\u00e9volutionnaire, il \u00e9tudie le XIXe\u2009si\u00e8cle et la p\u00e9riode contemporaine, nourrissant son travail de ceux de ses pr\u00e9d\u00e9cesseurs, de celui des arch\u00e9ologues, mais \u00e9galement d\u2019archives in\u00e9dites, dont celles de la Confr\u00e9rie Saint-Aur\u00e9lien. C\u2019est ainsi que l\u2019on d\u00e9couvrira l\u2019histoire du Cercle Saint-Aur\u00e9lien, cr\u00e9\u00e9 \u00e0 la fin du XIXe\u2009si\u00e8cle dans l\u2019esprit corporatiste et chr\u00e9tien cher \u00e0 Albert de Mun.<\/p>\n<p>\u00c9tudier cette rue embl\u00e9matique de la ville de Limoges, c\u2019est comprendre qu\u2019elle se situe au carrefour de l\u2019artisanat et du commerce, de la vie familiale, de l\u2019architecture, de la religion, de la politique et de la gastronomie. C\u2019est aussi saisir qu\u2019elle participe de l\u2019identit\u00e9 limougeaude, \u00e0 tel point qu\u2019elle a inspir\u00e9 les \u00e9crivains et les po\u00e8tes, mais aussi les peintres et les photographes, dont Laurent Bourdelas nous livre ici une anthologie. Le quartier a \u00e9volu\u00e9 au fil du temps, mais il est encore bien vivant et toujours cher \u00e0 ceux qui le fr\u00e9quentent, qu\u2019ils soient de Limoges ou d\u2019ailleurs.<\/p>\n","protected":false},"excerpt":{"rendered":"<p>Dans cet ouvrage tr\u00e8s richement illustr\u00e9, l\u2019auteur propose une histoire renouvel\u00e9e de la corporation des bouchers du Ch\u00e2teau de Limoges, essentiellement ceux de la rue de la Boucherie. Remontant \u00e0 l\u2019Antiquit\u00e9, \u00e9voquant le Moyen \u00c2ge, puis l\u2019Ancien R\u00e9gime et la p\u00e9riode r\u00e9volutionnaire, il \u00e9tudie le XIXe\u2009si\u00e8cle et la p\u00e9riode contemporaine, nourrissant son travail de ceux [&hellip;]<\/p>\n","protected":false},"featured_media":44808,"template":"","meta":{"_acf_changed":false,"_genesis_hide_title":false,"_genesis_hide_breadcrumbs":false,"_genesis_hide_singular_image":false,"_genesis_hide_footer_widgets":false,"_genesis_custom_body_class":"","_genesis_custom_post_class":"","_genesis_layout":""},"product_brand":[],"product_cat":[7132,7156,7148],"product_tag":[],"class_list":{"0":"post-44805","1":"product","2":"type-product","3":"status-publish","4":"has-post-thumbnail","6":"product_cat-books","7":"product_cat-general-history-en","8":"product_cat-history-geography-en","9":"pa_auteur-bourdelas-laurent-en","10":"pa_editeur-geste-en","11":"pa_langue-francais-en","12":"entry","14":"first","15":"instock","16":"shipping-taxable","17":"purchasable","18":"product-type-simple"},"acf":[],"_links":{"self":[{"href":"https:\/\/www.libraria-occitana.org\/en\/wp-json\/wp\/v2\/product\/44805","targetHints":{"allow":["GET"]}}],"collection":[{"href":"https:\/\/www.libraria-occitana.org\/en\/wp-json\/wp\/v2\/product"}],"about":[{"href":"https:\/\/www.libraria-occitana.org\/en\/wp-json\/wp\/v2\/types\/product"}],"wp:featuredmedia":[{"embeddable":true,"href":"https:\/\/www.libraria-occitana.org\/en\/wp-json\/wp\/v2\/media\/44808"}],"wp:attachment":[{"href":"https:\/\/www.libraria-occitana.org\/en\/wp-json\/wp\/v2\/media?parent=44805"}],"wp:term":[{"taxonomy":"product_brand","embeddable":true,"href":"https:\/\/www.libraria-occitana.org\/en\/wp-json\/wp\/v2\/product_brand?post=44805"},{"taxonomy":"product_cat","embeddable":true,"href":"https:\/\/www.libraria-occitana.org\/en\/wp-json\/wp\/v2\/product_cat?post=44805"},{"taxonomy":"product_tag","embeddable":true,"href":"https:\/\/www.libraria-occitana.org\/en\/wp-json\/wp\/v2\/product_tag?post=44805"}],"curies":[{"name":"wp","href":"https:\/\/api.w.org\/{rel}","templated":true}]}}