{"id":44971,"date":"2019-06-19T18:50:11","date_gmt":"2019-06-19T16:50:11","guid":{"rendered":"http:\/\/www.libraria-occitana.org\/?post_type=product&#038;p=44971"},"modified":"2026-04-02T20:56:05","modified_gmt":"2026-04-02T18:56:05","slug":"dictionnaire-des-rues-de-limoges","status":"publish","type":"product","link":"https:\/\/www.libraria-occitana.org\/en\/product\/dictionnaire-des-rues-de-limoges\/","title":{"rendered":"Dictionnaire des rues de Limoges"},"content":{"rendered":"<p><strong>Pour la premi\u00e8re fois, un auteur s\u2019attache \u00e0 r\u00e9diger un dictionnaire des rues de Limoges.<\/strong><\/p>\n<p>Apr\u00e8s des mois de recherches, et apr\u00e8s avoir \u00e9pluch\u00e9 tous les comptes-rendus de conseils municipaux relatifs aux noms de rues, il en ressort un superbe guide de promenades dans la ville qui fera traverser au lecteur les grands moments de l\u2019histoire de France en m\u00eame temps que la petite histoire locale.<\/p>\n<p><strong>Origine des noms de lieux, personnalit\u00e9s, architecture, anecdotes, myst\u00e8res :<\/strong> Limoges (avec tous ses quartiers) d\u00e9voile ses secrets.<\/p>\n<p><strong>Illustr\u00e9 de plus de 300 photographies, documents in\u00e9dits, plans anciens, esquisses, cartes postales\u2026<\/strong><\/p>\n<p>\u00ab L\u2019auteur livre ici une v\u00e9ritable et captivante histoire illustr\u00e9e de notre ville, qui invite le lecteur \u00e0 une d\u00e9ambulation \u00e9rudite et plaisante\u2026 \u00bb<\/p>\n<p style=\"text-align: right;\">Laurent Bourdelas (auteur de la pr\u00e9face)<\/p>\n","protected":false},"excerpt":{"rendered":"<p>Pour la premi\u00e8re fois, un auteur s\u2019attache \u00e0 r\u00e9diger un dictionnaire des rues de Limoges. Apr\u00e8s des mois de recherches, et apr\u00e8s avoir \u00e9pluch\u00e9 tous les comptes-rendus de conseils municipaux relatifs aux noms de rues, il en ressort un superbe guide de promenades dans la ville qui fera traverser au lecteur les grands moments de [&hellip;]<\/p>\n","protected":false},"featured_media":44974,"template":"","meta":{"_acf_changed":false,"_genesis_hide_title":false,"_genesis_hide_breadcrumbs":false,"_genesis_hide_singular_image":false,"_genesis_hide_footer_widgets":false,"_genesis_custom_body_class":"","_genesis_custom_post_class":"","_genesis_layout":""},"product_brand":[],"product_cat":[7132,7148,7162],"product_tag":[],"class_list":{"0":"post-44971","1":"product","2":"type-product","3":"status-publish","4":"has-post-thumbnail","6":"product_cat-books","7":"product_cat-history-geography-en","8":"product_cat-place-names-peoples-names-en","9":"pa_auteur-destrem-lucas-en","10":"pa_editeur-editions-mon-limousin-en","11":"pa_langue-francais-en","12":"entry","14":"first","15":"instock","16":"shipping-taxable","17":"purchasable","18":"product-type-simple"},"acf":[],"_links":{"self":[{"href":"https:\/\/www.libraria-occitana.org\/en\/wp-json\/wp\/v2\/product\/44971","targetHints":{"allow":["GET"]}}],"collection":[{"href":"https:\/\/www.libraria-occitana.org\/en\/wp-json\/wp\/v2\/product"}],"about":[{"href":"https:\/\/www.libraria-occitana.org\/en\/wp-json\/wp\/v2\/types\/product"}],"wp:featuredmedia":[{"embeddable":true,"href":"https:\/\/www.libraria-occitana.org\/en\/wp-json\/wp\/v2\/media\/44974"}],"wp:attachment":[{"href":"https:\/\/www.libraria-occitana.org\/en\/wp-json\/wp\/v2\/media?parent=44971"}],"wp:term":[{"taxonomy":"product_brand","embeddable":true,"href":"https:\/\/www.libraria-occitana.org\/en\/wp-json\/wp\/v2\/product_brand?post=44971"},{"taxonomy":"product_cat","embeddable":true,"href":"https:\/\/www.libraria-occitana.org\/en\/wp-json\/wp\/v2\/product_cat?post=44971"},{"taxonomy":"product_tag","embeddable":true,"href":"https:\/\/www.libraria-occitana.org\/en\/wp-json\/wp\/v2\/product_tag?post=44971"}],"curies":[{"name":"wp","href":"https:\/\/api.w.org\/{rel}","templated":true}]}}