{"id":44988,"date":"2013-10-31T14:35:48","date_gmt":"2013-10-31T13:35:48","guid":{"rendered":"http:\/\/www.libraria-occitana.org\/?post_type=product&#038;p=44988"},"modified":"2026-04-29T01:36:13","modified_gmt":"2026-04-28T23:36:13","slug":"aubusson-tapisseries-des-lumieres","status":"publish","type":"product","link":"https:\/\/www.libraria-occitana.org\/en\/product\/aubusson-tapisseries-des-lumieres\/","title":{"rendered":"Aubusson : Tapisseries des Lumi\u00e8res"},"content":{"rendered":"<p>Le propos de ce livre est double. Essayer tout d\u2019abord de montrer comment la renomm\u00e9e europ\u00e9enne de la tapisserie d\u2019Aubusson au XVIIIe si\u00e8cle d\u00e9coule de l\u2019augmentation et de l\u2019intensification des \u00e9changes commerciaux internationaux, caract\u00e9ristiques des Lumi\u00e8res, r\u00e9pondant \u00e0 une demande pr\u00e9cise en ameublement de produits de luxe, de tapisseries de verdure essentiellement, c\u2019est-\u00e0-dire repr\u00e9sentant divers paysages, enrichies de fabriques et le plus souvent \u00e9gay\u00e9es d\u2019animaux et de petits personnages. Reconstituer ensuite le corpus des tapisseries, sachant que les tapissiers d\u2019Aubusson tissaient \u00e0 la fois les cartons qui \u00e9taient mis \u00e0 leur disposition par la Couronne et ceux qu\u2019ils achetaient pour leur propre usage. Il a donc fallu d\u00e9finir des crit\u00e8res objectifs permettant de regrouper les tapisseries et de reconstituer les diverses tentures r\u00e9alis\u00e9es, tels que la r\u00e9p\u00e9tition d\u2019un m\u00eame carton et la fr\u00e9quence des associations d\u2019un tissage avec d\u2019autres, le format des pi\u00e8ces et les marques relev\u00e9es.<\/p>\n","protected":false},"excerpt":{"rendered":"<p>Le propos de ce livre est double. Essayer tout d\u2019abord de montrer comment la renomm\u00e9e europ\u00e9enne de la tapisserie d\u2019Aubusson au XVIIIe si\u00e8cle d\u00e9coule de l\u2019augmentation et de l\u2019intensification des \u00e9changes commerciaux internationaux, caract\u00e9ristiques des Lumi\u00e8res, r\u00e9pondant \u00e0 une demande pr\u00e9cise en ameublement de produits de luxe, de tapisseries de verdure essentiellement, c\u2019est-\u00e0-dire repr\u00e9sentant divers [&hellip;]<\/p>\n","protected":false},"featured_media":44991,"template":"","meta":{"_acf_changed":false,"_genesis_hide_title":false,"_genesis_hide_breadcrumbs":false,"_genesis_hide_singular_image":false,"_genesis_hide_footer_widgets":false,"_genesis_custom_body_class":"","_genesis_custom_post_class":"","_genesis_layout":""},"product_brand":[],"product_cat":[7132,7148,7158],"product_tag":[],"class_list":{"0":"post-44988","1":"product","2":"type-product","3":"status-publish","4":"has-post-thumbnail","6":"product_cat-books","7":"product_cat-history-geography-en","8":"product_cat-modern-and-contemporary-history-en","9":"pa_auteur-bertrand-pascal-francois-en","10":"pa_editeur-snoeck-editions-en","11":"pa_langue-francais-en","12":"entry","14":"first","15":"outofstock","16":"shipping-taxable","17":"purchasable","18":"product-type-simple"},"acf":[],"_links":{"self":[{"href":"https:\/\/www.libraria-occitana.org\/en\/wp-json\/wp\/v2\/product\/44988","targetHints":{"allow":["GET"]}}],"collection":[{"href":"https:\/\/www.libraria-occitana.org\/en\/wp-json\/wp\/v2\/product"}],"about":[{"href":"https:\/\/www.libraria-occitana.org\/en\/wp-json\/wp\/v2\/types\/product"}],"wp:featuredmedia":[{"embeddable":true,"href":"https:\/\/www.libraria-occitana.org\/en\/wp-json\/wp\/v2\/media\/44991"}],"wp:attachment":[{"href":"https:\/\/www.libraria-occitana.org\/en\/wp-json\/wp\/v2\/media?parent=44988"}],"wp:term":[{"taxonomy":"product_brand","embeddable":true,"href":"https:\/\/www.libraria-occitana.org\/en\/wp-json\/wp\/v2\/product_brand?post=44988"},{"taxonomy":"product_cat","embeddable":true,"href":"https:\/\/www.libraria-occitana.org\/en\/wp-json\/wp\/v2\/product_cat?post=44988"},{"taxonomy":"product_tag","embeddable":true,"href":"https:\/\/www.libraria-occitana.org\/en\/wp-json\/wp\/v2\/product_tag?post=44988"}],"curies":[{"name":"wp","href":"https:\/\/api.w.org\/{rel}","templated":true}]}}