{"id":45010,"date":"2003-10-21T16:03:46","date_gmt":"2003-10-21T14:03:46","guid":{"rendered":"http:\/\/www.libraria-occitana.org\/?post_type=product&#038;p=45010"},"modified":"2026-04-29T07:16:28","modified_gmt":"2026-04-29T05:16:28","slug":"canconier-occitan-1-chansonnier-occitan-1-canconer-occita-1-libre-cd","status":"publish","type":"product","link":"https:\/\/www.libraria-occitana.org\/en\/product\/canconier-occitan-1-chansonnier-occitan-1-canconer-occita-1-libre-cd\/","title":{"rendered":"Can\u00e7oni\u00e8r Occitan 1 &#8211; Chansonnier occitan 1 &#8211; Can\u00e7oner occit\u00e0 1 (libre + CD)"},"content":{"rendered":"<p>Recueil de dix chants populaires d&#8217;Occitanie, s\u00e9lectionn\u00e9s et arrang\u00e9s par Pascal Caumont. Cette \u00e9dition associe un livret avec les partitions des m\u00e9lodies et leurs textes en occitan, fran\u00e7ais et catalan, et un CD-audio : une premi\u00e8re partie avec les m\u00e9lodies et les accompagnements, une seconde partie avec les accompagnements seuls pour faciliter la diffusion et le travail didactique des chants.<\/p>\n<p>Trio Grand Vam : Pascal Caumont (chant, percussions), Guillaume Lopez (cornemuse de Gascogne, fifre, chant), Thierry Roques (accord\u00e9on chromatique).<\/p>\n","protected":false},"excerpt":{"rendered":"<p>Recueil de dix chants populaires d&#8217;Occitanie, s\u00e9lectionn\u00e9s et arrang\u00e9s par Pascal Caumont. Cette \u00e9dition associe un livret avec les partitions des m\u00e9lodies et leurs textes en occitan, fran\u00e7ais et catalan, et un CD-audio : une premi\u00e8re partie avec les m\u00e9lodies et les accompagnements, une seconde partie avec les accompagnements seuls pour faciliter la diffusion et [&hellip;]<\/p>\n","protected":false},"featured_media":51604,"template":"","meta":{"_acf_changed":false,"_genesis_hide_title":false,"_genesis_hide_breadcrumbs":false,"_genesis_hide_singular_image":false,"_genesis_hide_footer_widgets":false,"_genesis_custom_body_class":"","_genesis_custom_post_class":"","_genesis_layout":""},"product_brand":[],"product_cat":[7132,7190,7192],"product_tag":[],"class_list":{"0":"post-45010","1":"product","2":"type-product","3":"status-publish","4":"has-post-thumbnail","6":"product_cat-books","7":"product_cat-music-dances-en","8":"product_cat-scores-lyrics-en","9":"pa_auteur-caumont-pascal-en","10":"pa_editeur-crdp-midi-pyrenees-en","11":"pa_editeur-dinsic-en","12":"pa_langue-occitan-francais-en","13":"entry","15":"first","16":"instock","17":"shipping-taxable","18":"purchasable","19":"product-type-simple"},"acf":[],"_links":{"self":[{"href":"https:\/\/www.libraria-occitana.org\/en\/wp-json\/wp\/v2\/product\/45010","targetHints":{"allow":["GET"]}}],"collection":[{"href":"https:\/\/www.libraria-occitana.org\/en\/wp-json\/wp\/v2\/product"}],"about":[{"href":"https:\/\/www.libraria-occitana.org\/en\/wp-json\/wp\/v2\/types\/product"}],"wp:featuredmedia":[{"embeddable":true,"href":"https:\/\/www.libraria-occitana.org\/en\/wp-json\/wp\/v2\/media\/51604"}],"wp:attachment":[{"href":"https:\/\/www.libraria-occitana.org\/en\/wp-json\/wp\/v2\/media?parent=45010"}],"wp:term":[{"taxonomy":"product_brand","embeddable":true,"href":"https:\/\/www.libraria-occitana.org\/en\/wp-json\/wp\/v2\/product_brand?post=45010"},{"taxonomy":"product_cat","embeddable":true,"href":"https:\/\/www.libraria-occitana.org\/en\/wp-json\/wp\/v2\/product_cat?post=45010"},{"taxonomy":"product_tag","embeddable":true,"href":"https:\/\/www.libraria-occitana.org\/en\/wp-json\/wp\/v2\/product_tag?post=45010"}],"curies":[{"name":"wp","href":"https:\/\/api.w.org\/{rel}","templated":true}]}}