{"id":45050,"date":"2019-05-28T16:55:38","date_gmt":"2019-05-28T14:55:38","guid":{"rendered":"http:\/\/www.libraria-occitana.org\/?post_type=product&#038;p=45050"},"modified":"2026-04-18T20:51:18","modified_gmt":"2026-04-18T18:51:18","slug":"merveilleux-joncs-leurs-1001-usages","status":"publish","type":"product","link":"https:\/\/www.libraria-occitana.org\/en\/product\/merveilleux-joncs-leurs-1001-usages\/","title":{"rendered":"Merveilleux Joncs : Leurs 1001 usages"},"content":{"rendered":"<p><strong>Le livre n\u00b022 de l&#8217;embl\u00e9matique collection, Le compagnon v\u00e9g\u00e9tal.<\/strong><\/p>\n<p>Humbles et discrets, les joncs passent facilement inaper\u00e7us\u2026 mais apr\u00e8s la lecture de ce livre, vous risquez fort de porter sur eux un regard nouveau ! Vous apprendrez d\u2019abord qu\u2019il y a jonc et jonc, tant les plantes auxquelles on donne ce nom sont nombreuses et vari\u00e9es.<br \/>\nDepuis des centaines et m\u00eame des milliers d\u2019ann\u00e9es, ils accompagnent les humains dans leur vie quotidienne. Leurs longues tiges souples, que l\u2019on peut r\u00e9colter \u00e0 la main, sont particuli\u00e8rement faciles \u00e0 tresser, pour fabriquer toutes sortes d\u2019emballages, paniers, cabas, bo\u00eetes, faisselles et paillons pour fromages\u2026<br \/>\nConfectionner un hochet pour un tout-petit ou un jouet avec un plus grand, regarder br\u00fbler une bougie en jonc et cire d\u2019abeille, admirer un \u00e9tang et ses joncs, avec toute la vie qui y foisonne\u2026 Les joncs offrent de merveilleux moments de d\u00e9couverte en constituant un univers \u00e0 part enti\u00e8re plein de surprises.<\/p>\n","protected":false},"excerpt":{"rendered":"<p>Le livre n\u00b022 de l&#8217;embl\u00e9matique collection, Le compagnon v\u00e9g\u00e9tal. Humbles et discrets, les joncs passent facilement inaper\u00e7us\u2026 mais apr\u00e8s la lecture de ce livre, vous risquez fort de porter sur eux un regard nouveau ! Vous apprendrez d\u2019abord qu\u2019il y a jonc et jonc, tant les plantes auxquelles on donne ce nom sont nombreuses et [&hellip;]<\/p>\n","protected":false},"featured_media":45056,"template":"","meta":{"_acf_changed":false,"_genesis_hide_title":false,"_genesis_hide_breadcrumbs":false,"_genesis_hide_singular_image":false,"_genesis_hide_footer_widgets":false,"_genesis_custom_body_class":"","_genesis_custom_post_class":"","_genesis_layout":""},"product_brand":[],"product_cat":[7132,7212,7206],"product_tag":[],"class_list":{"0":"post-45050","1":"product","2":"type-product","3":"status-publish","4":"has-post-thumbnail","6":"product_cat-books","7":"product_cat-traditional-skills-savoirs-faire-en","8":"product_cat-traditions-heritage-en","9":"pa_auteur-astier-eliane-en","10":"pa_auteur-bertrand-bernard-en","11":"pa_editeur-editions-de-terran-en","12":"pa_langue-francais-en","13":"entry","15":"first","16":"instock","17":"shipping-taxable","18":"purchasable","19":"product-type-simple"},"acf":[],"_links":{"self":[{"href":"https:\/\/www.libraria-occitana.org\/en\/wp-json\/wp\/v2\/product\/45050","targetHints":{"allow":["GET"]}}],"collection":[{"href":"https:\/\/www.libraria-occitana.org\/en\/wp-json\/wp\/v2\/product"}],"about":[{"href":"https:\/\/www.libraria-occitana.org\/en\/wp-json\/wp\/v2\/types\/product"}],"wp:featuredmedia":[{"embeddable":true,"href":"https:\/\/www.libraria-occitana.org\/en\/wp-json\/wp\/v2\/media\/45056"}],"wp:attachment":[{"href":"https:\/\/www.libraria-occitana.org\/en\/wp-json\/wp\/v2\/media?parent=45050"}],"wp:term":[{"taxonomy":"product_brand","embeddable":true,"href":"https:\/\/www.libraria-occitana.org\/en\/wp-json\/wp\/v2\/product_brand?post=45050"},{"taxonomy":"product_cat","embeddable":true,"href":"https:\/\/www.libraria-occitana.org\/en\/wp-json\/wp\/v2\/product_cat?post=45050"},{"taxonomy":"product_tag","embeddable":true,"href":"https:\/\/www.libraria-occitana.org\/en\/wp-json\/wp\/v2\/product_tag?post=45050"}],"curies":[{"name":"wp","href":"https:\/\/api.w.org\/{rel}","templated":true}]}}