{"id":45068,"date":"2018-12-28T19:04:30","date_gmt":"2018-12-28T18:04:30","guid":{"rendered":"http:\/\/www.libraria-occitana.org\/product\/lo-gran-maishant-renard-e-autes-contes\/"},"modified":"2026-04-12T03:47:01","modified_gmt":"2026-04-12T01:47:01","slug":"lo-gran-maishant-renard-e-autes-contes","status":"publish","type":"product","link":"https:\/\/www.libraria-occitana.org\/en\/product\/lo-gran-maishant-renard-e-autes-contes\/","title":{"rendered":"Lo Gran Maishant Renard e autes contes&#8230;"},"content":{"rendered":"<p>Version occitane du film d&#8217;animation franco-belge <em>Le Grand M\u00e9chant Renard et autres contes&#8230;\u00a0<\/em>(Folivari \/ Panique ! \/ Studiocanal \/ RTBF \/ VOO \/ Be TV).<\/p>\n<p>Ceux qui pensent que la campagne est un lieu calme et paisible se trompent, on y trouve des animaux particuli\u00e8rement agit\u00e9s, un Renard qui se prend pour une poule, un Lapin qui fait la cigogne et un Canard qui veut remplacer le P\u00e8re No\u00ebl. Si vous voulez prendre des vacances, passez votre chemin\u2026<\/p>\n<p>En occitan. Sous-titrage possible en fran\u00e7ais.<\/p>\n<p>Avec les voix de Joan-Lo\u00eds Blenet, Marius Blenet, Pierrick Bordenave, Monica Burg, Erwan Da Silva, Ives Durand, Emilie Dussarat, Emilie Esquerr\u00e9, Danis Galvier, Alban Garr\u00f2s, Lauren\u00e7 Labadia, Violette Labadie, Clo\u00e9 Lacrampe, Joanis Mathieu, Benjamin Molia, Serge Moulin, Audrey P\u00e9mouli\u00e9, Guilhem Surpas, Damien Valero.<\/p>\n<p><iframe loading=\"lazy\" title=\"YouTube video player\" src=\"https:\/\/www.youtube.com\/embed\/nBpz44Fprig\" width=\"560\" height=\"315\" frameborder=\"0\" allowfullscreen=\"allowfullscreen\"><\/iframe><\/p>\n","protected":false},"excerpt":{"rendered":"<p>Version occitane du film d&#8217;animation franco-belge Le Grand M\u00e9chant Renard et autres contes&#8230;\u00a0(Folivari \/ Panique ! \/ Studiocanal \/ RTBF \/ VOO \/ Be TV). Ceux qui pensent que la campagne est un lieu calme et paisible se trompent, on y trouve des animaux particuli\u00e8rement agit\u00e9s, un Renard qui se prend pour une poule, un [&hellip;]<\/p>\n","protected":false},"featured_media":45066,"template":"","meta":{"_acf_changed":false,"_genesis_hide_title":false,"_genesis_hide_breadcrumbs":false,"_genesis_hide_singular_image":false,"_genesis_hide_footer_widgets":false,"_genesis_custom_body_class":"","_genesis_custom_post_class":"","_genesis_layout":""},"product_brand":[],"product_cat":[7245,7249],"product_tag":[],"class_list":{"0":"post-45068","1":"product","2":"type-product","3":"status-publish","4":"has-post-thumbnail","6":"product_cat-juvenile-and-teen-videos-2-en","7":"product_cat-videos-3-en","8":"pa_auteur-imbert-patrick-en","9":"pa_auteur-renner-benjamin-en","10":"pa_editeur-contam-en","11":"pa_editeur-folivari-en","12":"pa_editeur-panique-en","13":"pa_editeur-studiocanal-en","14":"pa_langue-occitan-francais-en","15":"entry","17":"first","18":"outofstock","19":"shipping-taxable","20":"purchasable","21":"product-type-simple"},"acf":[],"_links":{"self":[{"href":"https:\/\/www.libraria-occitana.org\/en\/wp-json\/wp\/v2\/product\/45068","targetHints":{"allow":["GET"]}}],"collection":[{"href":"https:\/\/www.libraria-occitana.org\/en\/wp-json\/wp\/v2\/product"}],"about":[{"href":"https:\/\/www.libraria-occitana.org\/en\/wp-json\/wp\/v2\/types\/product"}],"wp:featuredmedia":[{"embeddable":true,"href":"https:\/\/www.libraria-occitana.org\/en\/wp-json\/wp\/v2\/media\/45066"}],"wp:attachment":[{"href":"https:\/\/www.libraria-occitana.org\/en\/wp-json\/wp\/v2\/media?parent=45068"}],"wp:term":[{"taxonomy":"product_brand","embeddable":true,"href":"https:\/\/www.libraria-occitana.org\/en\/wp-json\/wp\/v2\/product_brand?post=45068"},{"taxonomy":"product_cat","embeddable":true,"href":"https:\/\/www.libraria-occitana.org\/en\/wp-json\/wp\/v2\/product_cat?post=45068"},{"taxonomy":"product_tag","embeddable":true,"href":"https:\/\/www.libraria-occitana.org\/en\/wp-json\/wp\/v2\/product_tag?post=45068"}],"curies":[{"name":"wp","href":"https:\/\/api.w.org\/{rel}","templated":true}]}}