{"id":45076,"date":"2019-07-04T15:22:08","date_gmt":"2019-07-04T13:22:08","guid":{"rendered":"http:\/\/www.libraria-occitana.org\/?post_type=product&#038;p=45076"},"modified":"2026-04-29T10:16:28","modified_gmt":"2026-04-29T08:16:28","slug":"histoire-de-loccitanie-le-point-de-vue-occitan","status":"publish","type":"product","link":"https:\/\/www.libraria-occitana.org\/en\/product\/histoire-de-loccitanie-le-point-de-vue-occitan\/","title":{"rendered":"Histoire de l&#8217;Occitanie : Le point de vue occitan"},"content":{"rendered":"<p><strong>Occitanie, le pays d&#8217;une langue<\/strong><\/p>\n<p>Attention ! Une Occitanie peut en cacher une autre. Paris a impos\u00e9 la fusion de deux r\u00e9gions administratives, entre Toulouse et Montpellier, le tout appel\u00e9 \u00ab Occitanie \u00bb. Mais il y a une autre Occitanie, l&#8217;authentique, celle qui existait avant l&#8217;\u00c9tat, de l&#8217;Atlantique au Pi\u00e9mont, et du Massif Central aux Pyr\u00e9n\u00e9es. Contrairement \u00e0 la Bretagne ou \u00e0 la Corse, cette Occitanie-l\u00e0 n&#8217;a jamais \u00e9t\u00e9 un \u00c9tat ou une province identifiable sur une carte politique. C&#8217;est l&#8217;espace d&#8217;une langue, la langue d&#8217;oc. L&#8217;hypoth\u00e8se de cet ouvrage, c&#8217;est qu&#8217;un espace linguistique est par d\u00e9finition un espace de communication, ce qui implique, au-del\u00e0 de la langue, des contacts, des traits culturels et mentaux partag\u00e9s, et une certaine conscience, ne serait-ce que vaguement \u00ab m\u00e9ridionale \u00bb. Du coup, il est possible de raconter l&#8217;histoire de cet espace et de ses habitants et c&#8217;est cela que nous proposons ici.<\/p>\n<p><strong>Philippe Martel<\/strong>, n\u00e9 en 1951, historien, sp\u00e9cialiste d&#8217;histoire de l&#8217;espace occitan et de la revendication occitane contemporaine, professeur des universit\u00e9s \u00e9m\u00e9rite (Universit\u00e9 Montpellier 3, d\u00e9partement d&#8217;occitan).<\/p>\n","protected":false},"excerpt":{"rendered":"<p>Occitanie, le pays d&#8217;une langue Attention ! Une Occitanie peut en cacher une autre. Paris a impos\u00e9 la fusion de deux r\u00e9gions administratives, entre Toulouse et Montpellier, le tout appel\u00e9 \u00ab Occitanie \u00bb. Mais il y a une autre Occitanie, l&#8217;authentique, celle qui existait avant l&#8217;\u00c9tat, de l&#8217;Atlantique au Pi\u00e9mont, et du Massif Central aux [&hellip;]<\/p>\n","protected":false},"featured_media":45079,"template":"","meta":{"_acf_changed":false,"_genesis_hide_title":false,"_genesis_hide_breadcrumbs":false,"_genesis_hide_singular_image":false,"_genesis_hide_footer_widgets":false,"_genesis_custom_body_class":"","_genesis_custom_post_class":"","_genesis_layout":""},"product_brand":[],"product_cat":[7132,7148,7158],"product_tag":[],"class_list":{"0":"post-45076","1":"product","2":"type-product","3":"status-publish","4":"has-post-thumbnail","6":"product_cat-books","7":"product_cat-history-geography-en","8":"product_cat-modern-and-contemporary-history-en","9":"pa_auteur-martel-philippe-en","10":"pa_editeur-yoran-embanner-en","11":"pa_langue-francais-en","12":"entry","14":"first","15":"instock","16":"shipping-taxable","17":"purchasable","18":"product-type-simple"},"acf":[],"_links":{"self":[{"href":"https:\/\/www.libraria-occitana.org\/en\/wp-json\/wp\/v2\/product\/45076","targetHints":{"allow":["GET"]}}],"collection":[{"href":"https:\/\/www.libraria-occitana.org\/en\/wp-json\/wp\/v2\/product"}],"about":[{"href":"https:\/\/www.libraria-occitana.org\/en\/wp-json\/wp\/v2\/types\/product"}],"wp:featuredmedia":[{"embeddable":true,"href":"https:\/\/www.libraria-occitana.org\/en\/wp-json\/wp\/v2\/media\/45079"}],"wp:attachment":[{"href":"https:\/\/www.libraria-occitana.org\/en\/wp-json\/wp\/v2\/media?parent=45076"}],"wp:term":[{"taxonomy":"product_brand","embeddable":true,"href":"https:\/\/www.libraria-occitana.org\/en\/wp-json\/wp\/v2\/product_brand?post=45076"},{"taxonomy":"product_cat","embeddable":true,"href":"https:\/\/www.libraria-occitana.org\/en\/wp-json\/wp\/v2\/product_cat?post=45076"},{"taxonomy":"product_tag","embeddable":true,"href":"https:\/\/www.libraria-occitana.org\/en\/wp-json\/wp\/v2\/product_tag?post=45076"}],"curies":[{"name":"wp","href":"https:\/\/api.w.org\/{rel}","templated":true}]}}