{"id":45096,"date":"2019-07-05T20:45:46","date_gmt":"2019-07-05T18:45:46","guid":{"rendered":"http:\/\/www.libraria-occitana.org\/product\/rencontras-de-bal-cd\/"},"modified":"2026-04-29T02:46:24","modified_gmt":"2026-04-29T00:46:24","slug":"rencontras-de-bal-cd","status":"publish","type":"product","link":"https:\/\/www.libraria-occitana.org\/en\/product\/rencontras-de-bal-cd\/","title":{"rendered":"Rencontras de bal (CD)"},"content":{"rendered":"<p><strong>Nicolas Peuch :<\/strong> Accord\u00e9on diatonique, chant<\/p>\n<p><strong>Ses groupes :<\/strong><br \/>\n&#8211; <strong>Los Go\u00efats :<\/strong> avec Gilles Debecdeli\u00e8vre : Accord\u00e9on diatonique, chant<br \/>\n&#8211; <strong>Bufadors :<\/strong> avec Thomas Doornenbal : Clarinette, accord\u00e9on diatonique, chant<br \/>\n&#8211; <strong>Anem :<\/strong> avec Lucia Roulet : Fl\u00fbte traversi\u00e8re, viole de gambe<br \/>\n&#8211; <strong>C&#8217;D&#8217;LA BAL :<\/strong> avec Cyril Eyter : Batterie ; Beno\u00eet Faure : Basse ; David Thibault : Guitare ; Thomas Doornenbal : Accord\u00e9on diatonique ; Lucia Roulet : Fl\u00fbte traversi\u00e8re<br \/>\n&#8211; <strong>Trio Peuch-Deltheil&#8217;s :<\/strong> avec Paul Deltheil : Cornemuses, fl\u00fbtes ; Alice Deltheil : Percussions<br \/>\n&#8211; <strong>Anem Trio :<\/strong> avec Lucia Roulet : Fl\u00fbte traversi\u00e8re ; Thomas Doornenbal : Accord\u00e9on diatonique, chant<\/p>\n<p>\u00ab Pourquoi faire un disque solo ? Autant le faire avec tous les groupes de bal que j&#8217;ai eu. Cette folle id\u00e9e a germ\u00e9 dans ma t\u00eate il y a d\u00e9j\u00e0 quelques ann\u00e9es car sans les autres nous ne sommes rien. Dans ce disque vous retrouverez une aventure, des rencontres mais surtout de l&#8217;amiti\u00e9 avec tout les musiciens qui \u0153uvrent avec moi depuis pas mal de temps. Je les en remercie !<\/p>\n<p>Je vous propose dans ce premier album un voyage plein de sentiments, d&#8217;\u00e9nergie et de groove \u00e0 travers tous les univers musicaux que j&#8217;appr\u00e9cie, qui m&#8217;ont inspir\u00e9s et qui font le musicien que je suis aujourd&#8217;hui.<\/p>\n<p>Le r\u00e9pertoire est compos\u00e9 de quelques unes de mes compositions, de morceaux traditionnels mais aussi d&#8217;airs de Marcel Piaud (musicien routinier du P\u00e9rigord qui compte beaucoup pour moi) et surtout de pas mal de surprises ! \u00bb<\/p>\n<p><strong>Titres :<\/strong><br \/>\n1. C&#8217;d&#8217;la bal &#8211; Anem Trio (Nicolas Peuch) 3&#8217;58<br \/>\n2. Les nouveaux nez &#8211; Nicolas Peuch (Marcel Piaud) 3&#8217;23<br \/>\n3. Las filhas de Botezac &#8211; Bufadors (Trad.) 1&#8217;51<br \/>\n4. Danie &#8211; Anem (Marcel Piaud)2&#8217;44<br \/>\n5. Seguida de rondas (De Schapen \/ Hils de Gasconha \/ Les ragondins) &#8211; C&#8217;d&#8217;la Bal (Marcel Piaud) 3&#8217;55<br \/>\n6. Rencontras de bal &#8211; Joan-Pau Verdier \/ Nicolas Peuch (d&#8217;apr\u00e8s la valse sans nom de Norbert Pasquet) 3&#8217;05<br \/>\n7. La fermeture \u00e9clair &#8211; Bufadors (Trad.) 3&#8217;09<br \/>\n8. Io v\u00f2le un \u00f2me &#8211; Los Go\u00efats (Trad.) 3&#8217;28<br \/>\n9. Bourr\u00e9e du Glaude \/ Cornadela &#8211; Trio Peuch-Deltheil&#8217;s (Trad. \/ Marcel Piaud) 3&#8217;28<br \/>\n10. Valse de Bazas &#8211; C&#8217;d&#8217;la Bal (Trad.) 5&#8217;30<br \/>\n11. La pointe du jour &#8211; Anem trio (Nicolas Peuch) 4&#8217;05<br \/>\n12. Marches de noces (A ta santat ! \/ Quand te &#8216;nava veire \/ La paubra n\u00f2via) &#8211; Los Go\u00efats (Trad.) 3&#8217;34<br \/>\n13. Vira ! &#8211; Anem (Nicolas Peuch) 2&#8217;51<br \/>\n14. Bolegatz vos donc \/ Diga Janeta &#8211; Trio Peuch-Deltheil&#8217;s (Trad.) 3&#8217;00<br \/>\n15. Las Fatmas &#8211; Collectif Rencontras de bal (Marcel Piaud) 3&#8217;43<\/p>\n","protected":false},"excerpt":{"rendered":"<p>Nicolas Peuch : Accord\u00e9on diatonique, chant Ses groupes : &#8211; Los Go\u00efats : avec Gilles Debecdeli\u00e8vre : Accord\u00e9on diatonique, chant &#8211; Bufadors : avec Thomas Doornenbal : Clarinette, accord\u00e9on diatonique, chant &#8211; Anem : avec Lucia Roulet : Fl\u00fbte traversi\u00e8re, viole de gambe &#8211; C&#8217;D&#8217;LA BAL : avec Cyril Eyter : Batterie ; Beno\u00eet Faure [&hellip;]<\/p>\n","protected":false},"featured_media":45094,"template":"","meta":{"_acf_changed":false,"_genesis_hide_title":false,"_genesis_hide_breadcrumbs":false,"_genesis_hide_singular_image":false,"_genesis_hide_footer_widgets":false,"_genesis_custom_body_class":"","_genesis_custom_post_class":"","_genesis_layout":""},"product_brand":[],"product_cat":[7228,7216],"product_tag":[],"class_list":{"0":"post-45096","1":"product","2":"type-product","3":"status-publish","4":"has-post-thumbnail","6":"product_cat-modern-folk-en","7":"product_cat-music-en","8":"pa_auteur-peuch-nicolas-en","9":"pa_editeur-nicolas-peuch-en","10":"pa_langue-occitan-en","11":"pa_langue-occitan-lemosin-en","12":"pa_langue-occitan-lengadocian-en","13":"entry","15":"first","16":"instock","17":"shipping-taxable","18":"purchasable","19":"product-type-simple"},"acf":[],"_links":{"self":[{"href":"https:\/\/www.libraria-occitana.org\/en\/wp-json\/wp\/v2\/product\/45096","targetHints":{"allow":["GET"]}}],"collection":[{"href":"https:\/\/www.libraria-occitana.org\/en\/wp-json\/wp\/v2\/product"}],"about":[{"href":"https:\/\/www.libraria-occitana.org\/en\/wp-json\/wp\/v2\/types\/product"}],"wp:featuredmedia":[{"embeddable":true,"href":"https:\/\/www.libraria-occitana.org\/en\/wp-json\/wp\/v2\/media\/45094"}],"wp:attachment":[{"href":"https:\/\/www.libraria-occitana.org\/en\/wp-json\/wp\/v2\/media?parent=45096"}],"wp:term":[{"taxonomy":"product_brand","embeddable":true,"href":"https:\/\/www.libraria-occitana.org\/en\/wp-json\/wp\/v2\/product_brand?post=45096"},{"taxonomy":"product_cat","embeddable":true,"href":"https:\/\/www.libraria-occitana.org\/en\/wp-json\/wp\/v2\/product_cat?post=45096"},{"taxonomy":"product_tag","embeddable":true,"href":"https:\/\/www.libraria-occitana.org\/en\/wp-json\/wp\/v2\/product_tag?post=45096"}],"curies":[{"name":"wp","href":"https:\/\/api.w.org\/{rel}","templated":true}]}}