{"id":45133,"date":"2018-05-10T16:27:57","date_gmt":"2018-05-10T14:27:57","guid":{"rendered":"http:\/\/www.libraria-occitana.org\/?post_type=product&#038;p=45133"},"modified":"2026-04-07T11:04:21","modified_gmt":"2026-04-07T09:04:21","slug":"20-000-ans-ou-la-grande-histoire-de-la-nature","status":"publish","type":"product","link":"https:\/\/www.libraria-occitana.org\/en\/product\/20-000-ans-ou-la-grande-histoire-de-la-nature\/","title":{"rendered":"20 000 ans ou la grande histoire de la nature"},"content":{"rendered":"<p>Des arm\u00e9es de saumons \u00e0 Strasbourg, des bancs de marsouins et d\u2019esturgeons \u00e0 Paris, des phoques par centaines sur les plages de Deauville et de Saint-Tropez, des troupeaux de baleines \u00e0 Arcachon, des hardes d\u2019aurochs \u00e0 Clermont-Ferrand, des chamois et des bouquetins aux portes de Marseille, des r\u00e9cifs de posidonies et des ripisylves aux allures tropicales&#8230;<\/p>\n<p>La France nous accorde depuis 20 000 ans des spectacles naturels prodigieux que l\u2019on a malheureusement d\u00e9truits puis oubli\u00e9s. C\u2019est le syndrome de l\u2019amn\u00e9sie \u00e9cologique : on n\u2019imagine pas que la France fut d\u2019une incroyable richesse naturelle et que cette surabondance fut longtemps la norme. Au contraire, c\u2019est la raret\u00e9 actuelle qui est exceptionnelle&#8230; Cet ouvrage invite les lecteurs \u00e0 une \u00e9tonnante plong\u00e9e dans le temps \u00e0 la d\u00e9couverte d\u2019une nature inattendue. \u00c9crit dans une langue alerte et l\u00e9g\u00e8re, le livre fourmille d\u2019anecdotes \u00e9tonnantes sur la biologie et l\u2019\u00e9cologie de ces esp\u00e8ces ainsi que sur les hommes qui en ont \u00e9t\u00e9 les t\u00e9moins. De l\u2019\u00e2ge de glace \u00e0 nos jours, ce grand voyage \u00e0 travers le pays t\u00e9moigne du potentiel de la France sauvage.<\/p>\n","protected":false},"excerpt":{"rendered":"<p>Des arm\u00e9es de saumons \u00e0 Strasbourg, des bancs de marsouins et d\u2019esturgeons \u00e0 Paris, des phoques par centaines sur les plages de Deauville et de Saint-Tropez, des troupeaux de baleines \u00e0 Arcachon, des hardes d\u2019aurochs \u00e0 Clermont-Ferrand, des chamois et des bouquetins aux portes de Marseille, des r\u00e9cifs de posidonies et des ripisylves aux allures [&hellip;]<\/p>\n","protected":false},"featured_media":45136,"template":"","meta":{"_acf_changed":false,"_genesis_hide_title":false,"_genesis_hide_breadcrumbs":false,"_genesis_hide_singular_image":false,"_genesis_hide_footer_widgets":false,"_genesis_custom_body_class":"","_genesis_custom_post_class":"","_genesis_layout":""},"product_brand":[],"product_cat":[7132,7202],"product_tag":[],"class_list":{"0":"post-45133","1":"product","2":"type-product","3":"status-publish","4":"has-post-thumbnail","6":"product_cat-books","7":"product_cat-politics-sociology-current-affairs-en","8":"pa_auteur-durand-stephane-en","9":"pa_editeur-actes-sud-en","10":"pa_langue-francais-en","11":"entry","13":"first","14":"outofstock","15":"shipping-taxable","16":"purchasable","17":"product-type-simple"},"acf":[],"_links":{"self":[{"href":"https:\/\/www.libraria-occitana.org\/en\/wp-json\/wp\/v2\/product\/45133","targetHints":{"allow":["GET"]}}],"collection":[{"href":"https:\/\/www.libraria-occitana.org\/en\/wp-json\/wp\/v2\/product"}],"about":[{"href":"https:\/\/www.libraria-occitana.org\/en\/wp-json\/wp\/v2\/types\/product"}],"wp:featuredmedia":[{"embeddable":true,"href":"https:\/\/www.libraria-occitana.org\/en\/wp-json\/wp\/v2\/media\/45136"}],"wp:attachment":[{"href":"https:\/\/www.libraria-occitana.org\/en\/wp-json\/wp\/v2\/media?parent=45133"}],"wp:term":[{"taxonomy":"product_brand","embeddable":true,"href":"https:\/\/www.libraria-occitana.org\/en\/wp-json\/wp\/v2\/product_brand?post=45133"},{"taxonomy":"product_cat","embeddable":true,"href":"https:\/\/www.libraria-occitana.org\/en\/wp-json\/wp\/v2\/product_cat?post=45133"},{"taxonomy":"product_tag","embeddable":true,"href":"https:\/\/www.libraria-occitana.org\/en\/wp-json\/wp\/v2\/product_tag?post=45133"}],"curies":[{"name":"wp","href":"https:\/\/api.w.org\/{rel}","templated":true}]}}