{"id":45245,"date":"1983-07-02T18:56:25","date_gmt":"1983-07-02T16:56:25","guid":{"rendered":"http:\/\/www.libraria-occitana.org\/?post_type=product&#038;p=45245"},"modified":"2026-04-16T20:06:20","modified_gmt":"2026-04-16T18:06:20","slug":"le-tresor-des-contes-les-fees","status":"publish","type":"product","link":"https:\/\/www.libraria-occitana.org\/en\/product\/le-tresor-des-contes-les-fees\/","title":{"rendered":"Le Tr\u00e9sor des Contes : Les F\u00e9es"},"content":{"rendered":"<p>Des sept th\u00e8mes autour desquels s&#8217;organise <em>Le Tr\u00e9sor des contes<\/em>, celui qui a trait au monde sauvage est peut-\u00eatre le plus singulier. S&#8217;y refl\u00e8te assez curieusement la part obscure et secr\u00e8te de la m\u00e9moire. Les fades \u2013 les f\u00e9es \u2013 n&#8217;y figurent pas sous un aspect merveilleux mais plut\u00f4t comme les derni\u00e8res personnes connues d&#8217;une tr\u00e8s vieille famille rustique, un peu \u00e9trange, errante, vivant de baies et de racines.<\/p>\n<p>L&#8217;ogre et la dame ogresse sont friands de chair humaine ainsi que la d\u00e9vorante. Tandis qu&#8217;entrent dans la ronde les enfants perdus, le Poucet, les enfants de la mer, Jean-Loup, la fille sauvage. \u00c0 des aspects d&#8217;une vie agreste assez folle se m\u00ealent les fa\u00e7ons d&#8217;expliquer le temps, les plantes, le seigle et le froment, ainsi que les premi\u00e8res d\u00e9votions \u00e0 saint Pierre, saint Christophe.<\/p>\n","protected":false},"excerpt":{"rendered":"<p>Des sept th\u00e8mes autour desquels s&#8217;organise Le Tr\u00e9sor des contes, celui qui a trait au monde sauvage est peut-\u00eatre le plus singulier. S&#8217;y refl\u00e8te assez curieusement la part obscure et secr\u00e8te de la m\u00e9moire. Les fades \u2013 les f\u00e9es \u2013 n&#8217;y figurent pas sous un aspect merveilleux mais plut\u00f4t comme les derni\u00e8res personnes connues d&#8217;une [&hellip;]<\/p>\n","protected":false},"featured_media":45239,"template":"","meta":{"_acf_changed":false,"_genesis_hide_title":false,"_genesis_hide_breadcrumbs":false,"_genesis_hide_singular_image":false,"_genesis_hide_footer_widgets":false,"_genesis_custom_body_class":"","_genesis_custom_post_class":"","_genesis_layout":""},"product_brand":[],"product_cat":[7132,7174,7176],"product_tag":[],"class_list":{"0":"post-45245","1":"product","2":"type-product","3":"status-publish","4":"has-post-thumbnail","6":"product_cat-books","7":"product_cat-literature-en","8":"product_cat-tales-fables-en","9":"pa_auteur-pourrat-henri-en","10":"pa_editeur-gallimard-en","11":"pa_langue-francais-en","12":"entry","14":"first","15":"outofstock","16":"shipping-taxable","17":"purchasable","18":"product-type-simple"},"acf":[],"_links":{"self":[{"href":"https:\/\/www.libraria-occitana.org\/en\/wp-json\/wp\/v2\/product\/45245","targetHints":{"allow":["GET"]}}],"collection":[{"href":"https:\/\/www.libraria-occitana.org\/en\/wp-json\/wp\/v2\/product"}],"about":[{"href":"https:\/\/www.libraria-occitana.org\/en\/wp-json\/wp\/v2\/types\/product"}],"wp:featuredmedia":[{"embeddable":true,"href":"https:\/\/www.libraria-occitana.org\/en\/wp-json\/wp\/v2\/media\/45239"}],"wp:attachment":[{"href":"https:\/\/www.libraria-occitana.org\/en\/wp-json\/wp\/v2\/media?parent=45245"}],"wp:term":[{"taxonomy":"product_brand","embeddable":true,"href":"https:\/\/www.libraria-occitana.org\/en\/wp-json\/wp\/v2\/product_brand?post=45245"},{"taxonomy":"product_cat","embeddable":true,"href":"https:\/\/www.libraria-occitana.org\/en\/wp-json\/wp\/v2\/product_cat?post=45245"},{"taxonomy":"product_tag","embeddable":true,"href":"https:\/\/www.libraria-occitana.org\/en\/wp-json\/wp\/v2\/product_tag?post=45245"}],"curies":[{"name":"wp","href":"https:\/\/api.w.org\/{rel}","templated":true}]}}