{"id":45295,"date":"2019-01-10T19:31:43","date_gmt":"2019-01-10T18:31:43","guid":{"rendered":"http:\/\/www.libraria-occitana.org\/?post_type=product&#038;p=45295"},"modified":"2026-04-29T10:42:31","modified_gmt":"2026-04-29T08:42:31","slug":"le-livre-des-grands-jours","status":"publish","type":"product","link":"https:\/\/www.libraria-occitana.org\/en\/product\/le-livre-des-grands-jours\/","title":{"rendered":"Le livre des grands jours"},"content":{"rendered":"<p>Traduction fran\u00e7aise de <a href=\"http:\/\/www.libraria-occitana.org\/produit\/lo-libre-dels-grands-jorns\/\"><em>Lo libre dels grands jorns<\/em><\/a> de Joan Bodon, par Alem Surre-Garcia.<\/p>\n<p>Il se sait atteint d\u2019un cancer, il a fui son monde familier, il arrive par hasard \u00e0 Clermont-Ferrand. Pourquoi ne pas y passer ses derniers jours ?<br \/>\nUn des tr\u00e8s grands romans de Jean Boudou ici magnifiquement traduit en fran\u00e7ais par Alem Surre-Garcia, \u00e9crivain, po\u00e8te, dramaturge, librettiste, essayiste et conf\u00e9rencier.<\/p>\n<p><strong>Jean Boudou<\/strong>\u00a0(Joan Bodon en occitan)(Crespin, 11\/12\/1920 &#8211; Alg\u00e9rie, 24\/02\/1975), est un des grands \u00e9crivains du monde moderne. Marqu\u00e9 par l\u2018imaginaire du conte, il aborde dans son \u0153uvre des th\u00e8mes universels ou bibliques pour parler de son intimit\u00e9 avec la langue occitane qu\u2019il voit d\u00e9cliner.<\/p>\n","protected":false},"excerpt":{"rendered":"<p>Traduction fran\u00e7aise de Lo libre dels grands jorns de Joan Bodon, par Alem Surre-Garcia. Il se sait atteint d\u2019un cancer, il a fui son monde familier, il arrive par hasard \u00e0 Clermont-Ferrand. Pourquoi ne pas y passer ses derniers jours ? Un des tr\u00e8s grands romans de Jean Boudou ici magnifiquement traduit en fran\u00e7ais par [&hellip;]<\/p>\n","protected":false},"featured_media":45298,"template":"","meta":{"_acf_changed":false,"_genesis_hide_title":false,"_genesis_hide_breadcrumbs":false,"_genesis_hide_singular_image":false,"_genesis_hide_footer_widgets":false,"_genesis_custom_body_class":"","_genesis_custom_post_class":"","_genesis_layout":""},"product_brand":[],"product_cat":[],"product_tag":[],"class_list":{"0":"post-45295","1":"product","2":"type-product","3":"status-publish","4":"has-post-thumbnail","6":"pa_auteur-bodon-joan-en","7":"pa_editeur-ieo-fr-en","8":"pa_langue-francais-en","9":"entry","11":"first","12":"instock","13":"shipping-taxable","14":"purchasable","15":"product-type-simple"},"acf":[],"_links":{"self":[{"href":"https:\/\/www.libraria-occitana.org\/en\/wp-json\/wp\/v2\/product\/45295","targetHints":{"allow":["GET"]}}],"collection":[{"href":"https:\/\/www.libraria-occitana.org\/en\/wp-json\/wp\/v2\/product"}],"about":[{"href":"https:\/\/www.libraria-occitana.org\/en\/wp-json\/wp\/v2\/types\/product"}],"wp:featuredmedia":[{"embeddable":true,"href":"https:\/\/www.libraria-occitana.org\/en\/wp-json\/wp\/v2\/media\/45298"}],"wp:attachment":[{"href":"https:\/\/www.libraria-occitana.org\/en\/wp-json\/wp\/v2\/media?parent=45295"}],"wp:term":[{"taxonomy":"product_brand","embeddable":true,"href":"https:\/\/www.libraria-occitana.org\/en\/wp-json\/wp\/v2\/product_brand?post=45295"},{"taxonomy":"product_cat","embeddable":true,"href":"https:\/\/www.libraria-occitana.org\/en\/wp-json\/wp\/v2\/product_cat?post=45295"},{"taxonomy":"product_tag","embeddable":true,"href":"https:\/\/www.libraria-occitana.org\/en\/wp-json\/wp\/v2\/product_tag?post=45295"}],"curies":[{"name":"wp","href":"https:\/\/api.w.org\/{rel}","templated":true}]}}