{"id":45366,"date":"2019-09-24T20:19:02","date_gmt":"2019-09-24T18:19:02","guid":{"rendered":"http:\/\/www.libraria-occitana.org\/?post_type=product&#038;p=45366"},"modified":"2026-04-29T11:11:39","modified_gmt":"2026-04-29T09:11:39","slug":"le-legendaire-limousin-de-la-creuse","status":"publish","type":"product","link":"https:\/\/www.libraria-occitana.org\/en\/product\/le-legendaire-limousin-de-la-creuse\/","title":{"rendered":"Le L\u00e9gendaire Limousin de la Creuse"},"content":{"rendered":"<p>Des pierres qui, certaines nuits, branlent, s\u2019entrouvrent, dansent en rond ou se d\u00e9placent, des miettes de pain transform\u00e9es en rochers, des b\u0153ufs qui parlent, des f\u00e9es aux mamelles sur l\u2019\u00e9paule qui terrorisent passants et lavandi\u00e8res, des reliques qui font jaillir une fontaine miraculeuse\u2026, autant d\u2019incroyables histoires qu\u2019il fallait pourtant croire.<\/p>\n<p>En historienne scrupuleuse, No\u00eblle Bertrand les a pour la premi\u00e8re fois rassembl\u00e9es, accompagnant chacune de tout ce qu\u2019elle a pu collecter sur le contexte de sa naissance et les traces qui en gardent le souvenir : des pierres, des fontaines, une chapelle, une croix, une inscription, un vieux registre\u2026.<\/p>\n<p>Les images en petits points d\u00e9licatement color\u00e9s de Marion Plault-Canto vous emporteront, comme dans un grand vent, vers cet ancien monde qui est aussi un \u201cAutre monde\u201d.<\/p>\n<p>Pr\u00e9face et pr\u00e9sentation : Marie-France Houdart.<\/p>\n<p><strong>Table des mati\u00e8res<\/strong><\/p>\n<p>&#8211; Pr\u00e9face<br \/>\n&#8211; Pr\u00e9ambule<br \/>\n&#8211; Racines celtiques<br \/>\n&#8211; Les Fades des Combes de La Cazine \u00e0 Colondannes<br \/>\n&#8211; La Reine des Fades \u00e0 Bord-Saint-Georges<br \/>\n&#8211; Le Marteau de la Grande-Fade \u00e0 \u00c9vaux-les-Bains<br \/>\n&#8211; Les Lavandi\u00e8res du Maupas \u00e0 Crozant<br \/>\n&#8211; Ghrovinna \u00e0 Ahun<br \/>\n&#8211; Les Feux-Follets \u00e0 Maisonnisses<br \/>\n&#8211; Les Lutins de Bois-Chabra \u00e0 Sainte-Feyre<br \/>\n&#8211; Les Revenants de Bord-Saint-Georges<br \/>\n&#8211; Le Loup-Garou de la fontaine Picquerelle \u00e0 Gu\u00e9ret<br \/>\n&#8211; Le Cavalier-Noir de Saint-Georges-La-Pouge et la Chasse-Gali\u00e8re<br \/>\n&#8211; La Pestadive \u00e0 Sainte-Feyre<br \/>\n&#8211; L\u00e9gendes des pierres<br \/>\n&#8211; La Montagne-des-F\u00e9es \u00e0 Peyrabout<br \/>\n&#8211; La Pierre-Battaurine \u00e0 Gu\u00e9ret<br \/>\n&#8211; La Pierre-Berce \u00e0 Naillat<br \/>\n&#8211; La Roche-Creuse du Montaurat \u00e0 M\u00e9rinchal<br \/>\n&#8211; Le Rocher des fileuses \u00e0 Crozant<br \/>\n&#8211; Les Pierres druidiques \u00e0 Toulx-Sainte-Croix<br \/>\n&#8211; L\u00e9gendes des animaux<br \/>\n&#8211; Le Pr\u00e9sage de la hulotte dans la Marche<br \/>\n&#8211; Les Chats ont rendez-vous au carroir \u00e0 \u00c9guzon<br \/>\n&#8211; Le Meneur de loups vers Fresselines<br \/>\n&#8211; Les Boeufs parleurs vers Boussac<br \/>\n&#8211; Le Pas du cheval Bayard \u00e0 Reterre<br \/>\n&#8211; La Fontaine du loup \u00e0 Saint-Sulpice-Le-Dunois<br \/>\n&#8211; La Chasse au dahu \u00e0 Bussi\u00e8re-Dunoise<br \/>\n&#8211; Des saints et des d\u00e9mons<br \/>\n&#8211; La Pierre-du-Marteau au Donzeil<br \/>\n&#8211; La Table des chasseurs \u00e0 Saint-Martin-Sainte-Catherine<br \/>\n&#8211; La Querelle des reliques entre Salagnac et Fursac<br \/>\n&#8211; Les Roches de Lavaud-Blanche \u00e0 Saint-\u00c9loi<br \/>\n&#8211; Saint Pardoux et les Sarrasins \u00e0 Gu\u00e9ret<br \/>\n&#8211; La Fontaine de sainte Val\u00e9rie \u00e0 Chambon-sur-Voueize<br \/>\n&#8211; La Fontaine du spectre \u00e0 Saint-Vaury<br \/>\n&#8211; Le Fant\u00f4me et la malade \u00e0 Gu\u00e9ret<br \/>\n&#8211; Le Puits de saint Barbaire \u00e0 Moutier-Rozeille<br \/>\n&#8211; Le Pont du Diable \u00e0 Anz\u00eame<br \/>\n&#8211; Veste-Rouge \u00e0 Gu\u00e9ret<br \/>\n&#8211; La Chapelle de Saint-Jean-de-l\u2019Orme \u00e0 Mourioux<br \/>\n&#8211; Racines historiques<br \/>\n&#8211; Monsgagnier \u00e0 La Souterraine<br \/>\n&#8211; La Mort de la berg\u00e8re \u00e0 Crozant<br \/>\n&#8211; Le Grand-Diable de Saint-Maixant<br \/>\n&#8211; La Dame Darquin \u00e0 Bellefaye<br \/>\n&#8211; La Dame de Crocq<br \/>\n&#8211; Le Sabbat \u00e0 Salagnac<br \/>\n&#8211; Le Condamn\u00e9 sauv\u00e9 par la pucelle \u00e0 La Souterraine<br \/>\n&#8211; Jeanne d\u2019Arc \u00e0 Saint-Sulpice-le-Dunois<br \/>\n&#8211; Bibliographie<br \/>\n&#8211; Illustrations &#8211; Remerciements<\/p>\n","protected":false},"excerpt":{"rendered":"<p>Des pierres qui, certaines nuits, branlent, s\u2019entrouvrent, dansent en rond ou se d\u00e9placent, des miettes de pain transform\u00e9es en rochers, des b\u0153ufs qui parlent, des f\u00e9es aux mamelles sur l\u2019\u00e9paule qui terrorisent passants et lavandi\u00e8res, des reliques qui font jaillir une fontaine miraculeuse\u2026, autant d\u2019incroyables histoires qu\u2019il fallait pourtant croire. En historienne scrupuleuse, No\u00eblle Bertrand [&hellip;]<\/p>\n","protected":false},"featured_media":45369,"template":"","meta":{"_acf_changed":false,"_genesis_hide_title":false,"_genesis_hide_breadcrumbs":false,"_genesis_hide_singular_image":false,"_genesis_hide_footer_widgets":false,"_genesis_custom_body_class":"","_genesis_custom_post_class":"","_genesis_layout":""},"product_brand":[],"product_cat":[7132,7208,7174,7176,7206],"product_tag":[],"class_list":{"0":"post-45366","1":"product","2":"type-product","3":"status-publish","4":"has-post-thumbnail","6":"product_cat-books","7":"product_cat-customs-rites-and-beliefs-en","8":"product_cat-literature-en","9":"product_cat-tales-fables-en","10":"product_cat-traditions-heritage-en","11":"pa_auteur-bertrand-noelle-en","12":"pa_editeur-maiade-en","13":"pa_illustrateur-plault-canto-marion-en","14":"pa_langue-francais-en","15":"entry","17":"first","18":"instock","19":"shipping-taxable","20":"purchasable","21":"product-type-simple"},"acf":[],"_links":{"self":[{"href":"https:\/\/www.libraria-occitana.org\/en\/wp-json\/wp\/v2\/product\/45366","targetHints":{"allow":["GET"]}}],"collection":[{"href":"https:\/\/www.libraria-occitana.org\/en\/wp-json\/wp\/v2\/product"}],"about":[{"href":"https:\/\/www.libraria-occitana.org\/en\/wp-json\/wp\/v2\/types\/product"}],"wp:featuredmedia":[{"embeddable":true,"href":"https:\/\/www.libraria-occitana.org\/en\/wp-json\/wp\/v2\/media\/45369"}],"wp:attachment":[{"href":"https:\/\/www.libraria-occitana.org\/en\/wp-json\/wp\/v2\/media?parent=45366"}],"wp:term":[{"taxonomy":"product_brand","embeddable":true,"href":"https:\/\/www.libraria-occitana.org\/en\/wp-json\/wp\/v2\/product_brand?post=45366"},{"taxonomy":"product_cat","embeddable":true,"href":"https:\/\/www.libraria-occitana.org\/en\/wp-json\/wp\/v2\/product_cat?post=45366"},{"taxonomy":"product_tag","embeddable":true,"href":"https:\/\/www.libraria-occitana.org\/en\/wp-json\/wp\/v2\/product_tag?post=45366"}],"curies":[{"name":"wp","href":"https:\/\/api.w.org\/{rel}","templated":true}]}}