{"id":45384,"date":"2014-12-25T12:35:18","date_gmt":"2014-12-25T11:35:18","guid":{"rendered":"http:\/\/www.libraria-occitana.org\/?post_type=product&#038;p=45384"},"modified":"2026-04-17T00:51:26","modified_gmt":"2026-04-16T22:51:26","slug":"contes-e-racontes-dalbiges-anthologie-du-conte-populaire-occitan-en-midi-pyrenees-5-libre-cd","status":"publish","type":"product","link":"https:\/\/www.libraria-occitana.org\/en\/product\/contes-e-racontes-dalbiges-anthologie-du-conte-populaire-occitan-en-midi-pyrenees-5-libre-cd\/","title":{"rendered":"Contes e racontes d&#8217;Albig\u00e9s &#8211; Anthologie du conte populaire occitan en Midi-Pyr\u00e9n\u00e9es 5 (libre + CD)"},"content":{"rendered":"<p>Ce nouveau tome du conte populaire occitan en Midi-Pyr\u00e9n\u00e9es, porte sur l\u2019ensemble du d\u00e9partement du Tarn, que nous d\u00e9signons ici, comme c\u2019\u00e9tait le cas jadis, sous le vocable d\u2019\u00ab Albig\u00e9s \u00bb. \u00c0 l\u2019image des tomes pr\u00e9c\u00e9dents il rassemble essentiellement des textes de litt\u00e9rature orale collect\u00e9s sur le terrain par le CORDAE\/La Talvera entre 1979 et 2013.<\/p>\n<p>Les contes sont pr\u00e9sent\u00e9s dans leur version occitane apr\u00e8s un commentaire analytique de l\u2019auteur ainsi que la mention de la classification internationale (quand elle est connue), et traduits ensuite en fran\u00e7ais.<\/p>\n<p>Avec CD encart\u00e9.<\/p>\n","protected":false},"excerpt":{"rendered":"<p>Ce nouveau tome du conte populaire occitan en Midi-Pyr\u00e9n\u00e9es, porte sur l\u2019ensemble du d\u00e9partement du Tarn, que nous d\u00e9signons ici, comme c\u2019\u00e9tait le cas jadis, sous le vocable d\u2019\u00ab Albig\u00e9s \u00bb. \u00c0 l\u2019image des tomes pr\u00e9c\u00e9dents il rassemble essentiellement des textes de litt\u00e9rature orale collect\u00e9s sur le terrain par le CORDAE\/La Talvera entre 1979 et [&hellip;]<\/p>\n","protected":false},"featured_media":45387,"template":"","meta":{"_acf_changed":false,"_genesis_hide_title":false,"_genesis_hide_breadcrumbs":false,"_genesis_hide_singular_image":false,"_genesis_hide_footer_widgets":false,"_genesis_custom_body_class":"","_genesis_custom_post_class":"","_genesis_layout":""},"product_brand":[],"product_cat":[7132,7174,7176],"product_tag":[],"class_list":{"0":"post-45384","1":"product","2":"type-product","3":"status-publish","4":"has-post-thumbnail","6":"product_cat-books","7":"product_cat-literature-en","8":"product_cat-tales-fables-en","9":"pa_auteur-loddo-daniel-en","10":"pa_editeur-cordae-la-talvera-en","11":"pa_langue-occitan-lengadocian-en","12":"pa_langue-occitan-francais-en","13":"entry","15":"first","16":"instock","17":"shipping-taxable","18":"purchasable","19":"product-type-simple"},"acf":[],"_links":{"self":[{"href":"https:\/\/www.libraria-occitana.org\/en\/wp-json\/wp\/v2\/product\/45384","targetHints":{"allow":["GET"]}}],"collection":[{"href":"https:\/\/www.libraria-occitana.org\/en\/wp-json\/wp\/v2\/product"}],"about":[{"href":"https:\/\/www.libraria-occitana.org\/en\/wp-json\/wp\/v2\/types\/product"}],"wp:featuredmedia":[{"embeddable":true,"href":"https:\/\/www.libraria-occitana.org\/en\/wp-json\/wp\/v2\/media\/45387"}],"wp:attachment":[{"href":"https:\/\/www.libraria-occitana.org\/en\/wp-json\/wp\/v2\/media?parent=45384"}],"wp:term":[{"taxonomy":"product_brand","embeddable":true,"href":"https:\/\/www.libraria-occitana.org\/en\/wp-json\/wp\/v2\/product_brand?post=45384"},{"taxonomy":"product_cat","embeddable":true,"href":"https:\/\/www.libraria-occitana.org\/en\/wp-json\/wp\/v2\/product_cat?post=45384"},{"taxonomy":"product_tag","embeddable":true,"href":"https:\/\/www.libraria-occitana.org\/en\/wp-json\/wp\/v2\/product_tag?post=45384"}],"curies":[{"name":"wp","href":"https:\/\/api.w.org\/{rel}","templated":true}]}}